{"id":10283,"date":"2025-02-16T18:26:14","date_gmt":"2025-02-16T17:26:14","guid":{"rendered":"https:\/\/lampda.fr\/?page_id=10283"},"modified":"2025-12-04T22:02:08","modified_gmt":"2025-12-04T21:02:08","slug":"nouveau-home","status":"publish","type":"page","link":"https:\/\/lampda.fr\/","title":{"rendered":"Nouveau home"},"content":{"rendered":"\t\t<div data-elementor-type=\"wp-page\" data-elementor-id=\"10283\" class=\"elementor elementor-10283\">\n\t\t\t\t\t\t<section class=\"elementor-section elementor-top-section elementor-element elementor-element-9a45a7f elementor-section-boxed elementor-section-height-default elementor-section-height-default\" data-id=\"9a45a7f\" data-element_type=\"section\" data-e-type=\"section\">\n\t\t\t\t\t\t<div class=\"elementor-container elementor-column-gap-default\">\n\t\t\t\t\t<div class=\"elementor-column elementor-col-100 elementor-top-column elementor-element elementor-element-dff419f\" data-id=\"dff419f\" data-element_type=\"column\" data-e-type=\"column\">\n\t\t\t<div class=\"elementor-widget-wrap elementor-element-populated\">\n\t\t\t\t\t\t<div class=\"elementor-element elementor-element-659d35a elementor-widget elementor-widget-text-editor\" data-id=\"659d35a\" data-element_type=\"widget\" data-e-type=\"widget\" data-widget_type=\"text-editor.default\">\n\t\t\t\t<div class=\"elementor-widget-container\">\n\t\t\t\t\t\t\t\t\t<p class=\"MsoNormal\" style=\"text-align: center;\" align=\"center\"><b><span style=\"font-size: 24.0pt; font-family: 'American Typewriter',serif;\">Cr\u00e9ateur fran\u00e7ais de luminaires<\/span><\/b><\/p>\n<p class=\"MsoNormal\"><span style=\"font-size: 10.0pt;\">\u00a0<\/span><\/p>\n<p>Chaque <strong>lampe<\/strong> est cr\u00e9\u00e9e avec soin \u00e0 partir d\u2019anciens beaux objets chin\u00e9s au coup de c\u0153ur, dans toute la France, avec amour. Chaque pi\u00e8ce est<strong> unique<\/strong>, comme vous. Les lampes sont <strong>num\u00e9rot\u00e9es <\/strong>et <strong>sign\u00e9es<\/strong>.<\/p>\n<p class=\"MsoNormal\" style=\"text-align: justify; margin: 0cm -35.45pt .0001pt -35.45pt;\"><span style=\"font-size: 18.0pt; font-family: 'American Typewriter',serif;\">\u00a0<\/span><\/p>\n<p><style>@font-face<br \/>\n\t{font-family:\"Cambria Math\";<br \/>\n\tpanose-1:2 4 5 3 5 4 6 3 2 4;<br \/>\n\tmso-font-charset:0;<br \/>\n\tmso-generic-font-family:roman;<br \/>\n\tmso-font-pitch:variable;<br \/>\n\tmso-font-signature:-536870145 1107305727 0 0 415 0;}@font-face<br \/>\n\t{font-family:Calibri;<br \/>\n\tpanose-1:2 15 5 2 2 2 4 3 2 4;<br \/>\n\tmso-font-charset:0;<br \/>\n\tmso-generic-font-family:swiss;<br \/>\n\tmso-font-pitch:variable;<br \/>\n\tmso-font-signature:-536859905 -1073732485 9 0 511 0;}@font-face<br \/>\n\t{font-family:\"American Typewriter\";<br \/>\n\tpanose-1:2 9 6 4 2 0 4 2 3 4;<br \/>\n\tmso-font-charset:77;<br \/>\n\tmso-generic-font-family:roman;<br \/>\n\tmso-font-pitch:variable;<br \/>\n\tmso-font-signature:-1610612625 25 0 0 273 0;}p.MsoNormal, li.MsoNormal, div.MsoNormal<br \/>\n\t{mso-style-unhide:no;<br \/>\n\tmso-style-qformat:yes;<br \/>\n\tmso-style-parent:\"\";<br \/>\n\tmargin:0cm;<br \/>\n\tmso-pagination:widow-orphan;<br \/>\n\tfont-size:12.0pt;<br \/>\n\tfont-family:\"Calibri\",sans-serif;<br \/>\n\tmso-ascii-font-family:Calibri;<br \/>\n\tmso-ascii-theme-font:minor-latin;<br \/>\n\tmso-fareast-font-family:Calibri;<br \/>\n\tmso-fareast-theme-font:minor-latin;<br \/>\n\tmso-hansi-font-family:Calibri;<br \/>\n\tmso-hansi-theme-font:minor-latin;<br \/>\n\tmso-bidi-font-family:\"Times New Roman\";<br \/>\n\tmso-bidi-theme-font:minor-bidi;<br \/>\n\tmso-fareast-language:EN-US;}.MsoChpDefault<br \/>\n\t{mso-style-type:export-only;<br \/>\n\tmso-default-props:yes;<br \/>\n\tfont-family:\"Calibri\",sans-serif;<br \/>\n\tmso-ascii-font-family:Calibri;<br \/>\n\tmso-ascii-theme-font:minor-latin;<br \/>\n\tmso-fareast-font-family:Calibri;<br \/>\n\tmso-fareast-theme-font:minor-latin;<br \/>\n\tmso-hansi-font-family:Calibri;<br \/>\n\tmso-hansi-theme-font:minor-latin;<br \/>\n\tmso-bidi-font-family:\"Times New Roman\";<br \/>\n\tmso-bidi-theme-font:minor-bidi;<br \/>\n\tmso-font-kerning:0pt;<br \/>\n\tmso-ligatures:none;<br \/>\n\tmso-fareast-language:EN-US;}div.WordSection1<br \/>\n\t{page:WordSection1;}<\/style><\/p>\t\t\t\t\t\t\t\t<\/div>\n\t\t\t\t<\/div>\n\t\t\t\t\t<\/div>\n\t\t<\/div>\n\t\t\t\t\t<\/div>\n\t\t<\/section>\n\t\t\t\t<section class=\"elementor-section elementor-top-section elementor-element elementor-element-8076aa7 elementor-section-boxed elementor-section-height-default elementor-section-height-default\" data-id=\"8076aa7\" data-element_type=\"section\" data-e-type=\"section\">\n\t\t\t\t\t\t<div class=\"elementor-container elementor-column-gap-default\">\n\t\t\t\t\t<div class=\"elementor-column elementor-col-100 elementor-top-column elementor-element elementor-element-a97c542\" data-id=\"a97c542\" data-element_type=\"column\" data-e-type=\"column\">\n\t\t\t<div class=\"elementor-widget-wrap elementor-element-populated\">\n\t\t\t\t\t\t<div class=\"elementor-element elementor-element-a97f109 elementor-widget elementor-widget-image\" data-id=\"a97f109\" data-element_type=\"widget\" data-e-type=\"widget\" data-widget_type=\"image.default\">\n\t\t\t\t<div class=\"elementor-widget-container\">\n\t\t\t\t\t\t\t\t\t\t\t\t\t\t\t<img fetchpriority=\"high\" decoding=\"async\" data-attachment-id=\"10285\" data-permalink=\"https:\/\/lampda.fr\/index.php\/nouveau-home\/ant_0115-2\/\" data-orig-file=\"https:\/\/i0.wp.com\/lampda.fr\/wp-content\/uploads\/2025\/02\/ANT_0115-2.jpg?fit=1699%2C1700&amp;ssl=1\" data-orig-size=\"1699,1700\" data-comments-opened=\"1\" data-image-meta=\"{&quot;aperture&quot;:&quot;4&quot;,&quot;credit&quot;:&quot;&quot;,&quot;camera&quot;:&quot;NIKON D200&quot;,&quot;caption&quot;:&quot;&quot;,&quot;created_timestamp&quot;:&quot;1732740934&quot;,&quot;copyright&quot;:&quot;&quot;,&quot;focal_length&quot;:&quot;35&quot;,&quot;iso&quot;:&quot;100&quot;,&quot;shutter_speed&quot;:&quot;0.004&quot;,&quot;title&quot;:&quot;&quot;,&quot;orientation&quot;:&quot;1&quot;}\" data-image-title=\"ANT_0115 2\" data-image-description=\"\" data-image-caption=\"\" data-large-file=\"https:\/\/i0.wp.com\/lampda.fr\/wp-content\/uploads\/2025\/02\/ANT_0115-2.jpg?fit=980%2C980&amp;ssl=1\" width=\"980\" height=\"980\" src=\"https:\/\/i0.wp.com\/lampda.fr\/wp-content\/uploads\/2025\/02\/ANT_0115-2.jpg?fit=980%2C980&amp;ssl=1\" class=\"attachment-large size-large wp-image-10285\" alt=\"\" srcset=\"https:\/\/i0.wp.com\/lampda.fr\/wp-content\/uploads\/2025\/02\/ANT_0115-2.jpg?w=1699&amp;ssl=1 1699w, https:\/\/i0.wp.com\/lampda.fr\/wp-content\/uploads\/2025\/02\/ANT_0115-2.jpg?resize=300%2C300&amp;ssl=1 300w, https:\/\/i0.wp.com\/lampda.fr\/wp-content\/uploads\/2025\/02\/ANT_0115-2.jpg?resize=1024%2C1024&amp;ssl=1 1024w, https:\/\/i0.wp.com\/lampda.fr\/wp-content\/uploads\/2025\/02\/ANT_0115-2.jpg?resize=150%2C150&amp;ssl=1 150w, https:\/\/i0.wp.com\/lampda.fr\/wp-content\/uploads\/2025\/02\/ANT_0115-2.jpg?resize=768%2C768&amp;ssl=1 768w, https:\/\/i0.wp.com\/lampda.fr\/wp-content\/uploads\/2025\/02\/ANT_0115-2.jpg?resize=1536%2C1536&amp;ssl=1 1536w, https:\/\/i0.wp.com\/lampda.fr\/wp-content\/uploads\/2025\/02\/ANT_0115-2.jpg?resize=324%2C324&amp;ssl=1 324w, https:\/\/i0.wp.com\/lampda.fr\/wp-content\/uploads\/2025\/02\/ANT_0115-2.jpg?resize=416%2C416&amp;ssl=1 416w, https:\/\/i0.wp.com\/lampda.fr\/wp-content\/uploads\/2025\/02\/ANT_0115-2.jpg?resize=100%2C100&amp;ssl=1 100w, https:\/\/i0.wp.com\/lampda.fr\/wp-content\/uploads\/2025\/02\/ANT_0115-2.jpg?resize=60%2C60&amp;ssl=1 60w, https:\/\/i0.wp.com\/lampda.fr\/wp-content\/uploads\/2025\/02\/ANT_0115-2.jpg?resize=90%2C90&amp;ssl=1 90w\" sizes=\"(max-width: 980px) 100vw, 980px\" data-attachment-id=\"10285\" data-permalink=\"https:\/\/lampda.fr\/index.php\/nouveau-home\/ant_0115-2\/\" data-orig-file=\"https:\/\/i0.wp.com\/lampda.fr\/wp-content\/uploads\/2025\/02\/ANT_0115-2.jpg?fit=1699%2C1700&amp;ssl=1\" data-orig-size=\"1699,1700\" data-comments-opened=\"1\" data-image-meta=\"{&quot;aperture&quot;:&quot;4&quot;,&quot;credit&quot;:&quot;&quot;,&quot;camera&quot;:&quot;NIKON D200&quot;,&quot;caption&quot;:&quot;&quot;,&quot;created_timestamp&quot;:&quot;1732740934&quot;,&quot;copyright&quot;:&quot;&quot;,&quot;focal_length&quot;:&quot;35&quot;,&quot;iso&quot;:&quot;100&quot;,&quot;shutter_speed&quot;:&quot;0.004&quot;,&quot;title&quot;:&quot;&quot;,&quot;orientation&quot;:&quot;1&quot;}\" data-image-title=\"ANT_0115 2\" data-image-description=\"\" data-image-caption=\"\" data-large-file=\"https:\/\/i0.wp.com\/lampda.fr\/wp-content\/uploads\/2025\/02\/ANT_0115-2.jpg?fit=980%2C980&amp;ssl=1\" \/>\t\t\t\t\t\t\t\t\t\t\t\t\t\t\t<\/div>\n\t\t\t\t<\/div>\n\t\t\t\t\t<\/div>\n\t\t<\/div>\n\t\t\t\t\t<\/div>\n\t\t<\/section>\n\t\t\t\t<section class=\"elementor-section elementor-top-section elementor-element elementor-element-fb59747 elementor-section-boxed elementor-section-height-default elementor-section-height-default\" data-id=\"fb59747\" data-element_type=\"section\" data-e-type=\"section\">\n\t\t\t\t\t\t<div class=\"elementor-container elementor-column-gap-default\">\n\t\t\t\t\t<div class=\"elementor-column elementor-col-100 elementor-top-column elementor-element elementor-element-f65899e\" data-id=\"f65899e\" data-element_type=\"column\" data-e-type=\"column\">\n\t\t\t<div class=\"elementor-widget-wrap elementor-element-populated\">\n\t\t\t\t\t\t<div class=\"elementor-element elementor-element-d668188 elementor-widget elementor-widget-text-editor\" data-id=\"d668188\" data-element_type=\"widget\" data-e-type=\"widget\" data-widget_type=\"text-editor.default\">\n\t\t\t\t<div class=\"elementor-widget-container\">\n\t\t\t\t\t\t\t\t\t<p style=\"text-align: center;\"><a href=\"https:\/\/lampda.fr\/index.php\/contact\/\" target=\"_blank\" rel=\"noopener\">Cr\u00e9ons votre lampe personnalis\u00e9e, contactez-nous !<\/a><\/p>\t\t\t\t\t\t\t\t<\/div>\n\t\t\t\t<\/div>\n\t\t\t\t\t<\/div>\n\t\t<\/div>\n\t\t\t\t\t<\/div>\n\t\t<\/section>\n\t\t\t\t<section class=\"elementor-section elementor-top-section elementor-element elementor-element-e5dbf3c elementor-section-boxed elementor-section-height-default elementor-section-height-default\" data-id=\"e5dbf3c\" data-element_type=\"section\" data-e-type=\"section\">\n\t\t\t\t\t\t<div class=\"elementor-container elementor-column-gap-default\">\n\t\t\t\t\t<div class=\"elementor-column elementor-col-100 elementor-top-column elementor-element elementor-element-4fc6f05\" data-id=\"4fc6f05\" data-element_type=\"column\" data-e-type=\"column\">\n\t\t\t<div class=\"elementor-widget-wrap elementor-element-populated\">\n\t\t\t\t\t\t<div class=\"elementor-element elementor-element-9c8871d elementor-widget elementor-widget-heading\" data-id=\"9c8871d\" data-element_type=\"widget\" data-e-type=\"widget\" data-widget_type=\"heading.default\">\n\t\t\t\t<div class=\"elementor-widget-container\">\n\t\t\t\t\t<h2 class=\"elementor-heading-title elementor-size-default\"><a href=\"https:\/\/lampda.fr\/index.php\/categorie-produit\/toutes-les-lampes\/\">Boutique en ligne<\/a><\/h2>\t\t\t\t<\/div>\n\t\t\t\t<\/div>\n\t\t\t\t\t<\/div>\n\t\t<\/div>\n\t\t\t\t\t<\/div>\n\t\t<\/section>\n\t\t\t\t<section class=\"elementor-section elementor-top-section elementor-element elementor-element-b90d3d8 elementor-section-boxed elementor-section-height-default elementor-section-height-default\" data-id=\"b90d3d8\" data-element_type=\"section\" data-e-type=\"section\">\n\t\t\t\t\t\t<div class=\"elementor-container elementor-column-gap-default\">\n\t\t\t\t\t<div class=\"elementor-column elementor-col-100 elementor-top-column elementor-element elementor-element-9f54604\" data-id=\"9f54604\" data-element_type=\"column\" data-e-type=\"column\">\n\t\t\t<div class=\"elementor-widget-wrap elementor-element-populated\">\n\t\t\t\t\t\t<div class=\"elementor-element elementor-element-5386f3e elementor-widget elementor-widget-text-editor\" data-id=\"5386f3e\" data-element_type=\"widget\" data-e-type=\"widget\" data-widget_type=\"text-editor.default\">\n\t\t\t\t<div class=\"elementor-widget-container\">\n\t\t\t\t\t\t\t\t\t<p style=\"text-align: center;\"><a href=\"https:\/\/lampdacinema.etsy.com\" target=\"_blank\" rel=\"noopener\">LAMPDA se diversifie avec LAMPDA cin\u00e9ma ! <\/a><br \/><a href=\"_wp_link_placeholder\">Pour d\u00e9couvrir de jolis porte-cl\u00e9s cr\u00e9\u00e9s \u00e0 partir d&rsquo;authentiques morceau de bobine de cin\u00e9ma 35mm, c&rsquo;est par ici !\u00a0<\/a><\/p>\t\t\t\t\t\t\t\t<\/div>\n\t\t\t\t<\/div>\n\t\t\t\t\t<\/div>\n\t\t<\/div>\n\t\t\t\t\t<\/div>\n\t\t<\/section>\n\t\t\t\t<section class=\"elementor-section elementor-top-section elementor-element elementor-element-bada77f elementor-section-boxed elementor-section-height-default elementor-section-height-default\" data-id=\"bada77f\" data-element_type=\"section\" data-e-type=\"section\">\n\t\t\t\t\t\t<div class=\"elementor-container elementor-column-gap-default\">\n\t\t\t\t\t<div class=\"elementor-column elementor-col-100 elementor-top-column elementor-element elementor-element-b0bde93\" data-id=\"b0bde93\" data-element_type=\"column\" data-e-type=\"column\">\n\t\t\t<div class=\"elementor-widget-wrap elementor-element-populated\">\n\t\t\t\t\t\t<div class=\"elementor-element elementor-element-db3fbc1 elementor-widget elementor-widget-video\" data-id=\"db3fbc1\" data-element_type=\"widget\" data-e-type=\"widget\" data-settings=\"{&quot;video_type&quot;:&quot;hosted&quot;,&quot;controls&quot;:&quot;yes&quot;}\" data-widget_type=\"video.default\">\n\t\t\t\t<div class=\"elementor-widget-container\">\n\t\t\t\t\t\t\t<div class=\"e-hosted-video elementor-wrapper elementor-open-inline\">\n\t\t\t\t\t<video class=\"elementor-video\" src=\"https:\/\/lampda.fr\/wp-content\/uploads\/2020\/04\/LAMPDA-version-couleurs-haute-.mp4.mp4\" controls=\"\" preload=\"metadata\" controlsList=\"nodownload\"><\/video>\n\t\t\t\t<\/div>\n\t\t\t\t\t\t<\/div>\n\t\t\t\t<\/div>\n\t\t\t\t\t<\/div>\n\t\t<\/div>\n\t\t\t\t\t<\/div>\n\t\t<\/section>\n\t\t\t\t<section class=\"elementor-section elementor-top-section elementor-element elementor-element-769df23 elementor-section-boxed elementor-section-height-default elementor-section-height-default\" data-id=\"769df23\" data-element_type=\"section\" data-e-type=\"section\">\n\t\t\t\t\t\t<div class=\"elementor-container elementor-column-gap-default\">\n\t\t\t\t\t<div class=\"elementor-column elementor-col-100 elementor-top-column elementor-element elementor-element-48c131a\" data-id=\"48c131a\" data-element_type=\"column\" data-e-type=\"column\">\n\t\t\t<div class=\"elementor-widget-wrap elementor-element-populated\">\n\t\t\t\t\t\t\t<\/div>\n\t\t<\/div>\n\t\t\t\t\t<\/div>\n\t\t<\/section>\n\t\t\t\t<\/div>\n\t\t","protected":false},"excerpt":{"rendered":"<p>Cr\u00e9ateur fran\u00e7ais de luminaires \u00a0 Chaque lampe est cr\u00e9\u00e9e avec soin \u00e0 partir d\u2019anciens beaux objets chin\u00e9s au coup de c\u0153ur, dans toute la France, avec amour. Chaque pi\u00e8ce est unique, comme vous. Les lampes sont num\u00e9rot\u00e9es et sign\u00e9es. \u00a0 Cr\u00e9ons votre lampe personnalis\u00e9e, contactez-nous ! Boutique en ligne LAMPDA se diversifie avec LAMPDA cin\u00e9ma [&hellip;]<\/p>\n","protected":false},"author":1,"featured_media":0,"parent":0,"menu_order":0,"comment_status":"closed","ping_status":"closed","template":"","meta":{"_monsterinsights_skip_tracking":false,"_monsterinsights_sitenote_active":false,"_monsterinsights_sitenote_note":"","_monsterinsights_sitenote_category":0,"_uf_show_specific_survey":0,"_uf_disable_surveys":false,"jetpack_post_was_ever_published":false,"footnotes":""},"class_list":["post-10283","page","type-page","status-publish","hentry"],"jetpack_sharing_enabled":true,"jetpack_shortlink":"https:\/\/wp.me\/P9Ss9A-2FR","jetpack-related-posts":[{"id":2754,"url":"https:\/\/lampda.fr\/index.php\/latelier\/","url_meta":{"origin":10283,"position":0},"title":"L&rsquo;atelier","author":"Monsieur Lampda","date":"23 avril 2020","format":false,"excerpt":"Antoine, 36 ans, cr\u00e9ateur de LAMPDA : \u00ab\u00a0Pour certains ce sont les Tontons Flingueurs mais pour moi\u2026les Tontons Chineurs\u00a0! Deux de mes oncles m\u2019ont fait d\u00e9couvrir le monde de la brocante dans mes jeunes et tendres ann\u00e9es. Un peu plus tard et apr\u00e8s mes premi\u00e8res amours avec le design, j\u2019ai\u2026","rel":"","context":"Article similaire","block_context":{"text":"Article similaire","link":""},"img":{"alt_text":"","src":"","width":0,"height":0},"classes":[]},{"id":8,"url":"https:\/\/lampda.fr\/index.php\/a-propos-de\/","url_meta":{"origin":10283,"position":1},"title":"\u00c0 propos","author":"Monsieur Lampda","date":"1 mai 2018","format":false,"excerpt":"Antoine, 33 ans, cr\u00e9ateur de LAMPDA\u00a0\u00ab\u00a0Pour certains ce sont les Tontons Flingueurs mais pour moi\u2026les Tontons Chineurs\u00a0! Deux de mes oncles m\u2019ont fait d\u00e9couvrir le monde de la brocante dans mes jeunes et tendres ann\u00e9es. Un peu plus tard et apr\u00e8s mes premi\u00e8res amours avec le design, j\u2019ai eu envie\u2026","rel":"","context":"Article similaire","block_context":{"text":"Article similaire","link":""},"img":{"alt_text":"R\u00e9sultat de recherche d'images pour ","src":"https:\/\/i0.wp.com\/data.photofunky.net\/output\/image\/0\/3\/7\/8\/037878\/photofunky.png?resize=350%2C200&ssl=1","width":350,"height":200},"classes":[]},{"id":2788,"url":"https:\/\/lampda.fr\/index.php\/paiement-securise\/","url_meta":{"origin":10283,"position":2},"title":"Paiement s\u00e9curis\u00e9","author":"Monsieur Lampda","date":"26 avril 2020","format":false,"excerpt":"Votre confort et votre tranquillit\u00e9 d'esprit font bien s\u00fbr partie de nos priorit\u00e9s. Vous pouvez r\u00e9gler vos achats : par carte bancaire via Paypal (sans forc\u00e9ment poss\u00e9der un compte) ou par Stripe.avec votre compte Paypal Ces modes de paiement sont s\u00e9curis\u00e9s, Lampda Vintage ne re\u00e7oit pas vos donn\u00e9es confidentielles. Les\u2026","rel":"","context":"Article similaire","block_context":{"text":"Article similaire","link":""},"img":{"alt_text":"","src":"","width":0,"height":0},"classes":[]},{"id":279,"url":"https:\/\/lampda.fr\/index.php\/a-propos-de\/mentions-legales-et-cgv\/","url_meta":{"origin":10283,"position":3},"title":"Mentions l\u00e9gales et CGV","author":"Monsieur Lampda","date":"27 mai 2018","format":false,"excerpt":"Mentions l\u00e9gales D\u00e9nomination: Lampda Vintage Adresse: 1 chemin de Charmoisy - 74200 Thonon-Les-Bains Siret : 830 933 875 00023APE : 2740Z Entreprise non soumise \u00e0 la TVA (TVA non applicable article 293B du CGI). Conditions G\u00e9n\u00e9rales de Vente (CGV) Article 1 : Champ d\u2019application Les pr\u00e9sentes conditions g\u00e9n\u00e9rales de vente\u2026","rel":"","context":"Article similaire","block_context":{"text":"Article similaire","link":""},"img":{"alt_text":"","src":"","width":0,"height":0},"classes":[]},{"id":3589,"url":"https:\/\/lampda.fr\/index.php\/faq\/","url_meta":{"origin":10283,"position":4},"title":"FAQ","author":"Monsieur Lampda","date":"21 octobre 2020","format":false,"excerpt":"Tant de beaut\u00e9 pose forc\u00e9ment question ! Voici quelques r\u00e9ponses : Tant de g\u00e9nie ! Mais comment ? Et pourquoi ? Et qui se cache derri\u00e8re tout \u00e7a ? Un petit r\u00e9sum\u00e9 de l'aventure LAMPDA se trouve ici. En plus, il y a une belle vid\u00e9o \ud83d\ude42 \u00a0 Mais d'o\u00f9\u2026","rel":"","context":"Article similaire","block_context":{"text":"Article similaire","link":""},"img":{"alt_text":"","src":"","width":0,"height":0},"classes":[]},{"id":9,"url":"https:\/\/lampda.fr\/index.php\/contact\/","url_meta":{"origin":10283,"position":5},"title":"Contact","author":"Monsieur Lampda","date":"1 mai 2018","format":false,"excerpt":"LAMPDA\u00a0con\u00e7oit des lampes \u00e0 poser, des appliques murales et des suspensions. Si vous avez votre propre objet ou une recherche personnelle, il est possible de faire une commande sur-mesure. Pour toute demande, contactez-nous via instagram (@LampdaVintage), utilisez le formulaire ci-dessous, contactez-nous par mail \u00e0 contact@lampda.fr ou par t\u00e9l\u00e9phone au (+33)6\u2026","rel":"","context":"Article similaire","block_context":{"text":"Article similaire","link":""},"img":{"alt_text":"","src":"","width":0,"height":0},"classes":[]}],"_links":{"self":[{"href":"https:\/\/lampda.fr\/index.php\/wp-json\/wp\/v2\/pages\/10283","targetHints":{"allow":["GET"]}}],"collection":[{"href":"https:\/\/lampda.fr\/index.php\/wp-json\/wp\/v2\/pages"}],"about":[{"href":"https:\/\/lampda.fr\/index.php\/wp-json\/wp\/v2\/types\/page"}],"author":[{"embeddable":true,"href":"https:\/\/lampda.fr\/index.php\/wp-json\/wp\/v2\/users\/1"}],"replies":[{"embeddable":true,"href":"https:\/\/lampda.fr\/index.php\/wp-json\/wp\/v2\/comments?post=10283"}],"version-history":[{"count":13,"href":"https:\/\/lampda.fr\/index.php\/wp-json\/wp\/v2\/pages\/10283\/revisions"}],"predecessor-version":[{"id":11588,"href":"https:\/\/lampda.fr\/index.php\/wp-json\/wp\/v2\/pages\/10283\/revisions\/11588"}],"wp:attachment":[{"href":"https:\/\/lampda.fr\/index.php\/wp-json\/wp\/v2\/media?parent=10283"}],"curies":[{"name":"wp","href":"https:\/\/api.w.org\/{rel}","templated":true}]}}