{"id":11589,"date":"2025-12-04T22:05:23","date_gmt":"2025-12-04T21:05:23","guid":{"rendered":"https:\/\/lampda.fr\/?page_id=11589"},"modified":"2025-12-04T22:05:23","modified_gmt":"2025-12-04T21:05:23","slug":"lampda-cinema","status":"publish","type":"page","link":"https:\/\/lampda.fr\/index.php\/lampda-cinema\/","title":{"rendered":"LAMPDA Cin\u00e9ma"},"content":{"rendered":"\n<p><a href=\"https:\/\/lampdacinema.etsy.com\" target=\"_blank\" rel=\"noreferrer noopener\">LAMPDA vient de faire un petit : bienvenue \u00e0 LAMPDA Cin\u00e9ma ! <br>Pour d\u00e9couvrir les jolis porte-cl\u00e9s cr\u00e9\u00e9s \u00e0 partir d&rsquo;authentiques morceaux de film cin\u00e9ma 35mm, c&rsquo;est par ici !<\/a><\/p>\n\n\n\n<p><\/p>\n","protected":false},"excerpt":{"rendered":"<p>LAMPDA vient de faire un petit : bienvenue \u00e0 LAMPDA Cin\u00e9ma ! Pour d\u00e9couvrir les jolis porte-cl\u00e9s cr\u00e9\u00e9s \u00e0 partir d&rsquo;authentiques morceaux de film cin\u00e9ma 35mm, c&rsquo;est par ici !<\/p>\n","protected":false},"author":1,"featured_media":0,"parent":0,"menu_order":0,"comment_status":"closed","ping_status":"closed","template":"","meta":{"_monsterinsights_skip_tracking":false,"_monsterinsights_sitenote_active":false,"_monsterinsights_sitenote_note":"","_monsterinsights_sitenote_category":0,"_uf_show_specific_survey":0,"_uf_disable_surveys":false,"jetpack_post_was_ever_published":false,"footnotes":""},"class_list":["post-11589","page","type-page","status-publish","hentry"],"jetpack_sharing_enabled":true,"jetpack_shortlink":"https:\/\/wp.me\/P9Ss9A-30V","jetpack-related-posts":[{"id":4726,"url":"https:\/\/lampda.fr\/index.php\/boutique-en-ligne\/","url_meta":{"origin":11589,"position":0},"title":"Toutes les lampes Appareil photo\u2026","author":"Monsieur Lampda","date":"2 septembre 2021","format":false,"excerpt":"Toutes les lampes Appareil photo Publicitaire Industriel Cin\u00e9ma Nautique LAMPDA x Pauline Salvan Bon cadeau","rel":"","context":"Article similaire","block_context":{"text":"Article similaire","link":""},"img":{"alt_text":"62030A37-E5D7-4EEE-8E12-5D3B559FE7A8","src":"https:\/\/i0.wp.com\/lampda.fr\/wp-content\/uploads\/2021\/09\/62030A37-E5D7-4EEE-8E12-5D3B559FE7A8-1-100x100.jpg?resize=350%2C200&ssl=1","width":350,"height":200},"classes":[]},{"id":104,"url":"https:\/\/lampda.fr\/index.php\/galerie-photo\/","url_meta":{"origin":11589,"position":1},"title":"Galerie photos","author":"Monsieur Lampda","date":"2 mai 2018","format":false,"excerpt":"Pr\u00e9c\u00e9dent Suivant Certaines lampes sont d\u00e9j\u00e0 vendues.Pour d\u00e9couvrir celles qui sont encore disponibles, c'est par ici :)","rel":"","context":"Article similaire","block_context":{"text":"Article similaire","link":""},"img":{"alt_text":"ALA_2771_site","src":"https:\/\/i0.wp.com\/lampda.fr\/wp-content\/uploads\/2018\/10\/ALA_2771_site-1024x687.jpg?resize=350%2C200&ssl=1","width":350,"height":200,"srcset":"https:\/\/i0.wp.com\/lampda.fr\/wp-content\/uploads\/2018\/10\/ALA_2771_site-1024x687.jpg?resize=350%2C200&ssl=1 1x, https:\/\/i0.wp.com\/lampda.fr\/wp-content\/uploads\/2018\/10\/ALA_2771_site-1024x687.jpg?resize=525%2C300&ssl=1 1.5x, https:\/\/i0.wp.com\/lampda.fr\/wp-content\/uploads\/2018\/10\/ALA_2771_site-1024x687.jpg?resize=700%2C400&ssl=1 2x"},"classes":[]},{"id":10283,"url":"https:\/\/lampda.fr\/","url_meta":{"origin":11589,"position":2},"title":"Nouveau home","author":"Monsieur Lampda","date":"16 f\u00e9vrier 2025","format":false,"excerpt":"Cr\u00e9ateur fran\u00e7ais de luminaires \u00a0 Chaque lampe est cr\u00e9\u00e9e avec soin \u00e0 partir d\u2019anciens beaux objets chin\u00e9s au coup de c\u0153ur, dans toute la France, avec amour. Chaque pi\u00e8ce est unique, comme vous. Les lampes sont num\u00e9rot\u00e9es et sign\u00e9es. \u00a0 Cr\u00e9ons votre lampe personnalis\u00e9e, contactez-nous ! Boutique en ligne LAMPDA\u2026","rel":"","context":"Article similaire","block_context":{"text":"Article similaire","link":""},"img":{"alt_text":"","src":"https:\/\/i0.wp.com\/lampda.fr\/wp-content\/uploads\/2025\/02\/ANT_0115-2-1024x1024.jpg?resize=350%2C200&ssl=1","width":350,"height":200,"srcset":"https:\/\/i0.wp.com\/lampda.fr\/wp-content\/uploads\/2025\/02\/ANT_0115-2-1024x1024.jpg?resize=350%2C200&ssl=1 1x, https:\/\/i0.wp.com\/lampda.fr\/wp-content\/uploads\/2025\/02\/ANT_0115-2-1024x1024.jpg?resize=525%2C300&ssl=1 1.5x, https:\/\/i0.wp.com\/lampda.fr\/wp-content\/uploads\/2025\/02\/ANT_0115-2-1024x1024.jpg?resize=700%2C400&ssl=1 2x"},"classes":[]},{"id":7,"url":"https:\/\/lampda.fr\/index.php\/accueil\/","url_meta":{"origin":11589,"position":3},"title":"Accueil","author":"Monsieur Lampda","date":"1 mai 2018","format":false,"excerpt":"\u27a1\ufe0f BOUTIQUE EN LIGNE \u2b05\ufe0f Lampda est une marque fran\u00e7aise de lampes design\u00e9es \u00e0 partir de vieux beaux objets d\u00e9tourn\u00e9s. Look vintage et industriel garanti ! Toutes nos cr\u00e9ations sont uniques, artisanales, 100% faites main en France, sign\u00e9es et inscrites dans les concepts de l\u2019upcycling.https:\/\/lampda.fr\/wp-content\/uploads\/2020\/04\/LAMPDA-version-couleurs-haute-.mp4.mp4","rel":"","context":"Article similaire","block_context":{"text":"Article similaire","link":""},"img":{"alt_text":"","src":"https:\/\/i0.wp.com\/lampda.fr\/wp-content\/uploads\/2020\/04\/LAMPDA-e%CC%81te%CC%81-1-1024x441.jpg?resize=350%2C200&ssl=1","width":350,"height":200,"srcset":"https:\/\/i0.wp.com\/lampda.fr\/wp-content\/uploads\/2020\/04\/LAMPDA-e%CC%81te%CC%81-1-1024x441.jpg?resize=350%2C200&ssl=1 1x, https:\/\/i0.wp.com\/lampda.fr\/wp-content\/uploads\/2020\/04\/LAMPDA-e%CC%81te%CC%81-1-1024x441.jpg?resize=525%2C300&ssl=1 1.5x, https:\/\/i0.wp.com\/lampda.fr\/wp-content\/uploads\/2020\/04\/LAMPDA-e%CC%81te%CC%81-1-1024x441.jpg?resize=700%2C400&ssl=1 2x"},"classes":[]},{"id":301,"url":"https:\/\/lampda.fr\/index.php\/presse\/","url_meta":{"origin":11589,"position":4},"title":"Presse","author":"Monsieur Lampda","date":"27 mai 2018","format":false,"excerpt":"LAMPDA s'expose\u2026dans Sept \u00e0 Huit sur TF1 ! Au milieu des belles cr\u00e9ations des amis de chez PoooW ! Article du journal Le Messager - Vanessa De Carvalho - 11\/06\/2020 T\u00e9l\u00e9charger le dossier de presse Lampda ici.","rel":"","context":"Article similaire","block_context":{"text":"Article similaire","link":""},"img":{"alt_text":"Article Le Messager 11\/06\/2020","src":"https:\/\/i0.wp.com\/lampda.fr\/wp-content\/uploads\/2020\/06\/Capture-d%E2%80%99e%CC%81cran-2020-06-13-a%CC%80-14.14.01.png?resize=350%2C200&ssl=1","width":350,"height":200,"srcset":"https:\/\/i0.wp.com\/lampda.fr\/wp-content\/uploads\/2020\/06\/Capture-d%E2%80%99e%CC%81cran-2020-06-13-a%CC%80-14.14.01.png?resize=350%2C200&ssl=1 1x, https:\/\/i0.wp.com\/lampda.fr\/wp-content\/uploads\/2020\/06\/Capture-d%E2%80%99e%CC%81cran-2020-06-13-a%CC%80-14.14.01.png?resize=525%2C300&ssl=1 1.5x, https:\/\/i0.wp.com\/lampda.fr\/wp-content\/uploads\/2020\/06\/Capture-d%E2%80%99e%CC%81cran-2020-06-13-a%CC%80-14.14.01.png?resize=700%2C400&ssl=1 2x, https:\/\/i0.wp.com\/lampda.fr\/wp-content\/uploads\/2020\/06\/Capture-d%E2%80%99e%CC%81cran-2020-06-13-a%CC%80-14.14.01.png?resize=1050%2C600&ssl=1 3x, https:\/\/i0.wp.com\/lampda.fr\/wp-content\/uploads\/2020\/06\/Capture-d%E2%80%99e%CC%81cran-2020-06-13-a%CC%80-14.14.01.png?resize=1400%2C800&ssl=1 4x"},"classes":[]},{"id":2788,"url":"https:\/\/lampda.fr\/index.php\/paiement-securise\/","url_meta":{"origin":11589,"position":5},"title":"Paiement s\u00e9curis\u00e9","author":"Monsieur Lampda","date":"26 avril 2020","format":false,"excerpt":"Votre confort et votre tranquillit\u00e9 d'esprit font bien s\u00fbr partie de nos priorit\u00e9s. Vous pouvez r\u00e9gler vos achats : par carte bancaire via Paypal (sans forc\u00e9ment poss\u00e9der un compte) ou par Stripe.avec votre compte Paypal Ces modes de paiement sont s\u00e9curis\u00e9s, Lampda Vintage ne re\u00e7oit pas vos donn\u00e9es confidentielles. Les\u2026","rel":"","context":"Article similaire","block_context":{"text":"Article similaire","link":""},"img":{"alt_text":"","src":"","width":0,"height":0},"classes":[]}],"_links":{"self":[{"href":"https:\/\/lampda.fr\/index.php\/wp-json\/wp\/v2\/pages\/11589","targetHints":{"allow":["GET"]}}],"collection":[{"href":"https:\/\/lampda.fr\/index.php\/wp-json\/wp\/v2\/pages"}],"about":[{"href":"https:\/\/lampda.fr\/index.php\/wp-json\/wp\/v2\/types\/page"}],"author":[{"embeddable":true,"href":"https:\/\/lampda.fr\/index.php\/wp-json\/wp\/v2\/users\/1"}],"replies":[{"embeddable":true,"href":"https:\/\/lampda.fr\/index.php\/wp-json\/wp\/v2\/comments?post=11589"}],"version-history":[{"count":1,"href":"https:\/\/lampda.fr\/index.php\/wp-json\/wp\/v2\/pages\/11589\/revisions"}],"predecessor-version":[{"id":11591,"href":"https:\/\/lampda.fr\/index.php\/wp-json\/wp\/v2\/pages\/11589\/revisions\/11591"}],"wp:attachment":[{"href":"https:\/\/lampda.fr\/index.php\/wp-json\/wp\/v2\/media?parent=11589"}],"curies":[{"name":"wp","href":"https:\/\/api.w.org\/{rel}","templated":true}]}}