{"id":2492,"date":"2020-04-15T12:29:45","date_gmt":"2020-04-15T10:29:45","guid":{"rendered":"https:\/\/lampda.fr\/?page_id=2492"},"modified":"2020-04-15T12:29:45","modified_gmt":"2020-04-15T10:29:45","slug":"professionnels","status":"publish","type":"page","link":"https:\/\/lampda.fr\/index.php\/professionnels\/","title":{"rendered":"Professionnels"},"content":{"rendered":"\n<p>Vous avez la gestion d&rsquo;une boutique, d&rsquo;un restaurant, d&rsquo;un h\u00f4tel, vous \u00eatre d\u00e9corateur.trice, vous voulez discuter d&rsquo;un partenariat ou vous travaillez avec un m\u00e9dia, contactez Antoine par mail \u00e0 <a rel=\"noreferrer noopener\" aria-label=\"antoine.viault@lampda.fr (s\u2019ouvre dans un nouvel onglet)\" href=\"mailto:antoine.viault@lampda.fr\" target=\"_blank\">antoine.viault@lampda.fr<\/a> ou par t\u00e9l\u00e9phone au 0622975085.<\/p>\n","protected":false},"excerpt":{"rendered":"<p>Vous avez la gestion d&rsquo;une boutique, d&rsquo;un restaurant, d&rsquo;un h\u00f4tel, vous \u00eatre d\u00e9corateur.trice, vous voulez discuter d&rsquo;un partenariat ou vous travaillez avec un m\u00e9dia, contactez Antoine par mail \u00e0 antoine.viault@lampda.fr ou par t\u00e9l\u00e9phone au 0622975085.<\/p>\n","protected":false},"author":1,"featured_media":0,"parent":0,"menu_order":0,"comment_status":"closed","ping_status":"closed","template":"","meta":{"_monsterinsights_skip_tracking":false,"_monsterinsights_sitenote_active":false,"_monsterinsights_sitenote_note":"","_monsterinsights_sitenote_category":0,"_uf_show_specific_survey":0,"_uf_disable_surveys":false,"jetpack_post_was_ever_published":false,"footnotes":""},"class_list":["post-2492","page","type-page","status-publish","hentry"],"jetpack_sharing_enabled":true,"jetpack_shortlink":"https:\/\/wp.me\/P9Ss9A-Ec","jetpack-related-posts":[{"id":279,"url":"https:\/\/lampda.fr\/index.php\/a-propos-de\/mentions-legales-et-cgv\/","url_meta":{"origin":2492,"position":0},"title":"Mentions l\u00e9gales et CGV","author":"Monsieur Lampda","date":"27 mai 2018","format":false,"excerpt":"Mentions l\u00e9gales D\u00e9nomination: Lampda Vintage Adresse: 1 chemin de Charmoisy - 74200 Thonon-Les-Bains Siret : 830 933 875 00023APE : 2740Z Entreprise non soumise \u00e0 la TVA (TVA non applicable article 293B du CGI). Conditions G\u00e9n\u00e9rales de Vente (CGV) Article 1 : Champ d\u2019application Les pr\u00e9sentes conditions g\u00e9n\u00e9rales de vente\u2026","rel":"","context":"Article similaire","block_context":{"text":"Article similaire","link":""},"img":{"alt_text":"","src":"","width":0,"height":0},"classes":[]},{"id":3589,"url":"https:\/\/lampda.fr\/index.php\/faq\/","url_meta":{"origin":2492,"position":1},"title":"FAQ","author":"Monsieur Lampda","date":"21 octobre 2020","format":false,"excerpt":"Tant de beaut\u00e9 pose forc\u00e9ment question ! Voici quelques r\u00e9ponses : Tant de g\u00e9nie ! Mais comment ? Et pourquoi ? Et qui se cache derri\u00e8re tout \u00e7a ? Un petit r\u00e9sum\u00e9 de l'aventure LAMPDA se trouve ici. En plus, il y a une belle vid\u00e9o \ud83d\ude42 \u00a0 Mais d'o\u00f9\u2026","rel":"","context":"Article similaire","block_context":{"text":"Article similaire","link":""},"img":{"alt_text":"","src":"","width":0,"height":0},"classes":[]},{"id":2788,"url":"https:\/\/lampda.fr\/index.php\/paiement-securise\/","url_meta":{"origin":2492,"position":2},"title":"Paiement s\u00e9curis\u00e9","author":"Monsieur Lampda","date":"26 avril 2020","format":false,"excerpt":"Votre confort et votre tranquillit\u00e9 d'esprit font bien s\u00fbr partie de nos priorit\u00e9s. Vous pouvez r\u00e9gler vos achats : par carte bancaire via Paypal (sans forc\u00e9ment poss\u00e9der un compte) ou par Stripe.avec votre compte Paypal Ces modes de paiement sont s\u00e9curis\u00e9s, Lampda Vintage ne re\u00e7oit pas vos donn\u00e9es confidentielles. Les\u2026","rel":"","context":"Article similaire","block_context":{"text":"Article similaire","link":""},"img":{"alt_text":"","src":"","width":0,"height":0},"classes":[]},{"id":9,"url":"https:\/\/lampda.fr\/index.php\/contact\/","url_meta":{"origin":2492,"position":3},"title":"Contact","author":"Monsieur Lampda","date":"1 mai 2018","format":false,"excerpt":"LAMPDA\u00a0con\u00e7oit des lampes \u00e0 poser, des appliques murales et des suspensions. Si vous avez votre propre objet ou une recherche personnelle, il est possible de faire une commande sur-mesure. Pour toute demande, contactez-nous via instagram (@LampdaVintage), utilisez le formulaire ci-dessous, contactez-nous par mail \u00e0 contact@lampda.fr ou par t\u00e9l\u00e9phone au (+33)6\u2026","rel":"","context":"Article similaire","block_context":{"text":"Article similaire","link":""},"img":{"alt_text":"","src":"","width":0,"height":0},"classes":[]},{"id":287,"url":"https:\/\/lampda.fr\/index.php\/commande-speciale\/","url_meta":{"origin":2492,"position":4},"title":"Commande sp\u00e9ciale","author":"Monsieur Lampda","date":"27 mai 2018","format":false,"excerpt":"Faites comme Julien, Anna, C\u00e9line, Pierre-Thomas, Mohamed, Nicolas... Mais pas comme toute le monde !LAMPDA transforme aussi vos objets \u00e0 la demande. Vous avez un petit tr\u00e9sor de famille ou vous avez craqu\u00e9 sur une merveille en brocante, contactez-nous !Vous pouvez nous \u00e9crire un mail \u00e0\u00a0contact@lampda.fr. Nous \u00e9changerons pour que\u2026","rel":"","context":"Article similaire","block_context":{"text":"Article similaire","link":""},"img":{"alt_text":"","src":"","width":0,"height":0},"classes":[]},{"id":295,"url":"https:\/\/lampda.fr\/index.php\/ou-nous-trouver\/","url_meta":{"origin":2492,"position":5},"title":"O\u00f9 nous trouver ?","author":"Monsieur Lampda","date":"27 janvier 2020","format":false,"excerpt":"\u00a0Faites (-vous-) plaisir sur la boutique en ligne ou dans nos belles boutiques partenaires.Vive l'artisanat fran\u00e7ais ! \ud83d\udc13\ud83c\uddeb\ud83c\uddf7Toutes nos cr\u00e9ations sont uniques. Vous pouvez en d\u00e9couvrir de nouvelles dans les boutiques suivantes : Pooow ! \u2013 Les Ateliers Gait\u00e9 \u2013 PARIS XIVPoooW ! - Gare Montparnasse - PARIS XVPoooW !\u2026","rel":"","context":"Article similaire","block_context":{"text":"Article similaire","link":""},"img":{"alt_text":"","src":"","width":0,"height":0},"classes":[]}],"_links":{"self":[{"href":"https:\/\/lampda.fr\/index.php\/wp-json\/wp\/v2\/pages\/2492","targetHints":{"allow":["GET"]}}],"collection":[{"href":"https:\/\/lampda.fr\/index.php\/wp-json\/wp\/v2\/pages"}],"about":[{"href":"https:\/\/lampda.fr\/index.php\/wp-json\/wp\/v2\/types\/page"}],"author":[{"embeddable":true,"href":"https:\/\/lampda.fr\/index.php\/wp-json\/wp\/v2\/users\/1"}],"replies":[{"embeddable":true,"href":"https:\/\/lampda.fr\/index.php\/wp-json\/wp\/v2\/comments?post=2492"}],"version-history":[{"count":1,"href":"https:\/\/lampda.fr\/index.php\/wp-json\/wp\/v2\/pages\/2492\/revisions"}],"predecessor-version":[{"id":2495,"href":"https:\/\/lampda.fr\/index.php\/wp-json\/wp\/v2\/pages\/2492\/revisions\/2495"}],"wp:attachment":[{"href":"https:\/\/lampda.fr\/index.php\/wp-json\/wp\/v2\/media?parent=2492"}],"curies":[{"name":"wp","href":"https:\/\/api.w.org\/{rel}","templated":true}]}}