{"id":2754,"date":"2020-04-23T12:08:32","date_gmt":"2020-04-23T10:08:32","guid":{"rendered":"https:\/\/lampda.fr\/?page_id=2754"},"modified":"2025-02-16T18:34:15","modified_gmt":"2025-02-16T17:34:15","slug":"latelier","status":"publish","type":"page","link":"https:\/\/lampda.fr\/index.php\/latelier\/","title":{"rendered":"L&rsquo;atelier"},"content":{"rendered":"\t\t<div data-elementor-type=\"wp-page\" data-elementor-id=\"2754\" class=\"elementor elementor-2754\">\n\t\t\t\t\t\t<section class=\"elementor-section elementor-top-section elementor-element elementor-element-cb7f32d elementor-section-boxed elementor-section-height-default elementor-section-height-default\" data-id=\"cb7f32d\" data-element_type=\"section\" data-e-type=\"section\">\n\t\t\t\t\t\t<div class=\"elementor-container elementor-column-gap-default\">\n\t\t\t\t\t<div class=\"elementor-column elementor-col-100 elementor-top-column elementor-element elementor-element-dee636c\" data-id=\"dee636c\" data-element_type=\"column\" data-e-type=\"column\">\n\t\t\t<div class=\"elementor-widget-wrap elementor-element-populated\">\n\t\t\t\t\t\t<div class=\"elementor-element elementor-element-a419ae2 elementor-widget elementor-widget-text-editor\" data-id=\"a419ae2\" data-element_type=\"widget\" data-e-type=\"widget\" data-widget_type=\"text-editor.default\">\n\t\t\t\t<div class=\"elementor-widget-container\">\n\t\t\t\t\t\t\t\t\t<p><span style=\"color: #0000ff;\"><strong>Antoine<\/strong>, 36 ans, cr\u00e9ateur de LAMPDA : <br \/><\/span><\/p><p class=\"MsoNormal\" style=\"text-align: justify;\"><span style=\"font-size: 11.0pt; font-family: Helvetica;\">\u00ab\u00a0Pour certains ce sont les Tontons Flingueurs mais pour moi\u2026les Tontons Chineurs\u00a0! Deux de mes oncles m\u2019ont fait d\u00e9couvrir le monde de la brocante dans mes jeunes et tendres ann\u00e9es. Un peu plus tard et apr\u00e8s mes premi\u00e8res amours avec le design, j\u2019ai eu envie de proposer des luminaires qui me parlent et me ressemblent. En 2017, LAMPDA est n\u00e9e\u00a0!<\/span><\/p><p class=\"MsoNormal\" style=\"text-align: justify;\"><span style=\"font-size: 11.0pt; font-family: Helvetica;\">Depuis, je suis perp\u00e9tuellement \u00e0 la recherche de beaux objets, faits dans de beaux mat\u00e9riaux auxquels les traces de v\u00e9cu apportent du charme. L\u2019id\u00e9e de la transformation nait tout de suite, ou des mois plus tard. Et je cr\u00e9e chaque lampe avec amour, comme si je la destinais \u00e0 \u00eatre expos\u00e9e chez moi.\u00a0\u00bb<\/span><\/p><p><style>@font-face<br \/>\t{font-family:Helvetica;<br \/>\tpanose-1:0 0 0 0 0 0 0 0 0 0;<br \/>\tmso-font-charset:0;<br \/>\tmso-generic-font-family:auto;<br \/>\tmso-font-pitch:variable;<br \/>\tmso-font-signature:-536870145 1342208091 0 0 415 0;}@font-face<br \/>\t{font-family:\"Cambria Math\";<br \/>\tpanose-1:2 4 5 3 5 4 6 3 2 4;<br \/>\tmso-font-charset:0;<br \/>\tmso-generic-font-family:roman;<br \/>\tmso-font-pitch:variable;<br \/>\tmso-font-signature:-536870145 1107305727 0 0 415 0;}@font-face<br \/>\t{font-family:Calibri;<br \/>\tpanose-1:2 15 5 2 2 2 4 3 2 4;<br \/>\tmso-font-charset:0;<br \/>\tmso-generic-font-family:swiss;<br \/>\tmso-font-pitch:variable;<br \/>\tmso-font-signature:-536859905 -1073732485 9 0 511 0;}p.MsoNormal, li.MsoNormal, div.MsoNormal<br \/>\t{mso-style-unhide:no;<br \/>\tmso-style-qformat:yes;<br \/>\tmso-style-parent:\"\";<br \/>\tmargin:0cm;<br \/>\tmso-pagination:widow-orphan;<br \/>\tfont-size:12.0pt;<br \/>\tfont-family:\"Calibri\",sans-serif;<br \/>\tmso-ascii-font-family:Calibri;<br \/>\tmso-ascii-theme-font:minor-latin;<br \/>\tmso-fareast-font-family:Calibri;<br \/>\tmso-fareast-theme-font:minor-latin;<br \/>\tmso-hansi-font-family:Calibri;<br \/>\tmso-hansi-theme-font:minor-latin;<br \/>\tmso-bidi-font-family:\"Times New Roman\";<br \/>\tmso-bidi-theme-font:minor-bidi;<br \/>\tmso-fareast-language:EN-US;}.MsoChpDefault<br \/>\t{mso-style-type:export-only;<br \/>\tmso-default-props:yes;<br \/>\tfont-family:\"Calibri\",sans-serif;<br \/>\tmso-ascii-font-family:Calibri;<br \/>\tmso-ascii-theme-font:minor-latin;<br \/>\tmso-fareast-font-family:Calibri;<br \/>\tmso-fareast-theme-font:minor-latin;<br \/>\tmso-hansi-font-family:Calibri;<br \/>\tmso-hansi-theme-font:minor-latin;<br \/>\tmso-bidi-font-family:\"Times New Roman\";<br \/>\tmso-bidi-theme-font:minor-bidi;<br \/>\tmso-fareast-language:EN-US;}div.WordSection1<br \/>\t{page:WordSection1;}<\/style><\/p><p><span style=\"color: #0000ff;\">\u00a0<\/span><\/p><p style=\"text-align: center;\"><a href=\"https:\/\/lampda.fr\/index.php\/faq\/\"><strong><span style=\"color: #0000ff;\">Vous voulez en savoir encore plus ? Cliquez ici !<\/span><\/strong><\/a><\/p>\t\t\t\t\t\t\t\t<\/div>\n\t\t\t\t<\/div>\n\t\t\t\t\t<\/div>\n\t\t<\/div>\n\t\t\t\t\t<\/div>\n\t\t<\/section>\n\t\t\t\t<section class=\"elementor-section elementor-top-section elementor-element elementor-element-bea307d elementor-section-boxed elementor-section-height-default elementor-section-height-default\" data-id=\"bea307d\" data-element_type=\"section\" data-e-type=\"section\">\n\t\t\t\t\t\t<div class=\"elementor-container elementor-column-gap-default\">\n\t\t\t\t\t<div class=\"elementor-column elementor-col-100 elementor-top-column elementor-element elementor-element-40517a0\" data-id=\"40517a0\" data-element_type=\"column\" data-e-type=\"column\">\n\t\t\t<div class=\"elementor-widget-wrap elementor-element-populated\">\n\t\t\t\t\t\t<div class=\"elementor-element elementor-element-97f8387 elementor-widget elementor-widget-text-editor\" data-id=\"97f8387\" data-element_type=\"widget\" data-e-type=\"widget\" data-widget_type=\"text-editor.default\">\n\t\t\t\t<div class=\"elementor-widget-container\">\n\t\t\t\t\t\t\t\t\t<p style=\"text-align: center;\"><span style=\"color: #0000ff;\">L&rsquo;atelier se trouve maintenant \u00e0 Thonon-les-Bains, entre lac et montagne, en Haute-Savoie.<\/span><\/p>\t\t\t\t\t\t\t\t<\/div>\n\t\t\t\t<\/div>\n\t\t\t\t\t<\/div>\n\t\t<\/div>\n\t\t\t\t\t<\/div>\n\t\t<\/section>\n\t\t\t\t<section class=\"elementor-section elementor-top-section elementor-element elementor-element-c16e130 elementor-section-boxed elementor-section-height-default elementor-section-height-default\" data-id=\"c16e130\" data-element_type=\"section\" data-e-type=\"section\">\n\t\t\t\t\t\t<div class=\"elementor-container elementor-column-gap-default\">\n\t\t\t\t\t<div class=\"elementor-column elementor-col-100 elementor-top-column elementor-element elementor-element-2ef2245\" data-id=\"2ef2245\" data-element_type=\"column\" data-e-type=\"column\">\n\t\t\t<div class=\"elementor-widget-wrap elementor-element-populated\">\n\t\t\t\t\t\t<div class=\"elementor-element elementor-element-e9bd9ef elementor-widget elementor-widget-video\" data-id=\"e9bd9ef\" data-element_type=\"widget\" data-e-type=\"widget\" data-settings=\"{&quot;video_type&quot;:&quot;hosted&quot;,&quot;controls&quot;:&quot;yes&quot;}\" data-widget_type=\"video.default\">\n\t\t\t\t<div class=\"elementor-widget-container\">\n\t\t\t\t\t\t\t<div class=\"e-hosted-video elementor-wrapper elementor-open-inline\">\n\t\t\t\t\t<video class=\"elementor-video\" src=\"https:\/\/lampda.fr\/wp-content\/uploads\/2020\/04\/LAMPDA-version-couleurs-haute-.mp4.mp4\" controls=\"\" preload=\"metadata\" controlsList=\"nodownload\" poster=\"https:\/\/lampda.fr\/wp-content\/uploads\/2020\/04\/Capture-d\u2019e\u0301cran-2020-04-23-a\u0300-22.46.31.png\"><\/video>\n\t\t\t\t<\/div>\n\t\t\t\t\t\t<\/div>\n\t\t\t\t<\/div>\n\t\t\t\t\t<\/div>\n\t\t<\/div>\n\t\t\t\t\t<\/div>\n\t\t<\/section>\n\t\t\t\t<\/div>\n\t\t","protected":false},"excerpt":{"rendered":"<p>Antoine, 36 ans, cr\u00e9ateur de LAMPDA : \u00ab\u00a0Pour certains ce sont les Tontons Flingueurs mais pour moi\u2026les Tontons Chineurs\u00a0! Deux de mes oncles m\u2019ont fait d\u00e9couvrir le monde de la brocante dans mes jeunes et tendres ann\u00e9es. Un peu plus tard et apr\u00e8s mes premi\u00e8res amours avec le design, j\u2019ai eu envie de proposer des [&hellip;]<\/p>\n","protected":false},"author":1,"featured_media":0,"parent":0,"menu_order":0,"comment_status":"closed","ping_status":"closed","template":"","meta":{"_monsterinsights_skip_tracking":false,"_monsterinsights_sitenote_active":false,"_monsterinsights_sitenote_note":"","_monsterinsights_sitenote_category":0,"_uf_show_specific_survey":0,"_uf_disable_surveys":false,"jetpack_post_was_ever_published":false,"footnotes":""},"class_list":["post-2754","page","type-page","status-publish","hentry"],"jetpack_sharing_enabled":true,"jetpack_shortlink":"https:\/\/wp.me\/P9Ss9A-Iq","jetpack-related-posts":[{"id":8,"url":"https:\/\/lampda.fr\/index.php\/a-propos-de\/","url_meta":{"origin":2754,"position":0},"title":"\u00c0 propos","author":"Monsieur Lampda","date":"1 mai 2018","format":false,"excerpt":"Antoine, 33 ans, cr\u00e9ateur de LAMPDA\u00a0\u00ab\u00a0Pour certains ce sont les Tontons Flingueurs mais pour moi\u2026les Tontons Chineurs\u00a0! Deux de mes oncles m\u2019ont fait d\u00e9couvrir le monde de la brocante dans mes jeunes et tendres ann\u00e9es. Un peu plus tard et apr\u00e8s mes premi\u00e8res amours avec le design, j\u2019ai eu envie\u2026","rel":"","context":"Article similaire","block_context":{"text":"Article similaire","link":""},"img":{"alt_text":"R\u00e9sultat de recherche d'images pour ","src":"https:\/\/i0.wp.com\/data.photofunky.net\/output\/image\/0\/3\/7\/8\/037878\/photofunky.png?resize=350%2C200&ssl=1","width":350,"height":200},"classes":[]},{"id":10283,"url":"https:\/\/lampda.fr\/","url_meta":{"origin":2754,"position":1},"title":"Nouveau home","author":"Monsieur Lampda","date":"16 f\u00e9vrier 2025","format":false,"excerpt":"Cr\u00e9ateur fran\u00e7ais de luminaires \u00a0 Chaque lampe est cr\u00e9\u00e9e avec soin \u00e0 partir d\u2019anciens beaux objets chin\u00e9s au coup de c\u0153ur, dans toute la France, avec amour. Chaque pi\u00e8ce est unique, comme vous. Les lampes sont num\u00e9rot\u00e9es et sign\u00e9es. \u00a0 Cr\u00e9ons votre lampe personnalis\u00e9e, contactez-nous ! Boutique en ligne LAMPDA\u2026","rel":"","context":"Article similaire","block_context":{"text":"Article similaire","link":""},"img":{"alt_text":"","src":"https:\/\/i0.wp.com\/lampda.fr\/wp-content\/uploads\/2025\/02\/ANT_0115-2-1024x1024.jpg?resize=350%2C200&ssl=1","width":350,"height":200,"srcset":"https:\/\/i0.wp.com\/lampda.fr\/wp-content\/uploads\/2025\/02\/ANT_0115-2-1024x1024.jpg?resize=350%2C200&ssl=1 1x, https:\/\/i0.wp.com\/lampda.fr\/wp-content\/uploads\/2025\/02\/ANT_0115-2-1024x1024.jpg?resize=525%2C300&ssl=1 1.5x, https:\/\/i0.wp.com\/lampda.fr\/wp-content\/uploads\/2025\/02\/ANT_0115-2-1024x1024.jpg?resize=700%2C400&ssl=1 2x"},"classes":[]},{"id":3589,"url":"https:\/\/lampda.fr\/index.php\/faq\/","url_meta":{"origin":2754,"position":2},"title":"FAQ","author":"Monsieur Lampda","date":"21 octobre 2020","format":false,"excerpt":"Tant de beaut\u00e9 pose forc\u00e9ment question ! Voici quelques r\u00e9ponses : Tant de g\u00e9nie ! Mais comment ? Et pourquoi ? Et qui se cache derri\u00e8re tout \u00e7a ? Un petit r\u00e9sum\u00e9 de l'aventure LAMPDA se trouve ici. En plus, il y a une belle vid\u00e9o \ud83d\ude42 \u00a0 Mais d'o\u00f9\u2026","rel":"","context":"Article similaire","block_context":{"text":"Article similaire","link":""},"img":{"alt_text":"","src":"","width":0,"height":0},"classes":[]},{"id":2788,"url":"https:\/\/lampda.fr\/index.php\/paiement-securise\/","url_meta":{"origin":2754,"position":3},"title":"Paiement s\u00e9curis\u00e9","author":"Monsieur Lampda","date":"26 avril 2020","format":false,"excerpt":"Votre confort et votre tranquillit\u00e9 d'esprit font bien s\u00fbr partie de nos priorit\u00e9s. Vous pouvez r\u00e9gler vos achats : par carte bancaire via Paypal (sans forc\u00e9ment poss\u00e9der un compte) ou par Stripe.avec votre compte Paypal Ces modes de paiement sont s\u00e9curis\u00e9s, Lampda Vintage ne re\u00e7oit pas vos donn\u00e9es confidentielles. Les\u2026","rel":"","context":"Article similaire","block_context":{"text":"Article similaire","link":""},"img":{"alt_text":"","src":"","width":0,"height":0},"classes":[]},{"id":279,"url":"https:\/\/lampda.fr\/index.php\/a-propos-de\/mentions-legales-et-cgv\/","url_meta":{"origin":2754,"position":4},"title":"Mentions l\u00e9gales et CGV","author":"Monsieur Lampda","date":"27 mai 2018","format":false,"excerpt":"Mentions l\u00e9gales D\u00e9nomination: Lampda Vintage Adresse: 1 chemin de Charmoisy - 74200 Thonon-Les-Bains Siret : 830 933 875 00023APE : 2740Z Entreprise non soumise \u00e0 la TVA (TVA non applicable article 293B du CGI). Conditions G\u00e9n\u00e9rales de Vente (CGV) Article 1 : Champ d\u2019application Les pr\u00e9sentes conditions g\u00e9n\u00e9rales de vente\u2026","rel":"","context":"Article similaire","block_context":{"text":"Article similaire","link":""},"img":{"alt_text":"","src":"","width":0,"height":0},"classes":[]},{"id":7,"url":"https:\/\/lampda.fr\/index.php\/accueil\/","url_meta":{"origin":2754,"position":5},"title":"Accueil","author":"Monsieur Lampda","date":"1 mai 2018","format":false,"excerpt":"\u27a1\ufe0f BOUTIQUE EN LIGNE \u2b05\ufe0f Lampda est une marque fran\u00e7aise de lampes design\u00e9es \u00e0 partir de vieux beaux objets d\u00e9tourn\u00e9s. Look vintage et industriel garanti ! Toutes nos cr\u00e9ations sont uniques, artisanales, 100% faites main en France, sign\u00e9es et inscrites dans les concepts de l\u2019upcycling.https:\/\/lampda.fr\/wp-content\/uploads\/2020\/04\/LAMPDA-version-couleurs-haute-.mp4.mp4","rel":"","context":"Article similaire","block_context":{"text":"Article similaire","link":""},"img":{"alt_text":"","src":"https:\/\/i0.wp.com\/lampda.fr\/wp-content\/uploads\/2020\/04\/LAMPDA-e%CC%81te%CC%81-1-1024x441.jpg?resize=350%2C200&ssl=1","width":350,"height":200,"srcset":"https:\/\/i0.wp.com\/lampda.fr\/wp-content\/uploads\/2020\/04\/LAMPDA-e%CC%81te%CC%81-1-1024x441.jpg?resize=350%2C200&ssl=1 1x, https:\/\/i0.wp.com\/lampda.fr\/wp-content\/uploads\/2020\/04\/LAMPDA-e%CC%81te%CC%81-1-1024x441.jpg?resize=525%2C300&ssl=1 1.5x, https:\/\/i0.wp.com\/lampda.fr\/wp-content\/uploads\/2020\/04\/LAMPDA-e%CC%81te%CC%81-1-1024x441.jpg?resize=700%2C400&ssl=1 2x"},"classes":[]}],"_links":{"self":[{"href":"https:\/\/lampda.fr\/index.php\/wp-json\/wp\/v2\/pages\/2754","targetHints":{"allow":["GET"]}}],"collection":[{"href":"https:\/\/lampda.fr\/index.php\/wp-json\/wp\/v2\/pages"}],"about":[{"href":"https:\/\/lampda.fr\/index.php\/wp-json\/wp\/v2\/types\/page"}],"author":[{"embeddable":true,"href":"https:\/\/lampda.fr\/index.php\/wp-json\/wp\/v2\/users\/1"}],"replies":[{"embeddable":true,"href":"https:\/\/lampda.fr\/index.php\/wp-json\/wp\/v2\/comments?post=2754"}],"version-history":[{"count":13,"href":"https:\/\/lampda.fr\/index.php\/wp-json\/wp\/v2\/pages\/2754\/revisions"}],"predecessor-version":[{"id":10295,"href":"https:\/\/lampda.fr\/index.php\/wp-json\/wp\/v2\/pages\/2754\/revisions\/10295"}],"wp:attachment":[{"href":"https:\/\/lampda.fr\/index.php\/wp-json\/wp\/v2\/media?parent=2754"}],"curies":[{"name":"wp","href":"https:\/\/api.w.org\/{rel}","templated":true}]}}