{"id":2788,"date":"2020-04-26T11:52:23","date_gmt":"2020-04-26T09:52:23","guid":{"rendered":"https:\/\/lampda.fr\/?page_id=2788"},"modified":"2020-04-26T11:57:22","modified_gmt":"2020-04-26T09:57:22","slug":"paiement-securise","status":"publish","type":"page","link":"https:\/\/lampda.fr\/index.php\/paiement-securise\/","title":{"rendered":"Paiement s\u00e9curis\u00e9"},"content":{"rendered":"\n<p>Votre confort et votre tranquillit\u00e9 d&rsquo;esprit font bien s\u00fbr partie de nos priorit\u00e9s. Vous pouvez r\u00e9gler vos achats : <\/p>\n\n\n\n<ul class=\"wp-block-list\"><li>par carte bancaire via Paypal (sans forc\u00e9ment poss\u00e9der un compte) ou par Stripe.<\/li><li>avec votre compte Paypal<\/li><\/ul>\n\n\n\n<p>Ces modes de paiement sont s\u00e9curis\u00e9s, Lampda Vintage ne re\u00e7oit pas vos donn\u00e9es confidentielles. Les frais de transaction sont pris en charge par Lampda Vintage.<\/p>\n\n\n\n<p>Pour davantage de renseignements, vous pouvez consulter le site de <a rel=\"noreferrer noopener\" href=\"https:\/\/www.paypal.com\/fr\/home\" target=\"_blank\">Paypal<\/a> et de <a rel=\"noreferrer noopener\" href=\"https:\/\/stripe.com\/fr\" target=\"_blank\">Stripe<\/a>.<\/p>\n\n\n\n<div class=\"wp-block-image\"><figure class=\"aligncenter\"><img data-recalc-dims=\"1\" decoding=\"async\" data-src=\"https:\/\/i0.wp.com\/www.aroeven.fr\/sites\/default\/files\/upload\/paiement_securise_grande_3765de50-b3f4-45b2-8f23-4fbc4e5ed76b_large_copie_0.png?w=980&#038;ssl=1\" alt=\"Paiement s\u00e9curis\u00e9 | F\u00e9d\u00e9ration des Aro\u00e9ven\" src=\"data:image\/svg+xml;base64,PHN2ZyB3aWR0aD0iMSIgaGVpZ2h0PSIxIiB4bWxucz0iaHR0cDovL3d3dy53My5vcmcvMjAwMC9zdmciPjwvc3ZnPg==\" class=\"lazyload\" \/><\/figure><\/div>\n\n\n\n<p><\/p>\n","protected":false},"excerpt":{"rendered":"<p>Votre confort et votre tranquillit\u00e9 d&rsquo;esprit font bien s\u00fbr partie de nos priorit\u00e9s. Vous pouvez r\u00e9gler vos achats : par carte bancaire via Paypal (sans forc\u00e9ment poss\u00e9der un compte) ou par Stripe. avec votre compte Paypal Ces modes de paiement sont s\u00e9curis\u00e9s, Lampda Vintage ne re\u00e7oit pas vos donn\u00e9es confidentielles. Les frais de transaction sont [&hellip;]<\/p>\n","protected":false},"author":1,"featured_media":0,"parent":0,"menu_order":0,"comment_status":"closed","ping_status":"closed","template":"","meta":{"_monsterinsights_skip_tracking":false,"_monsterinsights_sitenote_active":false,"_monsterinsights_sitenote_note":"","_monsterinsights_sitenote_category":0,"_uf_show_specific_survey":0,"_uf_disable_surveys":false,"jetpack_post_was_ever_published":false,"footnotes":""},"class_list":["post-2788","page","type-page","status-publish","hentry"],"jetpack_sharing_enabled":true,"jetpack_shortlink":"https:\/\/wp.me\/P9Ss9A-IY","jetpack-related-posts":[{"id":279,"url":"https:\/\/lampda.fr\/index.php\/a-propos-de\/mentions-legales-et-cgv\/","url_meta":{"origin":2788,"position":0},"title":"Mentions l\u00e9gales et CGV","author":"Monsieur Lampda","date":"27 mai 2018","format":false,"excerpt":"Mentions l\u00e9gales D\u00e9nomination: Lampda Vintage Adresse: 1 chemin de Charmoisy - 74200 Thonon-Les-Bains Siret : 830 933 875 00023APE : 2740Z Entreprise non soumise \u00e0 la TVA (TVA non applicable article 293B du CGI). Conditions G\u00e9n\u00e9rales de Vente (CGV) Article 1 : Champ d\u2019application Les pr\u00e9sentes conditions g\u00e9n\u00e9rales de vente\u2026","rel":"","context":"Article similaire","block_context":{"text":"Article similaire","link":""},"img":{"alt_text":"","src":"","width":0,"height":0},"classes":[]},{"id":3589,"url":"https:\/\/lampda.fr\/index.php\/faq\/","url_meta":{"origin":2788,"position":1},"title":"FAQ","author":"Monsieur Lampda","date":"21 octobre 2020","format":false,"excerpt":"Tant de beaut\u00e9 pose forc\u00e9ment question ! Voici quelques r\u00e9ponses : Tant de g\u00e9nie ! Mais comment ? Et pourquoi ? Et qui se cache derri\u00e8re tout \u00e7a ? Un petit r\u00e9sum\u00e9 de l'aventure LAMPDA se trouve ici. En plus, il y a une belle vid\u00e9o \ud83d\ude42 \u00a0 Mais d'o\u00f9\u2026","rel":"","context":"Article similaire","block_context":{"text":"Article similaire","link":""},"img":{"alt_text":"","src":"","width":0,"height":0},"classes":[]},{"id":287,"url":"https:\/\/lampda.fr\/index.php\/commande-speciale\/","url_meta":{"origin":2788,"position":2},"title":"Commande sp\u00e9ciale","author":"Monsieur Lampda","date":"27 mai 2018","format":false,"excerpt":"Faites comme Julien, Anna, C\u00e9line, Pierre-Thomas, Mohamed, Nicolas... Mais pas comme toute le monde !LAMPDA transforme aussi vos objets \u00e0 la demande. Vous avez un petit tr\u00e9sor de famille ou vous avez craqu\u00e9 sur une merveille en brocante, contactez-nous !Vous pouvez nous \u00e9crire un mail \u00e0\u00a0contact@lampda.fr. Nous \u00e9changerons pour que\u2026","rel":"","context":"Article similaire","block_context":{"text":"Article similaire","link":""},"img":{"alt_text":"","src":"","width":0,"height":0},"classes":[]},{"id":9,"url":"https:\/\/lampda.fr\/index.php\/contact\/","url_meta":{"origin":2788,"position":3},"title":"Contact","author":"Monsieur Lampda","date":"1 mai 2018","format":false,"excerpt":"LAMPDA\u00a0con\u00e7oit des lampes \u00e0 poser, des appliques murales et des suspensions. Si vous avez votre propre objet ou une recherche personnelle, il est possible de faire une commande sur-mesure. Pour toute demande, contactez-nous via instagram (@LampdaVintage), utilisez le formulaire ci-dessous, contactez-nous par mail \u00e0 contact@lampda.fr ou par t\u00e9l\u00e9phone au (+33)6\u2026","rel":"","context":"Article similaire","block_context":{"text":"Article similaire","link":""},"img":{"alt_text":"","src":"","width":0,"height":0},"classes":[]},{"id":104,"url":"https:\/\/lampda.fr\/index.php\/galerie-photo\/","url_meta":{"origin":2788,"position":4},"title":"Galerie photos","author":"Monsieur Lampda","date":"2 mai 2018","format":false,"excerpt":"Pr\u00e9c\u00e9dent Suivant Certaines lampes sont d\u00e9j\u00e0 vendues.Pour d\u00e9couvrir celles qui sont encore disponibles, c'est par ici :)","rel":"","context":"Article similaire","block_context":{"text":"Article similaire","link":""},"img":{"alt_text":"ALA_2771_site","src":"https:\/\/i0.wp.com\/lampda.fr\/wp-content\/uploads\/2018\/10\/ALA_2771_site-1024x687.jpg?resize=350%2C200&ssl=1","width":350,"height":200,"srcset":"https:\/\/i0.wp.com\/lampda.fr\/wp-content\/uploads\/2018\/10\/ALA_2771_site-1024x687.jpg?resize=350%2C200&ssl=1 1x, https:\/\/i0.wp.com\/lampda.fr\/wp-content\/uploads\/2018\/10\/ALA_2771_site-1024x687.jpg?resize=525%2C300&ssl=1 1.5x, https:\/\/i0.wp.com\/lampda.fr\/wp-content\/uploads\/2018\/10\/ALA_2771_site-1024x687.jpg?resize=700%2C400&ssl=1 2x"},"classes":[]},{"id":10283,"url":"https:\/\/lampda.fr\/","url_meta":{"origin":2788,"position":5},"title":"Nouveau home","author":"Monsieur Lampda","date":"16 f\u00e9vrier 2025","format":false,"excerpt":"Cr\u00e9ateur fran\u00e7ais de luminaires \u00a0 Chaque lampe est cr\u00e9\u00e9e avec soin \u00e0 partir d\u2019anciens beaux objets chin\u00e9s au coup de c\u0153ur, dans toute la France, avec amour. Chaque pi\u00e8ce est unique, comme vous. Les lampes sont num\u00e9rot\u00e9es et sign\u00e9es. \u00a0 Cr\u00e9ons votre lampe personnalis\u00e9e, contactez-nous ! Boutique en ligne LAMPDA\u2026","rel":"","context":"Article similaire","block_context":{"text":"Article similaire","link":""},"img":{"alt_text":"","src":"https:\/\/i0.wp.com\/lampda.fr\/wp-content\/uploads\/2025\/02\/ANT_0115-2-1024x1024.jpg?resize=350%2C200&ssl=1","width":350,"height":200,"srcset":"https:\/\/i0.wp.com\/lampda.fr\/wp-content\/uploads\/2025\/02\/ANT_0115-2-1024x1024.jpg?resize=350%2C200&ssl=1 1x, https:\/\/i0.wp.com\/lampda.fr\/wp-content\/uploads\/2025\/02\/ANT_0115-2-1024x1024.jpg?resize=525%2C300&ssl=1 1.5x, https:\/\/i0.wp.com\/lampda.fr\/wp-content\/uploads\/2025\/02\/ANT_0115-2-1024x1024.jpg?resize=700%2C400&ssl=1 2x"},"classes":[]}],"_links":{"self":[{"href":"https:\/\/lampda.fr\/index.php\/wp-json\/wp\/v2\/pages\/2788","targetHints":{"allow":["GET"]}}],"collection":[{"href":"https:\/\/lampda.fr\/index.php\/wp-json\/wp\/v2\/pages"}],"about":[{"href":"https:\/\/lampda.fr\/index.php\/wp-json\/wp\/v2\/types\/page"}],"author":[{"embeddable":true,"href":"https:\/\/lampda.fr\/index.php\/wp-json\/wp\/v2\/users\/1"}],"replies":[{"embeddable":true,"href":"https:\/\/lampda.fr\/index.php\/wp-json\/wp\/v2\/comments?post=2788"}],"version-history":[{"count":1,"href":"https:\/\/lampda.fr\/index.php\/wp-json\/wp\/v2\/pages\/2788\/revisions"}],"predecessor-version":[{"id":2790,"href":"https:\/\/lampda.fr\/index.php\/wp-json\/wp\/v2\/pages\/2788\/revisions\/2790"}],"wp:attachment":[{"href":"https:\/\/lampda.fr\/index.php\/wp-json\/wp\/v2\/media?parent=2788"}],"curies":[{"name":"wp","href":"https:\/\/api.w.org\/{rel}","templated":true}]}}