{"id":295,"date":"2020-01-27T17:24:26","date_gmt":"2020-01-27T16:24:26","guid":{"rendered":"https:\/\/lampda.fr\/?page_id=295"},"modified":"2025-11-07T19:35:06","modified_gmt":"2025-11-07T18:35:06","slug":"ou-nous-trouver","status":"publish","type":"page","link":"https:\/\/lampda.fr\/index.php\/ou-nous-trouver\/","title":{"rendered":"O\u00f9 nous trouver ?"},"content":{"rendered":"\t\t<div data-elementor-type=\"wp-page\" data-elementor-id=\"295\" class=\"elementor elementor-295\">\n\t\t\t\t\t\t<section class=\"elementor-section elementor-top-section elementor-element elementor-element-2cd841f elementor-section-boxed elementor-section-height-default elementor-section-height-default\" data-id=\"2cd841f\" data-element_type=\"section\" data-e-type=\"section\">\n\t\t\t\t\t\t<div class=\"elementor-container elementor-column-gap-default\">\n\t\t\t\t\t<div class=\"elementor-column elementor-col-100 elementor-top-column elementor-element elementor-element-6abb693\" data-id=\"6abb693\" data-element_type=\"column\" data-e-type=\"column\">\n\t\t\t<div class=\"elementor-widget-wrap elementor-element-populated\">\n\t\t\t\t\t\t<div class=\"elementor-element elementor-element-b051104 elementor-widget elementor-widget-text-editor\" data-id=\"b051104\" data-element_type=\"widget\" data-e-type=\"widget\" data-widget_type=\"text-editor.default\">\n\t\t\t\t<div class=\"elementor-widget-container\">\n\t\t\t\t\t\t\t\t\t<p style=\"text-align: center;\">\u00a0Faites (-vous-) plaisir sur la <a href=\"https:\/\/lampda.fr\/index.php\/categorie-produit\/toutes-les-lampes\/\" target=\"_blank\" rel=\"noopener\">boutique en ligne<\/a> ou dans nos belles boutiques partenaires.<\/p><p style=\"text-align: center;\">Vive l&rsquo;artisanat fran\u00e7ais ! \ud83d\udc13\ud83c\uddeb\ud83c\uddf7<\/p>\t\t\t\t\t\t\t\t<\/div>\n\t\t\t\t<\/div>\n\t\t\t\t\t<\/div>\n\t\t<\/div>\n\t\t\t\t\t<\/div>\n\t\t<\/section>\n\t\t\t\t<section class=\"elementor-section elementor-top-section elementor-element elementor-element-fd7e7db elementor-section-boxed elementor-section-height-default elementor-section-height-default\" data-id=\"fd7e7db\" data-element_type=\"section\" data-e-type=\"section\">\n\t\t\t\t\t\t<div class=\"elementor-container elementor-column-gap-default\">\n\t\t\t\t\t<div class=\"elementor-column elementor-col-100 elementor-top-column elementor-element elementor-element-fd38aa2\" data-id=\"fd38aa2\" data-element_type=\"column\" data-e-type=\"column\">\n\t\t\t<div class=\"elementor-widget-wrap elementor-element-populated\">\n\t\t\t\t\t\t<div class=\"elementor-element elementor-element-1f5ed66 elementor-widget elementor-widget-text-editor\" data-id=\"1f5ed66\" data-element_type=\"widget\" data-e-type=\"widget\" data-widget_type=\"text-editor.default\">\n\t\t\t\t<div class=\"elementor-widget-container\">\n\t\t\t\t\t\t\t\t\t<p><strong>Toutes nos cr\u00e9ations sont uniques. Vous pouvez en d\u00e9couvrir de nouvelles dans les boutiques suivantes :<\/strong><\/p>\n<ul>\n<li><strong>Pooow !<\/strong> \u2013 Les Ateliers Gait\u00e9 \u2013 PARIS XIV<\/li><li><strong>PoooW !<\/strong> &#8211; Gare Montparnasse &#8211; PARIS XV<\/li><li><strong>PoooW !<\/strong> &#8211; Centre commercial Italie 2 &#8211; PARIS XIII<\/li><li><strong>PoooW ! <\/strong>\u2013 Gare RER A La D\u00e9fense, entr\u00e9e du CNIT \u2013 92 LA DEFENSE<\/li><li><strong>PoooW !<\/strong> \u2013 Centre commercial So Ouest \u2013 92 LEVALLOIS-PERRET<\/li><li><strong>Le Loft Boutique <\/strong>\u2013 5 rue de l\u2019H\u00f4tel de ville \u2013 74 THONON-LES-BAINS<\/li><li><strong>Alp\u00e9a<\/strong> &#8211; 10 rue du port &#8211; 74 YVOIRE &#8211; <em>de retour au Printemps 2026<\/em><\/li><\/ul>\n<ul>\n<\/ul>\t\t\t\t\t\t\t\t<\/div>\n\t\t\t\t<\/div>\n\t\t\t\t\t<\/div>\n\t\t<\/div>\n\t\t\t\t\t<\/div>\n\t\t<\/section>\n\t\t\t\t<\/div>\n\t\t","protected":false},"excerpt":{"rendered":"<p>\u00a0Faites (-vous-) plaisir sur la boutique en ligne ou dans nos belles boutiques partenaires. Vive l&rsquo;artisanat fran\u00e7ais ! \ud83d\udc13\ud83c\uddeb\ud83c\uddf7 Toutes nos cr\u00e9ations sont uniques. Vous pouvez en d\u00e9couvrir de nouvelles dans les boutiques suivantes : Pooow ! \u2013 Les Ateliers Gait\u00e9 \u2013 PARIS XIV PoooW ! &#8211; Gare Montparnasse &#8211; PARIS XV PoooW ! &#8211; [&hellip;]<\/p>\n","protected":false},"author":1,"featured_media":0,"parent":0,"menu_order":0,"comment_status":"closed","ping_status":"closed","template":"","meta":{"_monsterinsights_skip_tracking":false,"_monsterinsights_sitenote_active":false,"_monsterinsights_sitenote_note":"","_monsterinsights_sitenote_category":0,"_uf_show_specific_survey":0,"_uf_disable_surveys":false,"jetpack_post_was_ever_published":false,"footnotes":""},"class_list":["post-295","page","type-page","status-publish","hentry"],"jetpack_sharing_enabled":true,"jetpack_shortlink":"https:\/\/wp.me\/P9Ss9A-4L","jetpack-related-posts":[{"id":279,"url":"https:\/\/lampda.fr\/index.php\/a-propos-de\/mentions-legales-et-cgv\/","url_meta":{"origin":295,"position":0},"title":"Mentions l\u00e9gales et CGV","author":"Monsieur Lampda","date":"27 mai 2018","format":false,"excerpt":"Mentions l\u00e9gales D\u00e9nomination: Lampda Vintage Adresse: 1 chemin de Charmoisy - 74200 Thonon-Les-Bains Siret : 830 933 875 00023APE : 2740Z Entreprise non soumise \u00e0 la TVA (TVA non applicable article 293B du CGI). Conditions G\u00e9n\u00e9rales de Vente (CGV) Article 1 : Champ d\u2019application Les pr\u00e9sentes conditions g\u00e9n\u00e9rales de vente\u2026","rel":"","context":"Article similaire","block_context":{"text":"Article similaire","link":""},"img":{"alt_text":"","src":"","width":0,"height":0},"classes":[]},{"id":3589,"url":"https:\/\/lampda.fr\/index.php\/faq\/","url_meta":{"origin":295,"position":1},"title":"FAQ","author":"Monsieur Lampda","date":"21 octobre 2020","format":false,"excerpt":"Tant de beaut\u00e9 pose forc\u00e9ment question ! Voici quelques r\u00e9ponses : Tant de g\u00e9nie ! Mais comment ? Et pourquoi ? Et qui se cache derri\u00e8re tout \u00e7a ? Un petit r\u00e9sum\u00e9 de l'aventure LAMPDA se trouve ici. En plus, il y a une belle vid\u00e9o \ud83d\ude42 \u00a0 Mais d'o\u00f9\u2026","rel":"","context":"Article similaire","block_context":{"text":"Article similaire","link":""},"img":{"alt_text":"","src":"","width":0,"height":0},"classes":[]},{"id":7,"url":"https:\/\/lampda.fr\/index.php\/accueil\/","url_meta":{"origin":295,"position":2},"title":"Accueil","author":"Monsieur Lampda","date":"1 mai 2018","format":false,"excerpt":"\u27a1\ufe0f BOUTIQUE EN LIGNE \u2b05\ufe0f Lampda est une marque fran\u00e7aise de lampes design\u00e9es \u00e0 partir de vieux beaux objets d\u00e9tourn\u00e9s. Look vintage et industriel garanti ! Toutes nos cr\u00e9ations sont uniques, artisanales, 100% faites main en France, sign\u00e9es et inscrites dans les concepts de l\u2019upcycling.https:\/\/lampda.fr\/wp-content\/uploads\/2020\/04\/LAMPDA-version-couleurs-haute-.mp4.mp4","rel":"","context":"Article similaire","block_context":{"text":"Article similaire","link":""},"img":{"alt_text":"","src":"https:\/\/i0.wp.com\/lampda.fr\/wp-content\/uploads\/2020\/04\/LAMPDA-e%CC%81te%CC%81-1-1024x441.jpg?resize=350%2C200&ssl=1","width":350,"height":200,"srcset":"https:\/\/i0.wp.com\/lampda.fr\/wp-content\/uploads\/2020\/04\/LAMPDA-e%CC%81te%CC%81-1-1024x441.jpg?resize=350%2C200&ssl=1 1x, https:\/\/i0.wp.com\/lampda.fr\/wp-content\/uploads\/2020\/04\/LAMPDA-e%CC%81te%CC%81-1-1024x441.jpg?resize=525%2C300&ssl=1 1.5x, https:\/\/i0.wp.com\/lampda.fr\/wp-content\/uploads\/2020\/04\/LAMPDA-e%CC%81te%CC%81-1-1024x441.jpg?resize=700%2C400&ssl=1 2x"},"classes":[]},{"id":2492,"url":"https:\/\/lampda.fr\/index.php\/professionnels\/","url_meta":{"origin":295,"position":3},"title":"Professionnels","author":"Monsieur Lampda","date":"15 avril 2020","format":false,"excerpt":"Vous avez la gestion d'une boutique, d'un restaurant, d'un h\u00f4tel, vous \u00eatre d\u00e9corateur.trice, vous voulez discuter d'un partenariat ou vous travaillez avec un m\u00e9dia, contactez Antoine par mail \u00e0 antoine.viault@lampda.fr ou par t\u00e9l\u00e9phone au 0622975085.","rel":"","context":"Article similaire","block_context":{"text":"Article similaire","link":""},"img":{"alt_text":"","src":"","width":0,"height":0},"classes":[]},{"id":8,"url":"https:\/\/lampda.fr\/index.php\/a-propos-de\/","url_meta":{"origin":295,"position":4},"title":"\u00c0 propos","author":"Monsieur Lampda","date":"1 mai 2018","format":false,"excerpt":"Antoine, 33 ans, cr\u00e9ateur de LAMPDA\u00a0\u00ab\u00a0Pour certains ce sont les Tontons Flingueurs mais pour moi\u2026les Tontons Chineurs\u00a0! Deux de mes oncles m\u2019ont fait d\u00e9couvrir le monde de la brocante dans mes jeunes et tendres ann\u00e9es. Un peu plus tard et apr\u00e8s mes premi\u00e8res amours avec le design, j\u2019ai eu envie\u2026","rel":"","context":"Article similaire","block_context":{"text":"Article similaire","link":""},"img":{"alt_text":"R\u00e9sultat de recherche d'images pour ","src":"https:\/\/i0.wp.com\/data.photofunky.net\/output\/image\/0\/3\/7\/8\/037878\/photofunky.png?resize=350%2C200&ssl=1","width":350,"height":200},"classes":[]},{"id":2754,"url":"https:\/\/lampda.fr\/index.php\/latelier\/","url_meta":{"origin":295,"position":5},"title":"L&rsquo;atelier","author":"Monsieur Lampda","date":"23 avril 2020","format":false,"excerpt":"Antoine, 36 ans, cr\u00e9ateur de LAMPDA : \u00ab\u00a0Pour certains ce sont les Tontons Flingueurs mais pour moi\u2026les Tontons Chineurs\u00a0! Deux de mes oncles m\u2019ont fait d\u00e9couvrir le monde de la brocante dans mes jeunes et tendres ann\u00e9es. Un peu plus tard et apr\u00e8s mes premi\u00e8res amours avec le design, j\u2019ai\u2026","rel":"","context":"Article similaire","block_context":{"text":"Article similaire","link":""},"img":{"alt_text":"","src":"","width":0,"height":0},"classes":[]}],"_links":{"self":[{"href":"https:\/\/lampda.fr\/index.php\/wp-json\/wp\/v2\/pages\/295","targetHints":{"allow":["GET"]}}],"collection":[{"href":"https:\/\/lampda.fr\/index.php\/wp-json\/wp\/v2\/pages"}],"about":[{"href":"https:\/\/lampda.fr\/index.php\/wp-json\/wp\/v2\/types\/page"}],"author":[{"embeddable":true,"href":"https:\/\/lampda.fr\/index.php\/wp-json\/wp\/v2\/users\/1"}],"replies":[{"embeddable":true,"href":"https:\/\/lampda.fr\/index.php\/wp-json\/wp\/v2\/comments?post=295"}],"version-history":[{"count":132,"href":"https:\/\/lampda.fr\/index.php\/wp-json\/wp\/v2\/pages\/295\/revisions"}],"predecessor-version":[{"id":11508,"href":"https:\/\/lampda.fr\/index.php\/wp-json\/wp\/v2\/pages\/295\/revisions\/11508"}],"wp:attachment":[{"href":"https:\/\/lampda.fr\/index.php\/wp-json\/wp\/v2\/media?parent=295"}],"curies":[{"name":"wp","href":"https:\/\/api.w.org\/{rel}","templated":true}]}}