{"id":3589,"date":"2020-10-21T18:01:14","date_gmt":"2020-10-21T16:01:14","guid":{"rendered":"https:\/\/lampda.fr\/?page_id=3589"},"modified":"2020-11-14T21:44:08","modified_gmt":"2020-11-14T20:44:08","slug":"faq","status":"publish","type":"page","link":"https:\/\/lampda.fr\/index.php\/faq\/","title":{"rendered":"FAQ"},"content":{"rendered":"\t\t<div data-elementor-type=\"wp-page\" data-elementor-id=\"3589\" class=\"elementor elementor-3589\">\n\t\t\t\t\t\t<section class=\"elementor-section elementor-top-section elementor-element elementor-element-26f80896 elementor-section-boxed elementor-section-height-default elementor-section-height-default\" data-id=\"26f80896\" data-element_type=\"section\" data-e-type=\"section\">\n\t\t\t\t\t\t<div class=\"elementor-container elementor-column-gap-default\">\n\t\t\t\t\t<div class=\"elementor-column elementor-col-100 elementor-top-column elementor-element elementor-element-7cb37ce3\" data-id=\"7cb37ce3\" data-element_type=\"column\" data-e-type=\"column\">\n\t\t\t<div class=\"elementor-widget-wrap elementor-element-populated\">\n\t\t\t\t\t\t<div class=\"elementor-element elementor-element-355956b6 elementor-widget elementor-widget-text-editor\" data-id=\"355956b6\" data-element_type=\"widget\" data-e-type=\"widget\" data-widget_type=\"text-editor.default\">\n\t\t\t\t<div class=\"elementor-widget-container\">\n\t\t\t\t\t\t\t\t\t<p><\/p>\n<p>Tant de beaut\u00e9 pose forc\u00e9ment question ! Voici quelques r\u00e9ponses :<\/p>\n<p><\/p>\n<p><\/p>\n<p><\/p>\t\t\t\t\t\t\t\t<\/div>\n\t\t\t\t<\/div>\n\t\t\t\t\t<\/div>\n\t\t<\/div>\n\t\t\t\t\t<\/div>\n\t\t<\/section>\n\t\t\t\t<section class=\"elementor-section elementor-top-section elementor-element elementor-element-c0d08cf elementor-section-boxed elementor-section-height-default elementor-section-height-default\" data-id=\"c0d08cf\" data-element_type=\"section\" data-e-type=\"section\">\n\t\t\t\t\t\t<div class=\"elementor-container elementor-column-gap-default\">\n\t\t\t\t\t<div class=\"elementor-column elementor-col-100 elementor-top-column elementor-element elementor-element-925803e\" data-id=\"925803e\" data-element_type=\"column\" data-e-type=\"column\">\n\t\t\t<div class=\"elementor-widget-wrap elementor-element-populated\">\n\t\t\t\t\t\t<div class=\"elementor-element elementor-element-4a9dc2c elementor-widget elementor-widget-text-editor\" data-id=\"4a9dc2c\" data-element_type=\"widget\" data-e-type=\"widget\" data-widget_type=\"text-editor.default\">\n\t\t\t\t<div class=\"elementor-widget-container\">\n\t\t\t\t\t\t\t\t\t<ul>\n<li><span style=\"color: #0000ff;\"><strong>Tant de g\u00e9nie ! Mais comment ? Et pourquoi ? Et qui se cache derri\u00e8re tout \u00e7a ?<\/strong><\/span><\/li>\n<\/ul>\n<p><a href=\"https:\/\/lampda.fr\/index.php\/latelier\/\" target=\"_blank\" rel=\"noopener\">Un petit r\u00e9sum\u00e9 de l&rsquo;aventure LAMPDA se trouve ici<\/a>. En plus, il y a une belle vid\u00e9o \ud83d\ude42<\/p>\n<p>\u00a0<\/p>\n<ul>\n<li><span style=\"color: #0000ff;\"><strong>Mais d&rsquo;o\u00f9 viennent ces si beaux objets ?<\/strong><\/span><\/li>\n<\/ul>\n<p>Les objets qui servent de point de d\u00e9part \u00e0 la cr\u00e9ation des lampes LAMPDA sont chin\u00e9s avec amour dans de nombreuses brocantes, chez des collectionneurs et sur des plateformes de vente d&rsquo;objets d&rsquo;occasion bien connues.<\/p>\n<p>\u00a0<\/p>\n<ul>\n<li><span style=\"color: #0000ff;\"><strong>C&rsquo;est absolument sublime ! Mais est-ce que \u00e7a \u00e9claire vraiment ?<\/strong><\/span><\/li>\n<\/ul>\n<p>Merci \ud83d\ude09 Et oui, bien s\u00fbr ! Nous utilisons des ampoules LED et des ampoules \u00e0 incandescence dont la luminosit\u00e9 tourne autour de 150 lumens, soit l&rsquo;\u00e9quivalent d&rsquo;une lampe avec un abat-jour peu occultant.<\/p>\n<p>De plus, que l&rsquo;ampoule choisie soit \u00e0 LED ou \u00e0 incandescence, la lumi\u00e8re qu&rsquo;elle produit est toujours tr\u00e8s chaleureuse, comme la lumi\u00e8re d&rsquo;une bougie.<\/p>\n<p>\u00a0<\/p>\n<ul>\n<li><strong><span style=\"color: #0000ff;\">Comment puis-je payer l&rsquo;objet de tous mes r\u00eaves ?<\/span><\/strong><\/li>\n<\/ul>\n<p>C&rsquo;est vous le chef ! Le choix se fait au moment de valider le panier. Vous pouvez payer en une fois par carte bancaire ou avec Paypal. Pour tous les paniers sup\u00e9rieurs \u00e0 100\u20ac, le paiement en 3 est \u00e9galement possible. Tous les frais li\u00e9s sont pris en charge par LAMPDA. Vous payez donc uniquement le prix indiqu\u00e9, mais en plusieurs fois \ud83d\ude42<\/p>\n<p>\u00a0<\/p>\n<ul>\n<li><strong><span style=\"color: #0000ff;\">Je sais que vos cr\u00e9ations sont des merveilles absolues. Puis-je les examiner sous toutes les coutures ?<\/span><\/strong><\/li>\n<\/ul>\n<p>Vous allez nous faire rougir <span class=\"emoji_font line\">\ud83e\udd2d<\/span>. Nous vous proposons de vous envoyer une vid\u00e9o de la lampe qui fait d\u00e9j\u00e0 briller votre coeur. <a href=\"https:\/\/lampda.fr\/index.php\/contact\/\" target=\"_blank\" rel=\"noopener\">N&rsquo;h\u00e9sitez pas \u00e0 nous le demander ici<\/a>.<\/p>\n<p>\u00a0<\/p>\n<ul>\n<li><strong><span style=\"color: #0000ff;\">Mais que faire si je dois remplacer l&rsquo;ampoule ?<\/span><\/strong><\/li>\n<\/ul>\n<p>Pas de panique ! Toutes les lampes LAMPDA sont cr\u00e9\u00e9es avec des douilles E27. Cela signifie que toutes les ampoules \u00e0 culot E27 (gros culot \u00e0 vis standard) s&rsquo;adaptent dessus. Nous vous recommandons par (extr\u00eame !) pr\u00e9caution de ne pas d\u00e9passer 40W. Mais de toute fa\u00e7on, depuis la loi sur les \u00e9conomies d&rsquo;\u00e9nergie, \u00e7a n&rsquo;existe plus.<\/p>\n<p>\u00a0<\/p>\n<ul>\n<li><strong><span style=\"color: #0000ff;\">L&rsquo;upcycling c&rsquo;est bien, mais ma s\u00e9curit\u00e9 dans tout \u00e7a ?<\/span><\/strong><\/li>\n<\/ul>\n<p>Pas de stress, y&rsquo;a&#8230;LAMPDA ! Et les normes NF et CE appos\u00e9es sur tout ce qui est travers\u00e9 par de l&rsquo;\u00e9lectricit\u00e9 dans nos lampes. Bien entendu, de ce c\u00f4t\u00e9 tout est neuf.<\/p>\n<p>\u00a0<\/p>\n<ul>\n<li><strong><span style=\"color: #0000ff;\">Comment recevoir cette merveilleuse lampe dont je r\u00eave depuis toujours ?<\/span><\/strong><\/li>\n<\/ul>\n<p>Les lampes LAMPDA sont exp\u00e9di\u00e9es par Colissimo dans un emballage prot\u00e9g\u00e9 aux petits oignons (c&rsquo;est une expression hein, on pr\u00e9f\u00e8re le papier bulle). Il faut compter de 1 minute \u00e0 2 petits jours de d\u00e9lai pour la pr\u00e9paration de votre commande. La Poste garantit votre livraison en 48h. Cherry on the cake, la livraison en France m\u00e9tropolitaine est offerte !<\/p>\n<p>\u00a0<\/p>\n<ul>\n<li><strong><span style=\"color: #0000ff;\">Je sais que LAMPDA m\u00e9rite de conqu\u00e9rir le monde. Mais o\u00f9 exp\u00e9diez-vous ?<\/span><\/strong><\/li>\n<\/ul>\n<p>Votre BFF se trouve \u00e0 Miami, votre soeur en Italie et votre gars s\u00fbr en Su\u00e8de ? Pas de probl\u00e8me, nous exp\u00e9dions dans le monde entier. Il suffit de nous contacter par mail \u00e0 <a href=\"mailto:contact@lampda.fr\">contact@lampda.fr<\/a> pour conna\u00eetre les frais d&rsquo;envoi. Grosso modo, on partage. N&rsquo;ayez pas peur, nos lampes sont d\u00e9j\u00e0 arriv\u00e9es sans encombre aux Etats-Unis, au Japon, en Su\u00e8de, en Finlande, en Italie, en Espagne, au Royaume-Uni et bien d&rsquo;autres pays.<\/p>\n<p>\u00a0<\/p>\n<ul>\n<li><strong><span style=\"color: #0000ff;\">J&rsquo;ai choisi mais je me suis finalement tromp\u00e9. Que faire ?<br \/><\/span><\/strong><\/li>\n<\/ul>\n<p>Pas de probl\u00e8me, vous pouvez annuler ou modifier votre commande. <a href=\"https:\/\/lampda.fr\/index.php\/a-propos-de\/mentions-legales-et-cgv\/\" target=\"_blank\" rel=\"noopener\">Consultez le CGV ici<\/a>.<\/p>\n<p>\u00a0<\/p>\n<ul>\n<li><span style=\"color: #0000ff;\"><strong>J&rsquo;ai encore plein d&rsquo;autres questions. Mais comment faire pour avoir la chance d&rsquo;\u00e9changer avec vous ?<\/strong><\/span><\/li>\n<\/ul>\n<p>On adooore le vintage mais le pigeon voyageur est pass\u00e9 de mode. Contactez-nous plus simplement par mail \u00e0 <a href=\"mailto:contact@lampda.fr\">contact@lampda.fr <\/a>ou par t\u00e9l\u00e9phone, au 0622975085 (n&rsquo;h\u00e9sitez pas \u00e0 envoyer un sms).<\/p>\n<p>\u00a0<\/p>\n<ul>\n<li><strong><span style=\"color: #0000ff;\">Pourquoi y a-t-il autant de bleu dans le texte de ce site ?<\/span><\/strong><\/li>\n<\/ul>\n<p>Parce que le bleu, c&rsquo;est la vie \ud83d\udc99 #IloveKlein<\/p>\n<p>\u00a0<\/p>\t\t\t\t\t\t\t\t<\/div>\n\t\t\t\t<\/div>\n\t\t\t\t\t<\/div>\n\t\t<\/div>\n\t\t\t\t\t<\/div>\n\t\t<\/section>\n\t\t\t\t<\/div>\n\t\t","protected":false},"excerpt":{"rendered":"<p>Tant de beaut\u00e9 pose forc\u00e9ment question ! Voici quelques r\u00e9ponses : Tant de g\u00e9nie ! Mais comment ? Et pourquoi ? Et qui se cache derri\u00e8re tout \u00e7a ? Un petit r\u00e9sum\u00e9 de l&rsquo;aventure LAMPDA se trouve ici. En plus, il y a une belle vid\u00e9o \ud83d\ude42 \u00a0 Mais d&rsquo;o\u00f9 viennent ces si beaux objets [&hellip;]<\/p>\n","protected":false},"author":1,"featured_media":0,"parent":0,"menu_order":0,"comment_status":"closed","ping_status":"closed","template":"","meta":{"_monsterinsights_skip_tracking":false,"_monsterinsights_sitenote_active":false,"_monsterinsights_sitenote_note":"","_monsterinsights_sitenote_category":0,"_uf_show_specific_survey":0,"_uf_disable_surveys":false,"jetpack_post_was_ever_published":false,"footnotes":""},"class_list":["post-3589","page","type-page","status-publish","hentry"],"jetpack_sharing_enabled":true,"jetpack_shortlink":"https:\/\/wp.me\/P9Ss9A-VT","jetpack-related-posts":[{"id":8,"url":"https:\/\/lampda.fr\/index.php\/a-propos-de\/","url_meta":{"origin":3589,"position":0},"title":"\u00c0 propos","author":"Monsieur Lampda","date":"1 mai 2018","format":false,"excerpt":"Antoine, 33 ans, cr\u00e9ateur de LAMPDA\u00a0\u00ab\u00a0Pour certains ce sont les Tontons Flingueurs mais pour moi\u2026les Tontons Chineurs\u00a0! Deux de mes oncles m\u2019ont fait d\u00e9couvrir le monde de la brocante dans mes jeunes et tendres ann\u00e9es. Un peu plus tard et apr\u00e8s mes premi\u00e8res amours avec le design, j\u2019ai eu envie\u2026","rel":"","context":"Article similaire","block_context":{"text":"Article similaire","link":""},"img":{"alt_text":"R\u00e9sultat de recherche d'images pour ","src":"https:\/\/i0.wp.com\/data.photofunky.net\/output\/image\/0\/3\/7\/8\/037878\/photofunky.png?resize=350%2C200&ssl=1","width":350,"height":200},"classes":[]},{"id":287,"url":"https:\/\/lampda.fr\/index.php\/commande-speciale\/","url_meta":{"origin":3589,"position":1},"title":"Commande sp\u00e9ciale","author":"Monsieur Lampda","date":"27 mai 2018","format":false,"excerpt":"Faites comme Julien, Anna, C\u00e9line, Pierre-Thomas, Mohamed, Nicolas... Mais pas comme toute le monde !LAMPDA transforme aussi vos objets \u00e0 la demande. Vous avez un petit tr\u00e9sor de famille ou vous avez craqu\u00e9 sur une merveille en brocante, contactez-nous !Vous pouvez nous \u00e9crire un mail \u00e0\u00a0contact@lampda.fr. Nous \u00e9changerons pour que\u2026","rel":"","context":"Article similaire","block_context":{"text":"Article similaire","link":""},"img":{"alt_text":"","src":"","width":0,"height":0},"classes":[]},{"id":2754,"url":"https:\/\/lampda.fr\/index.php\/latelier\/","url_meta":{"origin":3589,"position":2},"title":"L&rsquo;atelier","author":"Monsieur Lampda","date":"23 avril 2020","format":false,"excerpt":"Antoine, 36 ans, cr\u00e9ateur de LAMPDA : \u00ab\u00a0Pour certains ce sont les Tontons Flingueurs mais pour moi\u2026les Tontons Chineurs\u00a0! Deux de mes oncles m\u2019ont fait d\u00e9couvrir le monde de la brocante dans mes jeunes et tendres ann\u00e9es. Un peu plus tard et apr\u00e8s mes premi\u00e8res amours avec le design, j\u2019ai\u2026","rel":"","context":"Article similaire","block_context":{"text":"Article similaire","link":""},"img":{"alt_text":"","src":"","width":0,"height":0},"classes":[]},{"id":279,"url":"https:\/\/lampda.fr\/index.php\/a-propos-de\/mentions-legales-et-cgv\/","url_meta":{"origin":3589,"position":3},"title":"Mentions l\u00e9gales et CGV","author":"Monsieur Lampda","date":"27 mai 2018","format":false,"excerpt":"Mentions l\u00e9gales D\u00e9nomination: Lampda Vintage Adresse: 1 chemin de Charmoisy - 74200 Thonon-Les-Bains Siret : 830 933 875 00023APE : 2740Z Entreprise non soumise \u00e0 la TVA (TVA non applicable article 293B du CGI). Conditions G\u00e9n\u00e9rales de Vente (CGV) Article 1 : Champ d\u2019application Les pr\u00e9sentes conditions g\u00e9n\u00e9rales de vente\u2026","rel":"","context":"Article similaire","block_context":{"text":"Article similaire","link":""},"img":{"alt_text":"","src":"","width":0,"height":0},"classes":[]},{"id":2788,"url":"https:\/\/lampda.fr\/index.php\/paiement-securise\/","url_meta":{"origin":3589,"position":4},"title":"Paiement s\u00e9curis\u00e9","author":"Monsieur Lampda","date":"26 avril 2020","format":false,"excerpt":"Votre confort et votre tranquillit\u00e9 d'esprit font bien s\u00fbr partie de nos priorit\u00e9s. Vous pouvez r\u00e9gler vos achats : par carte bancaire via Paypal (sans forc\u00e9ment poss\u00e9der un compte) ou par Stripe.avec votre compte Paypal Ces modes de paiement sont s\u00e9curis\u00e9s, Lampda Vintage ne re\u00e7oit pas vos donn\u00e9es confidentielles. Les\u2026","rel":"","context":"Article similaire","block_context":{"text":"Article similaire","link":""},"img":{"alt_text":"","src":"","width":0,"height":0},"classes":[]},{"id":7,"url":"https:\/\/lampda.fr\/index.php\/accueil\/","url_meta":{"origin":3589,"position":5},"title":"Accueil","author":"Monsieur Lampda","date":"1 mai 2018","format":false,"excerpt":"\u27a1\ufe0f BOUTIQUE EN LIGNE \u2b05\ufe0f Lampda est une marque fran\u00e7aise de lampes design\u00e9es \u00e0 partir de vieux beaux objets d\u00e9tourn\u00e9s. Look vintage et industriel garanti ! Toutes nos cr\u00e9ations sont uniques, artisanales, 100% faites main en France, sign\u00e9es et inscrites dans les concepts de l\u2019upcycling.https:\/\/lampda.fr\/wp-content\/uploads\/2020\/04\/LAMPDA-version-couleurs-haute-.mp4.mp4","rel":"","context":"Article similaire","block_context":{"text":"Article similaire","link":""},"img":{"alt_text":"","src":"https:\/\/i0.wp.com\/lampda.fr\/wp-content\/uploads\/2020\/04\/LAMPDA-e%CC%81te%CC%81-1-1024x441.jpg?resize=350%2C200&ssl=1","width":350,"height":200,"srcset":"https:\/\/i0.wp.com\/lampda.fr\/wp-content\/uploads\/2020\/04\/LAMPDA-e%CC%81te%CC%81-1-1024x441.jpg?resize=350%2C200&ssl=1 1x, https:\/\/i0.wp.com\/lampda.fr\/wp-content\/uploads\/2020\/04\/LAMPDA-e%CC%81te%CC%81-1-1024x441.jpg?resize=525%2C300&ssl=1 1.5x, https:\/\/i0.wp.com\/lampda.fr\/wp-content\/uploads\/2020\/04\/LAMPDA-e%CC%81te%CC%81-1-1024x441.jpg?resize=700%2C400&ssl=1 2x"},"classes":[]}],"_links":{"self":[{"href":"https:\/\/lampda.fr\/index.php\/wp-json\/wp\/v2\/pages\/3589","targetHints":{"allow":["GET"]}}],"collection":[{"href":"https:\/\/lampda.fr\/index.php\/wp-json\/wp\/v2\/pages"}],"about":[{"href":"https:\/\/lampda.fr\/index.php\/wp-json\/wp\/v2\/types\/page"}],"author":[{"embeddable":true,"href":"https:\/\/lampda.fr\/index.php\/wp-json\/wp\/v2\/users\/1"}],"replies":[{"embeddable":true,"href":"https:\/\/lampda.fr\/index.php\/wp-json\/wp\/v2\/comments?post=3589"}],"version-history":[{"count":18,"href":"https:\/\/lampda.fr\/index.php\/wp-json\/wp\/v2\/pages\/3589\/revisions"}],"predecessor-version":[{"id":3908,"href":"https:\/\/lampda.fr\/index.php\/wp-json\/wp\/v2\/pages\/3589\/revisions\/3908"}],"wp:attachment":[{"href":"https:\/\/lampda.fr\/index.php\/wp-json\/wp\/v2\/media?parent=3589"}],"curies":[{"name":"wp","href":"https:\/\/api.w.org\/{rel}","templated":true}]}}