{"id":11524,"date":"2025-11-12T10:19:19","date_gmt":"2025-11-12T09:19:19","guid":{"rendered":"https:\/\/lampda.fr\/?post_type=product&#038;p=11524"},"modified":"2025-11-12T10:29:35","modified_gmt":"2025-11-12T09:29:35","slug":"lampe-vintage-appareil-photo-beau-brownie-kodak","status":"publish","type":"product","link":"https:\/\/lampda.fr\/index.php\/produit\/lampe-vintage-appareil-photo-beau-brownie-kodak\/","title":{"rendered":"Lampe vintage appareil photo Beau Brownie KODAK"},"content":{"rendered":"","protected":false},"excerpt":{"rendered":"<p>Lampe appareil photo KODAK Beau Brownie. Une merveille d&rsquo;\u00e9mail Art D\u00e9co des ann\u00e9es 30 \ud83d\udda4<\/p>\n<p>Il est reconverti avec un cordon finition textile bleu. La douille E27 est en acier laitonn\u00e9.<\/p>\n<p>Toutes les pi\u00e8ces \u00e9lectriques sont neuves, homologu\u00e9es CE et NF.<\/p>\n<p>Cette cr\u00e9ation apportera une touche unique \u00e0 votre d\u00e9coration. Que vos meubles soient modernes (laqu\u00e9, scandinave, industriel) ou massifs et fonc\u00e9s, cette lampe rehaussera \u00e0 coup s\u00fbr votre int\u00e9rieur avec chic et un esprit vintage et industriel d\u00e9cal\u00e9 \u00e0 tomber \ud83d\ude42<\/p>\n<p>La lampe est livr\u00e9e avec son ampoule.<\/p>\n<p>Cr\u00e9ation unique, sign\u00e9e, assembl\u00e9e \u00e0 la main et artisanalement en France, issue d&rsquo;objets recycl\u00e9s.<\/p>\n<p>Livraison offerte par Colissimo vers la France m\u00e9tropolitaine. Emball\u00e9 avec beaucoup d&rsquo;amour, de papier bulle et une double couche de carton.<\/p>\n<p>Si vous souhaitez une autre ampoule, une autre douille ou un autre cordon, <a href=\"contact@lampda.fr\" target=\"_blank\" rel=\"noopener noreferrer\">contactez-nous<\/a>.<\/p>\n","protected":false},"featured_media":11528,"template":"","meta":{"_monsterinsights_skip_tracking":false,"_monsterinsights_sitenote_active":false,"_monsterinsights_sitenote_note":"","_monsterinsights_sitenote_category":0,"_uf_show_specific_survey":0,"_uf_disable_surveys":false,"jetpack_post_was_ever_published":false,"jetpack_publicize_message":"","jetpack_publicize_feature_enabled":true,"jetpack_social_post_already_shared":true,"jetpack_social_options":{"image_generator_settings":{"template":"highway","default_image_id":0,"font":"","enabled":false},"version":2}},"product_brand":[],"product_cat":[39,173],"product_tag":[41,42,43,50,51,52,108,116,162,163,228,274,275],"class_list":{"0":"post-11524","1":"product","2":"type-product","3":"status-publish","4":"has-post-thumbnail","6":"product_cat-toutes-les-lampes","7":"product_cat-lampes-appareil-photo","8":"product_tag-lampe","9":"product_tag-upcycling","10":"product_tag-vintage","11":"product_tag-appareil-photo","12":"product_tag-chambre-noire","13":"product_tag-kodak","14":"product_tag-noir","15":"product_tag-art-deco","16":"product_tag-box","17":"product_tag-piece-unique","18":"product_tag-228","19":"product_tag-annee-30","20":"product_tag-beau-brownie","22":"first","23":"instock","24":"shipping-taxable","25":"purchasable","26":"product-type-simple"},"jetpack_publicize_connections":[],"jetpack_sharing_enabled":true,"jetpack-related-posts":[{"id":11569,"url":"https:\/\/lampda.fr\/index.php\/produit\/lampe-vintage-appareil-photo-kodak-brownie-flash-3\/","url_meta":{"origin":11524,"position":0},"title":"Lampe vintage appareil photo Kodak Brownie Flash","author":"Monsieur Lampda","date":"28 novembre 2025","format":false,"excerpt":"Lampe appareil photo vintage Kodak Brownie Flash, un classique chez LAMPDA \ud83d\ude09 Cet appareil photo \u00e9tait le cadeau que de nombreux communiants ont re\u00e7u dans les ann\u00e9es 60. Cette lampe de table est cr\u00e9\u00e9e \u00e0 partir d\u2019un appareil photo Kodak Brownie Flash des ann\u00e9es 60. Il est reconverti avec un\u2026","rel":"","context":"Article similaire","block_context":{"text":"Article similaire","link":""},"img":{"alt_text":"LAMPDA","src":"https:\/\/i0.wp.com\/lampda.fr\/wp-content\/uploads\/2022\/12\/ANT_1056.jpg?fit=1200%2C1190&ssl=1&resize=350%2C200","width":350,"height":200,"srcset":"https:\/\/i0.wp.com\/lampda.fr\/wp-content\/uploads\/2022\/12\/ANT_1056.jpg?fit=1200%2C1190&ssl=1&resize=350%2C200 1x, https:\/\/i0.wp.com\/lampda.fr\/wp-content\/uploads\/2022\/12\/ANT_1056.jpg?fit=1200%2C1190&ssl=1&resize=525%2C300 1.5x, https:\/\/i0.wp.com\/lampda.fr\/wp-content\/uploads\/2022\/12\/ANT_1056.jpg?fit=1200%2C1190&ssl=1&resize=700%2C400 2x, https:\/\/i0.wp.com\/lampda.fr\/wp-content\/uploads\/2022\/12\/ANT_1056.jpg?fit=1200%2C1190&ssl=1&resize=1050%2C600 3x"},"classes":[]},{"id":4880,"url":"https:\/\/lampda.fr\/index.php\/produit\/lampe-vintage-appareil-photo-a-soufflet-kodak-modele-11\/","url_meta":{"origin":11524,"position":1},"title":"Lampe vintage appareil photo \u00e0 soufflet KODAK mod\u00e8le 11","author":"Monsieur Lampda","date":"8 octobre 2021","format":false,"excerpt":"Lampe appareil photo \u00e0 soufflet KODAK mod\u00e8le 11 La bague autour de l'objectif est de toute beaut\u00e9 \ud83d\udc99 Cette lampe est cr\u00e9\u00e9e \u00e0 partir d'un appareil photo \u00e0 soufflet des ann\u00e9es 1940. Il est reconverti avec un cordon finition textile gris. La douille E27 est noire. Toutes les pi\u00e8ces \u00e9lectriques\u2026","rel":"","context":"Article similaire","block_context":{"text":"Article similaire","link":""},"img":{"alt_text":"LAMPDA","src":"https:\/\/i0.wp.com\/lampda.fr\/wp-content\/uploads\/2021\/10\/ANT_1944.jpg?fit=1195%2C1200&ssl=1&resize=350%2C200","width":350,"height":200,"srcset":"https:\/\/i0.wp.com\/lampda.fr\/wp-content\/uploads\/2021\/10\/ANT_1944.jpg?fit=1195%2C1200&ssl=1&resize=350%2C200 1x, https:\/\/i0.wp.com\/lampda.fr\/wp-content\/uploads\/2021\/10\/ANT_1944.jpg?fit=1195%2C1200&ssl=1&resize=525%2C300 1.5x, https:\/\/i0.wp.com\/lampda.fr\/wp-content\/uploads\/2021\/10\/ANT_1944.jpg?fit=1195%2C1200&ssl=1&resize=700%2C400 2x, https:\/\/i0.wp.com\/lampda.fr\/wp-content\/uploads\/2021\/10\/ANT_1944.jpg?fit=1195%2C1200&ssl=1&resize=1050%2C600 3x"},"classes":[]},{"id":7300,"url":"https:\/\/lampda.fr\/index.php\/produit\/lampe-vintage-appareil-photo-cord\/","url_meta":{"origin":11524,"position":2},"title":"Lampe vintage appareil photo CORD","author":"Monsieur Lampda","date":"3 d\u00e9cembre 2023","format":false,"excerpt":"Lampe appareil photo CORD 47 Il est reconverti avec un cordon finition textile noir. La douille E27 est en acier laitonn\u00e9. Toutes les pi\u00e8ces \u00e9lectriques sont neuves, homologu\u00e9es CE et NF. Cette cr\u00e9ation apportera une touche unique \u00e0 votre d\u00e9coration. Que vos meubles soient modernes (laqu\u00e9, scandinave, industriel) ou massifs\u2026","rel":"","context":"Article similaire","block_context":{"text":"Article similaire","link":""},"img":{"alt_text":"","src":"https:\/\/i0.wp.com\/lampda.fr\/wp-content\/uploads\/2023\/12\/ANT_0099.jpg?fit=1188%2C1200&ssl=1&resize=350%2C200","width":350,"height":200,"srcset":"https:\/\/i0.wp.com\/lampda.fr\/wp-content\/uploads\/2023\/12\/ANT_0099.jpg?fit=1188%2C1200&ssl=1&resize=350%2C200 1x, https:\/\/i0.wp.com\/lampda.fr\/wp-content\/uploads\/2023\/12\/ANT_0099.jpg?fit=1188%2C1200&ssl=1&resize=525%2C300 1.5x, https:\/\/i0.wp.com\/lampda.fr\/wp-content\/uploads\/2023\/12\/ANT_0099.jpg?fit=1188%2C1200&ssl=1&resize=700%2C400 2x, https:\/\/i0.wp.com\/lampda.fr\/wp-content\/uploads\/2023\/12\/ANT_0099.jpg?fit=1188%2C1200&ssl=1&resize=1050%2C600 3x"},"classes":[]},{"id":2981,"url":"https:\/\/lampda.fr\/index.php\/produit\/lampe-vintage-camera-pathe\/","url_meta":{"origin":11524,"position":3},"title":"Lampe vintage cam\u00e9ra Path\u00e9","author":"Monsieur Lampda","date":"13 mai 2020","format":false,"excerpt":"Lampe appareil photo cam\u00e9ra Path\u00e9. Cette lampe est cr\u00e9\u00e9e \u00e0 partir d'une cam\u00e9ra Path\u00e9 des ann\u00e9es 60. Elle est reconvertie avec un cordon finition textile noir. La douille E27 est en acier zingu\u00e9. Toutes les pi\u00e8ces \u00e9lectriques sont neuves, homologu\u00e9es CE et NF. Cette cr\u00e9ation apportera une touche unique \u00e0\u2026","rel":"","context":"Article similaire","block_context":{"text":"Article similaire","link":""},"img":{"alt_text":"","src":"https:\/\/i0.wp.com\/lampda.fr\/wp-content\/uploads\/2020\/10\/ANT_1621.jpg?fit=1200%2C1162&ssl=1&resize=350%2C200","width":350,"height":200,"srcset":"https:\/\/i0.wp.com\/lampda.fr\/wp-content\/uploads\/2020\/10\/ANT_1621.jpg?fit=1200%2C1162&ssl=1&resize=350%2C200 1x, https:\/\/i0.wp.com\/lampda.fr\/wp-content\/uploads\/2020\/10\/ANT_1621.jpg?fit=1200%2C1162&ssl=1&resize=525%2C300 1.5x, https:\/\/i0.wp.com\/lampda.fr\/wp-content\/uploads\/2020\/10\/ANT_1621.jpg?fit=1200%2C1162&ssl=1&resize=700%2C400 2x, https:\/\/i0.wp.com\/lampda.fr\/wp-content\/uploads\/2020\/10\/ANT_1621.jpg?fit=1200%2C1162&ssl=1&resize=1050%2C600 3x"},"classes":[]},{"id":5124,"url":"https:\/\/lampda.fr\/index.php\/produit\/lampe-vintage-appareil-photo-detective-en-bois\/","url_meta":{"origin":11524,"position":4},"title":"Lampe vintage appareil photo d\u00e9tective en bois","author":"Monsieur Lampda","date":"28 novembre 2021","format":false,"excerpt":"Lampe appareil photo d\u00e9tective en bois du d\u00e9but du XX\u00b0 si\u00e8cle Une merveille vintage, avec deux ampoules \ud83d\udc99 Il est reconverti avec un cordon finition textile rouge. Les deux douilles E27 sont en acier laitonn\u00e9. Toutes les pi\u00e8ces \u00e9lectriques sont neuves, homologu\u00e9es CE et NF. Cette cr\u00e9ation apportera une touche\u2026","rel":"","context":"Article similaire","block_context":{"text":"Article similaire","link":""},"img":{"alt_text":"LAMPDA","src":"https:\/\/i0.wp.com\/lampda.fr\/wp-content\/uploads\/2021\/11\/ANT_2219-1.jpg?fit=1170%2C1200&ssl=1&resize=350%2C200","width":350,"height":200,"srcset":"https:\/\/i0.wp.com\/lampda.fr\/wp-content\/uploads\/2021\/11\/ANT_2219-1.jpg?fit=1170%2C1200&ssl=1&resize=350%2C200 1x, https:\/\/i0.wp.com\/lampda.fr\/wp-content\/uploads\/2021\/11\/ANT_2219-1.jpg?fit=1170%2C1200&ssl=1&resize=525%2C300 1.5x, https:\/\/i0.wp.com\/lampda.fr\/wp-content\/uploads\/2021\/11\/ANT_2219-1.jpg?fit=1170%2C1200&ssl=1&resize=700%2C400 2x, https:\/\/i0.wp.com\/lampda.fr\/wp-content\/uploads\/2021\/11\/ANT_2219-1.jpg?fit=1170%2C1200&ssl=1&resize=1050%2C600 3x"},"classes":[]},{"id":6099,"url":"https:\/\/lampda.fr\/index.php\/produit\/lampe-vintage-industrielle-helice-de-bateau-blanche-pm\/","url_meta":{"origin":11524,"position":5},"title":"Lampe vintage \/ industrielle h\u00e9lice de bateau blanche PM","author":"Monsieur Lampda","date":"12 d\u00e9cembre 2022","format":false,"excerpt":"Lampe vintage \/ industrielle h\u00e9lice de bateau Cr\u00e9ation unique, sign\u00e9e, assembl\u00e9e \u00e0 la main et artisanalement en France, issue d'objets recycl\u00e9s. Cette h\u00e9lice se pose en \u00e9quilibre sur les pales comme sur la photo. Elle est reconvertie avec un cordon finition textile noir. La douille E27 est en acier zingu\u00e9.\u2026","rel":"","context":"Article similaire","block_context":{"text":"Article similaire","link":""},"img":{"alt_text":"LAMPDA","src":"https:\/\/i0.wp.com\/lampda.fr\/wp-content\/uploads\/2022\/12\/ANT_0072.jpg?fit=1200%2C1198&ssl=1&resize=350%2C200","width":350,"height":200,"srcset":"https:\/\/i0.wp.com\/lampda.fr\/wp-content\/uploads\/2022\/12\/ANT_0072.jpg?fit=1200%2C1198&ssl=1&resize=350%2C200 1x, https:\/\/i0.wp.com\/lampda.fr\/wp-content\/uploads\/2022\/12\/ANT_0072.jpg?fit=1200%2C1198&ssl=1&resize=525%2C300 1.5x, https:\/\/i0.wp.com\/lampda.fr\/wp-content\/uploads\/2022\/12\/ANT_0072.jpg?fit=1200%2C1198&ssl=1&resize=700%2C400 2x, https:\/\/i0.wp.com\/lampda.fr\/wp-content\/uploads\/2022\/12\/ANT_0072.jpg?fit=1200%2C1198&ssl=1&resize=1050%2C600 3x"},"classes":[]}],"_links":{"self":[{"href":"https:\/\/lampda.fr\/index.php\/wp-json\/wp\/v2\/product\/11524","targetHints":{"allow":["GET"]}}],"collection":[{"href":"https:\/\/lampda.fr\/index.php\/wp-json\/wp\/v2\/product"}],"about":[{"href":"https:\/\/lampda.fr\/index.php\/wp-json\/wp\/v2\/types\/product"}],"wp:featuredmedia":[{"embeddable":true,"href":"https:\/\/lampda.fr\/index.php\/wp-json\/wp\/v2\/media\/11528"}],"wp:attachment":[{"href":"https:\/\/lampda.fr\/index.php\/wp-json\/wp\/v2\/media?parent=11524"}],"wp:term":[{"taxonomy":"product_brand","embeddable":true,"href":"https:\/\/lampda.fr\/index.php\/wp-json\/wp\/v2\/product_brand?post=11524"},{"taxonomy":"product_cat","embeddable":true,"href":"https:\/\/lampda.fr\/index.php\/wp-json\/wp\/v2\/product_cat?post=11524"},{"taxonomy":"product_tag","embeddable":true,"href":"https:\/\/lampda.fr\/index.php\/wp-json\/wp\/v2\/product_tag?post=11524"}],"curies":[{"name":"wp","href":"https:\/\/api.w.org\/{rel}","templated":true}]}}