{"id":11570,"date":"2025-11-28T19:41:55","date_gmt":"2025-11-28T18:41:55","guid":{"rendered":"https:\/\/lampda.fr\/?post_type=product&#038;p=11570"},"modified":"2025-11-28T19:43:30","modified_gmt":"2025-11-28T18:43:30","slug":"lampe-vintage-boite-bouillon-kub-xl-2","status":"publish","type":"product","link":"https:\/\/lampda.fr\/index.php\/produit\/lampe-vintage-boite-bouillon-kub-xl-2\/","title":{"rendered":"Lampe vintage bo\u00eete Bouillon KUB XL"},"content":{"rendered":"","protected":false},"excerpt":{"rendered":"<p>Lampe bo\u00eete publicitaire Bouillon KUB XL des ann\u00e9es 50<\/p>\n<p>Cr\u00e9ation unique, sign\u00e9e, assembl\u00e9e \u00e0 la main et artisanalement en France, issue d&rsquo;objets recycl\u00e9s.<\/p>\n<p>La c\u00e9l\u00e8bre bo\u00eete est reconvertie avec un cordon finition textile rouge. La douille E27 est en acier laitonn\u00e9.<\/p>\n<p>Toutes les pi\u00e8ces \u00e9lectriques sont neuves, homologu\u00e9es CE et NF.<\/p>\n<p>Id\u00e9al pour \u00e9clairer une cuisine, une table de chevet, une entr\u00e9e, un salon ou un bureau.<\/p>\n<p>Cette cr\u00e9ation apportera une touche unique \u00e0 votre d\u00e9coration. Que vos meubles soient modernes (laqu\u00e9, scandinave, industriel) ou massifs et fonc\u00e9s, cette lampe rehaussera \u00e0 coup s\u00fbr votre int\u00e9rieur avec chic et un esprit vintage et industriel d\u00e9cal\u00e9 \u00e0 tomber \ud83d\ude42<\/p>\n<p>La lampe est livr\u00e9e avec son ampoule.<\/p>\n<p>Livraison offerte par Colissimo vers la France m\u00e9tropolitaine. Emball\u00e9 avec beaucoup d&rsquo;amour, de papier bulle et une double couche de carton.<\/p>\n<p>Si vous souhaitez une autre ampoule, une autre douille ou un autre cordon, <a href=\"contact@lampda.fr\" target=\"_blank\" rel=\"noopener noreferrer\">contactez-nous<\/a>.<\/p>\n","protected":false},"featured_media":11567,"template":"","meta":{"_monsterinsights_skip_tracking":false,"_monsterinsights_sitenote_active":false,"_monsterinsights_sitenote_note":"","_monsterinsights_sitenote_category":0,"_uf_show_specific_survey":0,"_uf_disable_surveys":false,"jetpack_post_was_ever_published":false,"jetpack_publicize_message":"","jetpack_publicize_feature_enabled":true,"jetpack_social_post_already_shared":true,"jetpack_social_options":{"image_generator_settings":{"template":"highway","default_image_id":0,"font":"","enabled":false},"version":2}},"product_brand":[],"product_cat":[39,176],"product_tag":[41,42,43,59,63,64,67,86,163,168,169],"class_list":{"0":"post-11570","1":"product","2":"type-product","3":"status-publish","4":"has-post-thumbnail","6":"product_cat-toutes-les-lampes","7":"product_cat-lampes-publicitaires","8":"product_tag-lampe","9":"product_tag-upcycling","10":"product_tag-vintage","11":"product_tag-metal","12":"product_tag-rouge","13":"product_tag-annees-50","14":"product_tag-jaune","15":"product_tag-cuisine","16":"product_tag-piece-unique","17":"product_tag-bouillon-kub","18":"product_tag-kub","20":"first","21":"instock","22":"shipping-taxable","23":"purchasable","24":"product-type-simple"},"jetpack_publicize_connections":[],"jetpack_sharing_enabled":true,"jetpack-related-posts":[{"id":5925,"url":"https:\/\/lampda.fr\/index.php\/produit\/lampe-vintage-boite-bouillon-kub\/","url_meta":{"origin":11570,"position":0},"title":"Lampe vintage bo\u00eete Bouillon KUB","author":"Monsieur Lampda","date":"30 octobre 2022","format":false,"excerpt":"Lampe bo\u00eete publicitaire Bouillon KUB des ann\u00e9es 50 Cr\u00e9ation unique, sign\u00e9e, assembl\u00e9e \u00e0 la main et artisanalement en France, issue d'objets recycl\u00e9s. La c\u00e9l\u00e8bre bo\u00eete est reconvertie avec un cordon finition textile rouge. La douille E27 est en acier laitonn\u00e9. Toutes les pi\u00e8ces \u00e9lectriques sont neuves, homologu\u00e9es CE et NF.\u2026","rel":"","context":"Article similaire","block_context":{"text":"Article similaire","link":""},"img":{"alt_text":"LAMPDA","src":"https:\/\/i0.wp.com\/lampda.fr\/wp-content\/uploads\/2018\/05\/ANT_0062.jpg?fit=1200%2C1198&ssl=1&resize=350%2C200","width":350,"height":200,"srcset":"https:\/\/i0.wp.com\/lampda.fr\/wp-content\/uploads\/2018\/05\/ANT_0062.jpg?fit=1200%2C1198&ssl=1&resize=350%2C200 1x, https:\/\/i0.wp.com\/lampda.fr\/wp-content\/uploads\/2018\/05\/ANT_0062.jpg?fit=1200%2C1198&ssl=1&resize=525%2C300 1.5x, https:\/\/i0.wp.com\/lampda.fr\/wp-content\/uploads\/2018\/05\/ANT_0062.jpg?fit=1200%2C1198&ssl=1&resize=700%2C400 2x, https:\/\/i0.wp.com\/lampda.fr\/wp-content\/uploads\/2018\/05\/ANT_0062.jpg?fit=1200%2C1198&ssl=1&resize=1050%2C600 3x"},"classes":[]},{"id":3844,"url":"https:\/\/lampda.fr\/index.php\/produit\/lampe-vintage-boite-maggi-m-3\/","url_meta":{"origin":11570,"position":1},"title":"Lampe vintage bo\u00eete Maggi M","author":"Monsieur Lampda","date":"4 novembre 2020","format":false,"excerpt":"Lampe bo\u00eete publicitaire Bouillon Gras MAGGI des ann\u00e9es 50. La m\u00eame que celle d'Elie Semoun :) Cr\u00e9ation unique, sign\u00e9e, assembl\u00e9e \u00e0 la main et artisanalement en France, issue d'objets recycl\u00e9s. La c\u00e9l\u00e8bre bo\u00eete est reconvertie avec un cordon transparent. La douille E27 est est en c\u00e9ramique rouge. Toutes les pi\u00e8ces\u2026","rel":"","context":"Article similaire","block_context":{"text":"Article similaire","link":""},"img":{"alt_text":"LAMPDA","src":"https:\/\/i0.wp.com\/lampda.fr\/wp-content\/uploads\/2022\/12\/ANT_1057.jpg?fit=1197%2C1200&ssl=1&resize=350%2C200","width":350,"height":200,"srcset":"https:\/\/i0.wp.com\/lampda.fr\/wp-content\/uploads\/2022\/12\/ANT_1057.jpg?fit=1197%2C1200&ssl=1&resize=350%2C200 1x, https:\/\/i0.wp.com\/lampda.fr\/wp-content\/uploads\/2022\/12\/ANT_1057.jpg?fit=1197%2C1200&ssl=1&resize=525%2C300 1.5x, https:\/\/i0.wp.com\/lampda.fr\/wp-content\/uploads\/2022\/12\/ANT_1057.jpg?fit=1197%2C1200&ssl=1&resize=700%2C400 2x, https:\/\/i0.wp.com\/lampda.fr\/wp-content\/uploads\/2022\/12\/ANT_1057.jpg?fit=1197%2C1200&ssl=1&resize=1050%2C600 3x"},"classes":[]},{"id":5924,"url":"https:\/\/lampda.fr\/index.php\/produit\/lampe-vintage-industrielle-chalumeau-express\/","url_meta":{"origin":11570,"position":2},"title":"Lampe vintage \/ industrielle chalumeau EXPRESS","author":"Monsieur Lampda","date":"30 octobre 2022","format":false,"excerpt":"Lampe vintage \/ industrielle chalumeau-lampe \u00e0 souder EXPRESS Cr\u00e9ation unique, sign\u00e9e, assembl\u00e9e \u00e0 la main et artisanalement en France, issue d'objets recycl\u00e9s. Ce chalumeau des ann\u00e9es 50 est reconverti avec un cordon finition textile noir. La douille E27 est en acier laitonn\u00e9. Toutes les pi\u00e8ces \u00e9lectriques sont neuves, homologu\u00e9es CE\u2026","rel":"","context":"Article similaire","block_context":{"text":"Article similaire","link":""},"img":{"alt_text":"LAMPDA","src":"https:\/\/i0.wp.com\/lampda.fr\/wp-content\/uploads\/2018\/05\/ANT_0052.jpg?fit=1200%2C1198&ssl=1&resize=350%2C200","width":350,"height":200,"srcset":"https:\/\/i0.wp.com\/lampda.fr\/wp-content\/uploads\/2018\/05\/ANT_0052.jpg?fit=1200%2C1198&ssl=1&resize=350%2C200 1x, https:\/\/i0.wp.com\/lampda.fr\/wp-content\/uploads\/2018\/05\/ANT_0052.jpg?fit=1200%2C1198&ssl=1&resize=525%2C300 1.5x, https:\/\/i0.wp.com\/lampda.fr\/wp-content\/uploads\/2018\/05\/ANT_0052.jpg?fit=1200%2C1198&ssl=1&resize=700%2C400 2x, https:\/\/i0.wp.com\/lampda.fr\/wp-content\/uploads\/2018\/05\/ANT_0052.jpg?fit=1200%2C1198&ssl=1&resize=1050%2C600 3x"},"classes":[]},{"id":2981,"url":"https:\/\/lampda.fr\/index.php\/produit\/lampe-vintage-camera-pathe\/","url_meta":{"origin":11570,"position":3},"title":"Lampe vintage cam\u00e9ra Path\u00e9","author":"Monsieur Lampda","date":"13 mai 2020","format":false,"excerpt":"Lampe appareil photo cam\u00e9ra Path\u00e9. Cette lampe est cr\u00e9\u00e9e \u00e0 partir d'une cam\u00e9ra Path\u00e9 des ann\u00e9es 60. Elle est reconvertie avec un cordon finition textile noir. La douille E27 est en acier zingu\u00e9. Toutes les pi\u00e8ces \u00e9lectriques sont neuves, homologu\u00e9es CE et NF. Cette cr\u00e9ation apportera une touche unique \u00e0\u2026","rel":"","context":"Article similaire","block_context":{"text":"Article similaire","link":""},"img":{"alt_text":"","src":"https:\/\/i0.wp.com\/lampda.fr\/wp-content\/uploads\/2020\/10\/ANT_1621.jpg?fit=1200%2C1162&ssl=1&resize=350%2C200","width":350,"height":200,"srcset":"https:\/\/i0.wp.com\/lampda.fr\/wp-content\/uploads\/2020\/10\/ANT_1621.jpg?fit=1200%2C1162&ssl=1&resize=350%2C200 1x, https:\/\/i0.wp.com\/lampda.fr\/wp-content\/uploads\/2020\/10\/ANT_1621.jpg?fit=1200%2C1162&ssl=1&resize=525%2C300 1.5x, https:\/\/i0.wp.com\/lampda.fr\/wp-content\/uploads\/2020\/10\/ANT_1621.jpg?fit=1200%2C1162&ssl=1&resize=700%2C400 2x, https:\/\/i0.wp.com\/lampda.fr\/wp-content\/uploads\/2020\/10\/ANT_1621.jpg?fit=1200%2C1162&ssl=1&resize=1050%2C600 3x"},"classes":[]},{"id":6101,"url":"https:\/\/lampda.fr\/index.php\/produit\/lampe-vintage-industrielle-pulverisateur-muratori-l-2\/","url_meta":{"origin":11570,"position":4},"title":"Lampe vintage \/ industrielle pulv\u00e9risateur Muratori","author":"Monsieur Lampda","date":"12 d\u00e9cembre 2022","format":false,"excerpt":"Lampe vintage \/ industrielle pulv\u00e9risateur Muratori Cr\u00e9ation unique, sign\u00e9e, assembl\u00e9e \u00e0 la main et artisanalement en France, issue d'objets recycl\u00e9s. Cette lampe est cr\u00e9\u00e9e \u00e0 partir d'un pulv\u00e9risateur de paysagiste des ann\u00e9es 60. Il est reconverti avec un cordon finition textile bleu. La douille E27 est en acier laitonn\u00e9. Toutes\u2026","rel":"","context":"Article similaire","block_context":{"text":"Article similaire","link":""},"img":{"alt_text":"LAMPDA","src":"https:\/\/i0.wp.com\/lampda.fr\/wp-content\/uploads\/2022\/12\/ANT_1055.jpg?fit=1108%2C1200&ssl=1&resize=350%2C200","width":350,"height":200,"srcset":"https:\/\/i0.wp.com\/lampda.fr\/wp-content\/uploads\/2022\/12\/ANT_1055.jpg?fit=1108%2C1200&ssl=1&resize=350%2C200 1x, https:\/\/i0.wp.com\/lampda.fr\/wp-content\/uploads\/2022\/12\/ANT_1055.jpg?fit=1108%2C1200&ssl=1&resize=525%2C300 1.5x, https:\/\/i0.wp.com\/lampda.fr\/wp-content\/uploads\/2022\/12\/ANT_1055.jpg?fit=1108%2C1200&ssl=1&resize=700%2C400 2x, https:\/\/i0.wp.com\/lampda.fr\/wp-content\/uploads\/2022\/12\/ANT_1055.jpg?fit=1108%2C1200&ssl=1&resize=1050%2C600 3x"},"classes":[]},{"id":7300,"url":"https:\/\/lampda.fr\/index.php\/produit\/lampe-vintage-appareil-photo-cord\/","url_meta":{"origin":11570,"position":5},"title":"Lampe vintage appareil photo CORD","author":"Monsieur Lampda","date":"3 d\u00e9cembre 2023","format":false,"excerpt":"Lampe appareil photo CORD 47 Il est reconverti avec un cordon finition textile noir. La douille E27 est en acier laitonn\u00e9. Toutes les pi\u00e8ces \u00e9lectriques sont neuves, homologu\u00e9es CE et NF. Cette cr\u00e9ation apportera une touche unique \u00e0 votre d\u00e9coration. Que vos meubles soient modernes (laqu\u00e9, scandinave, industriel) ou massifs\u2026","rel":"","context":"Article similaire","block_context":{"text":"Article similaire","link":""},"img":{"alt_text":"","src":"https:\/\/i0.wp.com\/lampda.fr\/wp-content\/uploads\/2023\/12\/ANT_0099.jpg?fit=1188%2C1200&ssl=1&resize=350%2C200","width":350,"height":200,"srcset":"https:\/\/i0.wp.com\/lampda.fr\/wp-content\/uploads\/2023\/12\/ANT_0099.jpg?fit=1188%2C1200&ssl=1&resize=350%2C200 1x, https:\/\/i0.wp.com\/lampda.fr\/wp-content\/uploads\/2023\/12\/ANT_0099.jpg?fit=1188%2C1200&ssl=1&resize=525%2C300 1.5x, https:\/\/i0.wp.com\/lampda.fr\/wp-content\/uploads\/2023\/12\/ANT_0099.jpg?fit=1188%2C1200&ssl=1&resize=700%2C400 2x, https:\/\/i0.wp.com\/lampda.fr\/wp-content\/uploads\/2023\/12\/ANT_0099.jpg?fit=1188%2C1200&ssl=1&resize=1050%2C600 3x"},"classes":[]}],"_links":{"self":[{"href":"https:\/\/lampda.fr\/index.php\/wp-json\/wp\/v2\/product\/11570","targetHints":{"allow":["GET"]}}],"collection":[{"href":"https:\/\/lampda.fr\/index.php\/wp-json\/wp\/v2\/product"}],"about":[{"href":"https:\/\/lampda.fr\/index.php\/wp-json\/wp\/v2\/types\/product"}],"wp:featuredmedia":[{"embeddable":true,"href":"https:\/\/lampda.fr\/index.php\/wp-json\/wp\/v2\/media\/11567"}],"wp:attachment":[{"href":"https:\/\/lampda.fr\/index.php\/wp-json\/wp\/v2\/media?parent=11570"}],"wp:term":[{"taxonomy":"product_brand","embeddable":true,"href":"https:\/\/lampda.fr\/index.php\/wp-json\/wp\/v2\/product_brand?post=11570"},{"taxonomy":"product_cat","embeddable":true,"href":"https:\/\/lampda.fr\/index.php\/wp-json\/wp\/v2\/product_cat?post=11570"},{"taxonomy":"product_tag","embeddable":true,"href":"https:\/\/lampda.fr\/index.php\/wp-json\/wp\/v2\/product_tag?post=11570"}],"curies":[{"name":"wp","href":"https:\/\/api.w.org\/{rel}","templated":true}]}}