{"id":4718,"date":"2021-08-31T20:28:04","date_gmt":"2021-08-31T18:28:04","guid":{"rendered":"https:\/\/lampda.fr\/?post_type=product&#038;p=4718"},"modified":"2024-12-01T19:58:02","modified_gmt":"2024-12-01T18:58:02","slug":"lampe-lol-lampda-x-pauline-salvan-copie","status":"publish","type":"product","link":"https:\/\/lampda.fr\/index.php\/produit\/lampe-lol-lampda-x-pauline-salvan-copie\/","title":{"rendered":"Lampe \u00ab\u00a0LOL\u00a0\u00bb &#8211; Lampda x Pauline Salvan"},"content":{"rendered":"<p>Lampe \u00ab\u00a0LOL\u00a0\u00bb n\u00e9e de la collaboration de Lampda et Pauline Salvan<\/p>\n<p>Une magnifique pi\u00e8ce unique cr\u00e9\u00e9e autour d&rsquo;un appareil photo des ann\u00e9es 50 aux couleurs resplendissantes dans l&rsquo;esprit d&rsquo;un street art enfantin et happy \ud83d\udc99\u2764\ufe0f\ud83d\udc9b\ud83d\udc9c\ud83d\udc9a\ud83d\udda4<\/p>\n<p>Pour d\u00e9couvrir l&rsquo;univers de Pauline Salvan, c&rsquo;est ici : <a href=\"https:\/\/www.paulinesalvan.fr\/\" rel=\"noopener\" target=\"_blank\">www.paulinesalvan.fr\/<\/a><\/p>\n","protected":false},"excerpt":{"rendered":"<p>Lampe \u00ab\u00a0LOL\u00a0\u00bb n\u00e9e de la collaboration de Lampda et Pauline Salvan Une magnifique pi\u00e8ce unique cr\u00e9\u00e9e autour d&rsquo;un appareil photo des ann\u00e9es 50 aux couleurs resplendissantes dans l&rsquo;esprit d&rsquo;un street art enfantin et happy \ud83d\udc99\u2764\ufe0f\ud83d\udc9b\ud83d\udc9c\ud83d\udc9a\ud83d\udda4 Pour d\u00e9couvrir l&rsquo;univers de Pauline Salvan, c&rsquo;est ici : www.paulinesalvan.fr\/<\/p>\n","protected":false},"featured_media":4707,"template":"","meta":{"_monsterinsights_skip_tracking":false,"_monsterinsights_sitenote_active":false,"_monsterinsights_sitenote_note":"","_monsterinsights_sitenote_category":0,"_uf_show_specific_survey":0,"_uf_disable_surveys":false,"jetpack_publicize_message":"","jetpack_publicize_feature_enabled":true,"jetpack_social_post_already_shared":true,"jetpack_social_options":{"image_generator_settings":{"template":"highway","default_image_id":0,"font":"","enabled":false},"version":2}},"product_brand":[],"product_cat":[173,232],"product_tag":[41,50,63,64,233,234],"class_list":{"0":"post-4718","1":"product","2":"type-product","3":"status-publish","4":"has-post-thumbnail","6":"product_cat-lampes-appareil-photo","7":"product_cat-lampda-x-pauline-salvan","8":"product_tag-lampe","9":"product_tag-appareil-photo","10":"product_tag-rouge","11":"product_tag-annees-50","12":"product_tag-couleurs","13":"product_tag-pauline-salvan","15":"first","16":"instock","17":"sale","18":"shipping-taxable","19":"purchasable","20":"product-type-simple"},"jetpack_publicize_connections":[],"jetpack_sharing_enabled":true,"jetpack-related-posts":[{"id":11569,"url":"https:\/\/lampda.fr\/index.php\/produit\/lampe-vintage-appareil-photo-kodak-brownie-flash-3\/","url_meta":{"origin":4718,"position":0},"title":"Lampe vintage appareil photo Kodak Brownie Flash","author":"Monsieur Lampda","date":"28 novembre 2025","format":false,"excerpt":"Lampe appareil photo vintage Kodak Brownie Flash, un classique chez LAMPDA \ud83d\ude09 Cet appareil photo \u00e9tait le cadeau que de nombreux communiants ont re\u00e7u dans les ann\u00e9es 60. Cette lampe de table est cr\u00e9\u00e9e \u00e0 partir d\u2019un appareil photo Kodak Brownie Flash des ann\u00e9es 60. Il est reconverti avec un\u2026","rel":"","context":"Article similaire","block_context":{"text":"Article similaire","link":""},"img":{"alt_text":"LAMPDA","src":"https:\/\/i0.wp.com\/lampda.fr\/wp-content\/uploads\/2022\/12\/ANT_1056.jpg?fit=1200%2C1190&ssl=1&resize=350%2C200","width":350,"height":200,"srcset":"https:\/\/i0.wp.com\/lampda.fr\/wp-content\/uploads\/2022\/12\/ANT_1056.jpg?fit=1200%2C1190&ssl=1&resize=350%2C200 1x, https:\/\/i0.wp.com\/lampda.fr\/wp-content\/uploads\/2022\/12\/ANT_1056.jpg?fit=1200%2C1190&ssl=1&resize=525%2C300 1.5x, https:\/\/i0.wp.com\/lampda.fr\/wp-content\/uploads\/2022\/12\/ANT_1056.jpg?fit=1200%2C1190&ssl=1&resize=700%2C400 2x, https:\/\/i0.wp.com\/lampda.fr\/wp-content\/uploads\/2022\/12\/ANT_1056.jpg?fit=1200%2C1190&ssl=1&resize=1050%2C600 3x"},"classes":[]},{"id":4880,"url":"https:\/\/lampda.fr\/index.php\/produit\/lampe-vintage-appareil-photo-a-soufflet-kodak-modele-11\/","url_meta":{"origin":4718,"position":1},"title":"Lampe vintage appareil photo \u00e0 soufflet KODAK mod\u00e8le 11","author":"Monsieur Lampda","date":"8 octobre 2021","format":false,"excerpt":"Lampe appareil photo \u00e0 soufflet KODAK mod\u00e8le 11 La bague autour de l'objectif est de toute beaut\u00e9 \ud83d\udc99 Cette lampe est cr\u00e9\u00e9e \u00e0 partir d'un appareil photo \u00e0 soufflet des ann\u00e9es 1940. Il est reconverti avec un cordon finition textile gris. La douille E27 est noire. Toutes les pi\u00e8ces \u00e9lectriques\u2026","rel":"","context":"Article similaire","block_context":{"text":"Article similaire","link":""},"img":{"alt_text":"LAMPDA","src":"https:\/\/i0.wp.com\/lampda.fr\/wp-content\/uploads\/2021\/10\/ANT_1944.jpg?fit=1195%2C1200&ssl=1&resize=350%2C200","width":350,"height":200,"srcset":"https:\/\/i0.wp.com\/lampda.fr\/wp-content\/uploads\/2021\/10\/ANT_1944.jpg?fit=1195%2C1200&ssl=1&resize=350%2C200 1x, https:\/\/i0.wp.com\/lampda.fr\/wp-content\/uploads\/2021\/10\/ANT_1944.jpg?fit=1195%2C1200&ssl=1&resize=525%2C300 1.5x, https:\/\/i0.wp.com\/lampda.fr\/wp-content\/uploads\/2021\/10\/ANT_1944.jpg?fit=1195%2C1200&ssl=1&resize=700%2C400 2x, https:\/\/i0.wp.com\/lampda.fr\/wp-content\/uploads\/2021\/10\/ANT_1944.jpg?fit=1195%2C1200&ssl=1&resize=1050%2C600 3x"},"classes":[]},{"id":6101,"url":"https:\/\/lampda.fr\/index.php\/produit\/lampe-vintage-industrielle-pulverisateur-muratori-l-2\/","url_meta":{"origin":4718,"position":2},"title":"Lampe vintage \/ industrielle pulv\u00e9risateur Muratori","author":"Monsieur Lampda","date":"12 d\u00e9cembre 2022","format":false,"excerpt":"Lampe vintage \/ industrielle pulv\u00e9risateur Muratori Cr\u00e9ation unique, sign\u00e9e, assembl\u00e9e \u00e0 la main et artisanalement en France, issue d'objets recycl\u00e9s. Cette lampe est cr\u00e9\u00e9e \u00e0 partir d'un pulv\u00e9risateur de paysagiste des ann\u00e9es 60. Il est reconverti avec un cordon finition textile bleu. La douille E27 est en acier laitonn\u00e9. Toutes\u2026","rel":"","context":"Article similaire","block_context":{"text":"Article similaire","link":""},"img":{"alt_text":"LAMPDA","src":"https:\/\/i0.wp.com\/lampda.fr\/wp-content\/uploads\/2022\/12\/ANT_1055.jpg?fit=1108%2C1200&ssl=1&resize=350%2C200","width":350,"height":200,"srcset":"https:\/\/i0.wp.com\/lampda.fr\/wp-content\/uploads\/2022\/12\/ANT_1055.jpg?fit=1108%2C1200&ssl=1&resize=350%2C200 1x, https:\/\/i0.wp.com\/lampda.fr\/wp-content\/uploads\/2022\/12\/ANT_1055.jpg?fit=1108%2C1200&ssl=1&resize=525%2C300 1.5x, https:\/\/i0.wp.com\/lampda.fr\/wp-content\/uploads\/2022\/12\/ANT_1055.jpg?fit=1108%2C1200&ssl=1&resize=700%2C400 2x, https:\/\/i0.wp.com\/lampda.fr\/wp-content\/uploads\/2022\/12\/ANT_1055.jpg?fit=1108%2C1200&ssl=1&resize=1050%2C600 3x"},"classes":[]},{"id":5125,"url":"https:\/\/lampda.fr\/index.php\/produit\/lampe-projecteur-super-8-missouri\/","url_meta":{"origin":4718,"position":3},"title":"Lampe Projecteur Super 8 MISSOURI","author":"Monsieur Lampda","date":"28 novembre 2021","format":false,"excerpt":"Lampe vintage \/ industrielle Projecteur MISSOURI des ann\u00e9es 60 Un vrai voyage industriel aux USA \ud83d\udc99 On dirait la carosserie d'une belle Cadillac Cr\u00e9ation unique, sign\u00e9e, assembl\u00e9e \u00e0 la main et artisanalement en France, issue d'objets recycl\u00e9s. Cette lampe est cr\u00e9\u00e9e \u00e0 partir d'un projecteur super 8 des ann\u00e9es 50.\u2026","rel":"","context":"Article similaire","block_context":{"text":"Article similaire","link":""},"img":{"alt_text":"LAMPDA","src":"https:\/\/i0.wp.com\/lampda.fr\/wp-content\/uploads\/2021\/11\/ANT_2207-1.jpg?fit=1200%2C1191&ssl=1&resize=350%2C200","width":350,"height":200,"srcset":"https:\/\/i0.wp.com\/lampda.fr\/wp-content\/uploads\/2021\/11\/ANT_2207-1.jpg?fit=1200%2C1191&ssl=1&resize=350%2C200 1x, https:\/\/i0.wp.com\/lampda.fr\/wp-content\/uploads\/2021\/11\/ANT_2207-1.jpg?fit=1200%2C1191&ssl=1&resize=525%2C300 1.5x, https:\/\/i0.wp.com\/lampda.fr\/wp-content\/uploads\/2021\/11\/ANT_2207-1.jpg?fit=1200%2C1191&ssl=1&resize=700%2C400 2x, https:\/\/i0.wp.com\/lampda.fr\/wp-content\/uploads\/2021\/11\/ANT_2207-1.jpg?fit=1200%2C1191&ssl=1&resize=1050%2C600 3x"},"classes":[]},{"id":5924,"url":"https:\/\/lampda.fr\/index.php\/produit\/lampe-vintage-industrielle-chalumeau-express\/","url_meta":{"origin":4718,"position":4},"title":"Lampe vintage \/ industrielle chalumeau EXPRESS","author":"Monsieur Lampda","date":"30 octobre 2022","format":false,"excerpt":"Lampe vintage \/ industrielle chalumeau-lampe \u00e0 souder EXPRESS Cr\u00e9ation unique, sign\u00e9e, assembl\u00e9e \u00e0 la main et artisanalement en France, issue d'objets recycl\u00e9s. Ce chalumeau des ann\u00e9es 50 est reconverti avec un cordon finition textile noir. La douille E27 est en acier laitonn\u00e9. Toutes les pi\u00e8ces \u00e9lectriques sont neuves, homologu\u00e9es CE\u2026","rel":"","context":"Article similaire","block_context":{"text":"Article similaire","link":""},"img":{"alt_text":"LAMPDA","src":"https:\/\/i0.wp.com\/lampda.fr\/wp-content\/uploads\/2018\/05\/ANT_0052.jpg?fit=1200%2C1198&ssl=1&resize=350%2C200","width":350,"height":200,"srcset":"https:\/\/i0.wp.com\/lampda.fr\/wp-content\/uploads\/2018\/05\/ANT_0052.jpg?fit=1200%2C1198&ssl=1&resize=350%2C200 1x, https:\/\/i0.wp.com\/lampda.fr\/wp-content\/uploads\/2018\/05\/ANT_0052.jpg?fit=1200%2C1198&ssl=1&resize=525%2C300 1.5x, https:\/\/i0.wp.com\/lampda.fr\/wp-content\/uploads\/2018\/05\/ANT_0052.jpg?fit=1200%2C1198&ssl=1&resize=700%2C400 2x, https:\/\/i0.wp.com\/lampda.fr\/wp-content\/uploads\/2018\/05\/ANT_0052.jpg?fit=1200%2C1198&ssl=1&resize=1050%2C600 3x"},"classes":[]},{"id":5925,"url":"https:\/\/lampda.fr\/index.php\/produit\/lampe-vintage-boite-bouillon-kub\/","url_meta":{"origin":4718,"position":5},"title":"Lampe vintage bo\u00eete Bouillon KUB","author":"Monsieur Lampda","date":"30 octobre 2022","format":false,"excerpt":"Lampe bo\u00eete publicitaire Bouillon KUB des ann\u00e9es 50 Cr\u00e9ation unique, sign\u00e9e, assembl\u00e9e \u00e0 la main et artisanalement en France, issue d'objets recycl\u00e9s. La c\u00e9l\u00e8bre bo\u00eete est reconvertie avec un cordon finition textile rouge. La douille E27 est en acier laitonn\u00e9. Toutes les pi\u00e8ces \u00e9lectriques sont neuves, homologu\u00e9es CE et NF.\u2026","rel":"","context":"Article similaire","block_context":{"text":"Article similaire","link":""},"img":{"alt_text":"LAMPDA","src":"https:\/\/i0.wp.com\/lampda.fr\/wp-content\/uploads\/2018\/05\/ANT_0062.jpg?fit=1200%2C1198&ssl=1&resize=350%2C200","width":350,"height":200,"srcset":"https:\/\/i0.wp.com\/lampda.fr\/wp-content\/uploads\/2018\/05\/ANT_0062.jpg?fit=1200%2C1198&ssl=1&resize=350%2C200 1x, https:\/\/i0.wp.com\/lampda.fr\/wp-content\/uploads\/2018\/05\/ANT_0062.jpg?fit=1200%2C1198&ssl=1&resize=525%2C300 1.5x, https:\/\/i0.wp.com\/lampda.fr\/wp-content\/uploads\/2018\/05\/ANT_0062.jpg?fit=1200%2C1198&ssl=1&resize=700%2C400 2x, https:\/\/i0.wp.com\/lampda.fr\/wp-content\/uploads\/2018\/05\/ANT_0062.jpg?fit=1200%2C1198&ssl=1&resize=1050%2C600 3x"},"classes":[]}],"_links":{"self":[{"href":"https:\/\/lampda.fr\/index.php\/wp-json\/wp\/v2\/product\/4718","targetHints":{"allow":["GET"]}}],"collection":[{"href":"https:\/\/lampda.fr\/index.php\/wp-json\/wp\/v2\/product"}],"about":[{"href":"https:\/\/lampda.fr\/index.php\/wp-json\/wp\/v2\/types\/product"}],"wp:featuredmedia":[{"embeddable":true,"href":"https:\/\/lampda.fr\/index.php\/wp-json\/wp\/v2\/media\/4707"}],"wp:attachment":[{"href":"https:\/\/lampda.fr\/index.php\/wp-json\/wp\/v2\/media?parent=4718"}],"wp:term":[{"taxonomy":"product_brand","embeddable":true,"href":"https:\/\/lampda.fr\/index.php\/wp-json\/wp\/v2\/product_brand?post=4718"},{"taxonomy":"product_cat","embeddable":true,"href":"https:\/\/lampda.fr\/index.php\/wp-json\/wp\/v2\/product_cat?post=4718"},{"taxonomy":"product_tag","embeddable":true,"href":"https:\/\/lampda.fr\/index.php\/wp-json\/wp\/v2\/product_tag?post=4718"}],"curies":[{"name":"wp","href":"https:\/\/api.w.org\/{rel}","templated":true}]}}