{"id":4928,"date":"2021-10-24T20:17:12","date_gmt":"2021-10-24T18:17:12","guid":{"rendered":"https:\/\/lampda.fr\/?post_type=product&#038;p=4928"},"modified":"2023-09-27T11:03:27","modified_gmt":"2023-09-27T09:03:27","slug":"bon-dachat-de-50e","status":"publish","type":"product","link":"https:\/\/lampda.fr\/index.php\/produit\/bon-dachat-de-50e\/","title":{"rendered":"Bon cadeau de 50\u20ac"},"content":{"rendered":"<p>La d\u00e9co, c&rsquo;est tr\u00e8s perso. Peur de vous tromper ? Offrez un bon cadeau !\ud83d\udca1\ud83c\udf81<br \/>\nLe bon d&rsquo;achat peut vous \u00eatre envoy\u00e9 par mail ou envoy\u00e9 par courrier \u00e0 l&rsquo;heureu.se.x destinataire. Pr\u00e9cisez le au moment de valider votre panier \ud83d\ude42<br \/>\nLe bon d&rsquo;achat g\u00e9n\u00e9r\u00e9 est valable sur tout lampda.fr pendant 1 an.<\/p>\n<p>Si vous souhaitez offrir un bon d&rsquo;achat d&rsquo;un autre montant, <div data-test='contact-form'\n\t\t\tid='contact-form-4928'\n\t\t\tclass='jetpack-contact-form-container '\n\t\t\tdata-wp-interactive='jetpack\/form' data-wp-context='{\"formId\":\"4928\",\"formHash\":\"b7395a9bc1cf2c52df9054711732b7875f8c0aa3\",\"showErrors\":false,\"errors\":[],\"fields\":[],\"isMultiStep\":false,\"useAjax\":false,\"submissionData\":null,\"formattedSubmissionData\":[],\"submissionSuccess\":false,\"submissionError\":null,\"elementId\":\"jp-form-b7395a9bc1cf2c52df9054711732b7875f8c0aa3\",\"isSingleInputForm\":false,\"isForcedHorizontal\":false}'\n\t\t\tdata-wp-watch--scroll-to-wrapper=\"callbacks.scrollToWrapper\"\n\t\t>\n<div class=\"contact-form-submission contact-form-ajax-submission\" data-wp-bind--aria-hidden=\"state.isSuccessMessageAriaHidden\" data-wp-class--submission-success=\"context.submissionSuccess\" id=\"contact-form-success-b7395a9bc1cf2c52df9054711732b7875f8c0aa3\" tabindex=\"-1\" aria-labelledby=\"contact-form-success-header-b7395a9bc1cf2c52df9054711732b7875f8c0aa3\"><p class=\"go-back-message\"><a class=\"link\" role=\"button\" tabindex=\"0\" data-wp-on--click=\"actions.goBack\" href=\"\/index.php\/wp-json\/wp\/v2\/product\/4928\">\u2190 Retour<\/a><\/p><h4 data-wp-bind--aria-hidden=\"state.isSuccessMessageAriaHidden\" id=\"contact-form-success-header-b7395a9bc1cf2c52df9054711732b7875f8c0aa3\">Merci pour votre r\u00e9ponse. \u2728<\/h4>\n\n<template data-wp-each--submission=\"context.formattedSubmissionData\">\n\t\t\t\t\t<div class=\"jetpack_forms_contact-form-success-summary\">\n\t\t\t\t\t\t<div class=\"field-name-wrapper\">\n\t\t\t\t\t\t\t<div class=\"field-type-icon\" data-wp-watch=\"callbacks.watchFieldTypeIcon\"><\/div>\n\t\t\t\t\t\t\t<div class=\"field-name\" data-wp-text=\"context.submission.label\" data-wp-bind--hidden=\"!context.submission.label\"><\/div>\n\t\t\t\t\t\t<\/div>\n\t\t\t\t\t\t<div class=\"field-value\" data-wp-text=\"context.submission.value\" data-wp-bind--hidden=\"!context.submission.showPlainValue\"><\/div>\n\t\t\t\t\t\t<a class=\"field-url\" data-wp-bind--href=\"context.submission.url\" data-wp-text=\"context.submission.value\" data-wp-bind--hidden=\"!context.submission.url\" target=\"_blank\" rel=\"noopener noreferrer\"><\/a>\n\t\t\t\t\t\t<div class=\"field-rating\" data-wp-bind--hidden=\"!context.submission.rating\" data-wp-watch=\"callbacks.watchRatingIcons\"><\/div>\n\t\t\t\t\t\t<div class=\"field-images\" data-wp-bind--hidden=\"!context.submission.images\">\n\t\t\t\t\t\t\t<template data-wp-each--image=\"context.submission.images\">\n\t\t\t\t\t\t\t\t<div class=\"field-image-option\" data-wp-class--is-empty=\"!context.image.src\">\n\t\t\t\t\t\t\t\t\t<figure class=\"field-image-option__image\" data-wp-class--is-empty=\"!context.image.src\">\n\t\t\t\t\t\t\t\t\t\t<img data-wp-bind--src=\"context.image.src\" data-wp-bind--hidden=\"!context.image.src\" \/>\n\t\t\t\t\t\t\t\t\t\t<img decoding=\"async\" src=\"data:image\/gif;base64,R0lGODlhAQABAAD\/ACwAAAAAAQABAAACADs=\" data-wp-bind--hidden=\"context.image.src\" \/>\n\t\t\t\t\t\t\t\t\t<\/figure>\n\t\t\t\t\t\t\t\t\t<div class=\"field-image-option__label-wrapper\">\n\t\t\t\t\t\t\t\t\t\t<span class=\"field-image-option__label-code\" data-wp-text=\"context.image.letterCode\"><\/span>\n\t\t\t\t\t\t\t\t\t\t<span class=\"field-image-option__label\" data-wp-text=\"context.image.label\" data-wp-bind--hidden=\"!context.image.label\"><\/span>\n\t\t\t\t\t\t\t\t\t<\/div>\n\t\t\t\t\t\t\t\t<\/div>\n\t\t\t\t\t\t\t<\/template>\n\t\t\t\t\t\t<\/div>\n\t\t\t\t\t\t<div class=\"field-files\" data-wp-bind--hidden=\"!context.submission.files\">\n\t\t\t\t\t\t\t<template data-wp-each--file=\"context.submission.files\">\n\t\t\t\t\t\t\t\t<div class=\"field-file\">\n\t\t\t\t\t\t\t\t\t<div class=\"field-file__thumbnail\" data-wp-style--background-image=\"context.file.previewUrl\" data-wp-style--mask-image=\"context.file.iconUrl\" data-wp-bind--hidden=\"!context.file.hasPreview\"><\/div>\n\t\t\t\t\t\t\t\t\t<svg class=\"field-file__icon\" data-wp-bind--hidden=\"context.file.hasPreview\" width=\"20\" height=\"20\" viewBox=\"0 0 24 24\" fill=\"none\" xmlns=\"http:\/\/www.w3.org\/2000\/svg\" aria-hidden=\"true\">\n\t\t\t\t\t\t\t\t\t\t<path d=\"M14 2H6C4.9 2 4 2.9 4 4V20C4 21.1 4.89 22 5.99 22H18C19.1 22 20 21.1 20 20V8L14 2ZM18 20H6V4H13V9H18V20Z\" fill=\"currentColor\"\/>\n\t\t\t\t\t\t\t\t\t<\/svg>\n\t\t\t\t\t\t\t\t\t<span class=\"field-file__name\" data-wp-text=\"context.file.name\"><\/span>\n\t\t\t\t\t\t\t\t\t<span class=\"field-file__size\" data-wp-text=\"context.file.size\"><\/span>\n\t\t\t\t\t\t\t\t<\/div>\n\t\t\t\t\t\t\t<\/template>\n\t\t\t\t\t\t<\/div>\n\t\t\t\t\t<\/div>\n\t\t\t\t<\/template><\/div><form action='https:\/\/lampda.fr\/index.php\/produit\/bon-dachat-de-50e\/'\n\t\t\t\tid='jp-form-b7395a9bc1cf2c52df9054711732b7875f8c0aa3'\n\t\t\t\tmethod='post'\n\t\t\t\tclass='contact-form commentsblock jetpack-contact-form__form has-no-jetpack-form-layout' aria-label=\"Bon cadeau de 50\u20ac\"\n\t\t\t\tdata-wp-on--submit=\"actions.onFormSubmit\"\n\t\t\t\tdata-wp-on--reset=\"actions.onFormReset\"\n\t\t\t\tdata-wp-class--submission-success=\"context.submissionSuccess\"\n\t\t\t\tdata-wp-class--is-first-step=\"state.isFirstStep\"\n\t\t\t\tdata-wp-class--is-last-step=\"state.isLastStep\"\n\t\t\t\tdata-wp-class--is-ajax-form=\"context.useAjax\"\n\t\t\t\tnovalidate >\n<input type='hidden' name='jetpack_contact_form_jwt' value='eyJ0eXAiOiJKV1QiLCJhbGciOiJIUzI1NiJ9.eyJlbmNyeXB0ZWRfYXR0cmlidXRlcyI6Ik9aQVB5Z3BSay9ZeXo4OXdxQjZTUW14SWRMU0RLNXBHQUQ5TldjVHRlSUtBVnJNNzdYeExJdHBKR2RiSXJUOFY2QWNZd2lNRkFwV1F3Q01mTDY3dEFGc0NibGtOMiszUVBrOFF4UitZVkN2UmVvZmh0TzN2b2ZPdFhJYWpCQzhQb29qWnVxUHVMT29sSDV2SWhDc3BaYllmTXAzaDBqM0c4VTBobjVUR1VKUVFVNjFIaFBnQ3AxZTVWRUtELzJTb0xTQzVwVG95bVNYTmwzM1Q2T2RnMjRybDNDUGgwY0wrSkRWRzM3TzZRWFJjYk9za1p0NlJndzNGUS81MU5Ea0lsbFA4SVR5N05uYldCMjdycHp1b1YxR3p4U0FIR0s1U2VVNCtBVWNDdGQrWVdZWm43U2o1UFRyNmtjd1JSL1VJdmMxbjlYNmxmbVNqUkFBWkJQbkM2WUlRQk85T3V3UWRhREY0MnpsaUhtWHU3Tm9PL0ZkVm5LVzhBZThBOC9Lamt3KzY4YXJ1dHE1ZUY0bWJiMjVGM3BkUXBveHRiWTlhWUpVRWpvZE94RHdORnRMV3JIazU3WmhRV1NycWp5T3FEd3pGV1FPSVdXOGllUXVLSlBRdGIyTER6SnVuZDg1Nm5CNVdIWjZpQkRtcVhaKzY5WW9qcldWcjlTR2V0RlRFcWFWSnljZnRwZW9xck5ZNTc1VWtWOXlCUGovSHBGazh5eHBVU0h5YWRjbDcwaERlRE12U1dGTmZUVFZPMk9kQ0s0NkUzcDFPVUZsUjJXeXRUSmdMR0Y0TXZHOGJneTBFb0MzV1k0c1M1dXF0WTNmNFR4QnhYUFpaa21pVjVaTHkvOVo3QnJtMmtMditKQTlQV01JMFVSUHp3WTkyU2tTenJZR3k1Njl0Yk9rTlZ4RWdBRzQweUw5V2V4SUFvYzY5elNIblZRK1IzR2hnZExsYm5PeHhJTTd5Smx6UG01ZUJzeVBrSHJjUXp2azNvNHJnQXRnRnNXL1NiL0dHMThnNmhWZFJpN1hyeUdrRGhtdytjVG9sS2loQ1JFbnF6N051ZG5aOFlzbzVIY1BZcitNQXFmYXBobDF0WXg1OVN0emJjWnVzSGZQV1hTZVk0Z3VLdE9ENmxqNXg1WitSczRCM1NyaUFYSGRqUmFVMHlTV3NWbjNuUjBaaWJtZkVQMzF4SnhHS2dXWTRuZWlCYjc3Qy9QWk95a3RWL0NNNyIsImNvbnRlbnQiOiJbY29udGFjdC1maWVsZCBsYWJlbD1cIk5vbVwiIHR5cGU9XCJuYW1lXCIgIHJlcXVpcmVkPVwidHJ1ZVwiIC9dW2NvbnRhY3QtZmllbGQgbGFiZWw9XCJFLW1haWxcIiB0eXBlPVwiZW1haWxcIiByZXF1aXJlZD1cInRydWVcIiAvXVtjb250YWN0LWZpZWxkIGxhYmVsPVwiU2l0ZSB3ZWJcIiB0eXBlPVwidXJsXCIgL11bY29udGFjdC1maWVsZCBsYWJlbD1cIk1lc3NhZ2VcIiB0eXBlPVwidGV4dGFyZWFcIiAvXSIsImhhc2giOiJiNzM5NWE5YmMxY2YyYzUyZGY5MDU0NzExNzMyYjc4NzVmOGMwYWEzIiwic291cmNlIjp7ImVudHJ5X3RpdGxlIjoiQm9uIGNhZGVhdSBkZSA1MFx1MjBhYyIsImVudHJ5X3BhZ2UiOjEsInNvdXJjZV9pZCI6NDkyOCwic291cmNlX3R5cGUiOiJzaW5nbGUiLCJyZXF1ZXN0X3VybCI6Imh0dHBzOi8vbGFtcGRhLmZyL3dwLWpzb24vd3AvdjIvcHJvZHVjdC80OTI4In0sInZlcnNpb24iOjIsImNpcGhlciI6ImFlcy0yNTYtZ2NtIn0.W14eexyKB_zA9RdJSnGVUtOibY2BqCu3yiHD9hs7nxY' \/>\n\n<div style=\"\"  data-wp-interactive=\"jetpack\/form\" data-wp-context='{\"fieldId\":\"g4928-nom\",\"fieldType\":\"name\",\"fieldLabel\":\"Nom\",\"fieldValue\":\"\",\"fieldPlaceholder\":\"\",\"fieldIsRequired\":\"1\",\"fieldErrorMessage\":\"\",\"fieldExtra\":[],\"formHash\":\"b7395a9bc1cf2c52df9054711732b7875f8c0aa3\"}'  class='grunion-field-name-wrap grunion-field-wrap'  data-wp-init='callbacks.initializeField' data-wp-on--jetpack-form-reset='callbacks.initializeField' >\n<label\n\t\t\t\tfor='g4928-nom' class=\"grunion-field-label name\" >Nom<span class=\"grunion-label-required\" aria-hidden=\"true\">(obligatoire)<\/span><\/label>\n<input\n\t\t\t\t\ttype='text'\n\t\t\t\t\tname='g4928-nom'\n\t\t\t\t\tid='g4928-nom'\n\t\t\t\t\tvalue=''\n\n\t\t\t\t\tdata-wp-bind--aria-invalid='state.fieldAriaInvalid'\n\t\t\t\t\tdata-wp-bind--value='state.getFieldValue'\n\t\t\t\t\taria-describedby='g4928-nom-text-error-message'\n\t\t\t\t\tdata-wp-on--input='actions.onFieldChange'\n\t\t\t\t\tdata-wp-on--blur='actions.onFieldBlur'\n\t\t\t\t\tdata-wp-class--has-value='state.hasFieldValue'\n\n\t\t\t\t\tclass='name  grunion-field' \n\t\t\t\t\trequired='true' aria-required='true'  \/>\n \n\t\t\t<div id=\"g4928-nom-text-error\" class=\"contact-form__input-error\" data-wp-class--has-errors=\"state.fieldHasErrors\">\n\t\t\t\t<span class=\"contact-form__warning-icon\" aria-hidden=\"true\">\n\t\t\t\t\t<svg width=\"16\" height=\"16\" viewBox=\"0 0 16 16\" fill=\"none\" xmlns=\"http:\/\/www.w3.org\/2000\/svg\">\n\t\t\t\t\t\t<path d=\"M8.50015 11.6402H7.50015V10.6402H8.50015V11.6402Z\" \/>\n\t\t\t\t\t\t<path d=\"M7.50015 9.64018H8.50015V6.30684H7.50015V9.64018Z\" \/>\n\t\t\t\t\t\t<path fill-rule=\"evenodd\" clip-rule=\"evenodd\" d=\"M6.98331 3.0947C7.42933 2.30177 8.57096 2.30177 9.01698 3.09469L13.8771 11.7349C14.3145 12.5126 13.7525 13.4735 12.8602 13.4735H3.14004C2.24774 13.4735 1.68575 12.5126 2.12321 11.7349L6.98331 3.0947ZM8.14541 3.58496C8.08169 3.47168 7.9186 3.47168 7.85488 3.58496L2.99478 12.2251C2.93229 12.3362 3.01257 12.4735 3.14004 12.4735H12.8602C12.9877 12.4735 13.068 12.3362 13.0055 12.2251L8.14541 3.58496Z\" \/>\n\t\t\t\t\t<\/svg>\n\t\t\t\t<\/span>\n\t\t\t\t<span data-wp-text=\"state.errorMessage\" id=\"g4928-nom-text-error-message\"><\/span>\n\t\t\t<\/div> \n\t<\/div>\n\n<div style=\"\"  data-wp-interactive=\"jetpack\/form\" data-wp-context='{\"fieldId\":\"g4928-email\",\"fieldType\":\"email\",\"fieldLabel\":\"E-mail\",\"fieldValue\":\"\",\"fieldPlaceholder\":\"\",\"fieldIsRequired\":\"1\",\"fieldErrorMessage\":\"\",\"fieldExtra\":[],\"formHash\":\"b7395a9bc1cf2c52df9054711732b7875f8c0aa3\"}'  class='grunion-field-email-wrap grunion-field-wrap'  data-wp-init='callbacks.initializeField' data-wp-on--jetpack-form-reset='callbacks.initializeField' >\n<label\n\t\t\t\tfor='g4928-email' class=\"grunion-field-label email\" >E-mail<span class=\"grunion-label-required\" aria-hidden=\"true\">(obligatoire)<\/span><\/label>\n<input\n\t\t\t\t\ttype='email'\n\t\t\t\t\tname='g4928-email'\n\t\t\t\t\tid='g4928-email'\n\t\t\t\t\tvalue=''\n\n\t\t\t\t\tdata-wp-bind--aria-invalid='state.fieldAriaInvalid'\n\t\t\t\t\tdata-wp-bind--value='state.getFieldValue'\n\t\t\t\t\taria-describedby='g4928-email-email-error-message'\n\t\t\t\t\tdata-wp-on--input='actions.onFieldChange'\n\t\t\t\t\tdata-wp-on--blur='actions.onFieldBlur'\n\t\t\t\t\tdata-wp-class--has-value='state.hasFieldValue'\n\n\t\t\t\t\tclass='email  grunion-field' \n\t\t\t\t\trequired='true' aria-required='true'  \/>\n \n\t\t\t<div id=\"g4928-email-email-error\" class=\"contact-form__input-error\" data-wp-class--has-errors=\"state.fieldHasErrors\">\n\t\t\t\t<span class=\"contact-form__warning-icon\" aria-hidden=\"true\">\n\t\t\t\t\t<svg width=\"16\" height=\"16\" viewBox=\"0 0 16 16\" fill=\"none\" xmlns=\"http:\/\/www.w3.org\/2000\/svg\">\n\t\t\t\t\t\t<path d=\"M8.50015 11.6402H7.50015V10.6402H8.50015V11.6402Z\" \/>\n\t\t\t\t\t\t<path d=\"M7.50015 9.64018H8.50015V6.30684H7.50015V9.64018Z\" \/>\n\t\t\t\t\t\t<path fill-rule=\"evenodd\" clip-rule=\"evenodd\" d=\"M6.98331 3.0947C7.42933 2.30177 8.57096 2.30177 9.01698 3.09469L13.8771 11.7349C14.3145 12.5126 13.7525 13.4735 12.8602 13.4735H3.14004C2.24774 13.4735 1.68575 12.5126 2.12321 11.7349L6.98331 3.0947ZM8.14541 3.58496C8.08169 3.47168 7.9186 3.47168 7.85488 3.58496L2.99478 12.2251C2.93229 12.3362 3.01257 12.4735 3.14004 12.4735H12.8602C12.9877 12.4735 13.068 12.3362 13.0055 12.2251L8.14541 3.58496Z\" \/>\n\t\t\t\t\t<\/svg>\n\t\t\t\t<\/span>\n\t\t\t\t<span data-wp-text=\"state.errorMessage\" id=\"g4928-email-email-error-message\"><\/span>\n\t\t\t<\/div> \n\t<\/div>\n\n<div style=\"\"  data-wp-interactive=\"jetpack\/form\" data-wp-context='{\"fieldId\":\"g4928-siteweb\",\"fieldType\":\"url\",\"fieldLabel\":\"Site web\",\"fieldValue\":\"\",\"fieldPlaceholder\":\"\",\"fieldIsRequired\":\"\",\"fieldErrorMessage\":\"\",\"fieldExtra\":[],\"formHash\":\"b7395a9bc1cf2c52df9054711732b7875f8c0aa3\"}'  class='grunion-field-url-wrap grunion-field-wrap'  data-wp-init='callbacks.initializeField' data-wp-on--jetpack-form-reset='callbacks.initializeField' >\n<label\n\t\t\t\tfor='g4928-siteweb' class=\"grunion-field-label url\" >Site web<\/label>\n<input\n\t\t\t\t\ttype='text'\n\t\t\t\t\tname='g4928-siteweb'\n\t\t\t\t\tid='g4928-siteweb'\n\t\t\t\t\tvalue=''\n\n\t\t\t\t\tdata-wp-bind--aria-invalid='state.fieldAriaInvalid'\n\t\t\t\t\tdata-wp-bind--value='state.getFieldValue'\n\t\t\t\t\taria-describedby='g4928-siteweb-text-error-message'\n\t\t\t\t\tdata-wp-on--input='actions.onFieldChange'\n\t\t\t\t\tdata-wp-on--blur='actions.onFieldBlur'\n\t\t\t\t\tdata-wp-class--has-value='state.hasFieldValue'\n\n\t\t\t\t\tclass='url  grunion-field' \n\t\t\t\t\t \/>\n \n\t\t\t<div id=\"g4928-siteweb-text-error\" class=\"contact-form__input-error\" data-wp-class--has-errors=\"state.fieldHasErrors\">\n\t\t\t\t<span class=\"contact-form__warning-icon\" aria-hidden=\"true\">\n\t\t\t\t\t<svg width=\"16\" height=\"16\" viewBox=\"0 0 16 16\" fill=\"none\" xmlns=\"http:\/\/www.w3.org\/2000\/svg\">\n\t\t\t\t\t\t<path d=\"M8.50015 11.6402H7.50015V10.6402H8.50015V11.6402Z\" \/>\n\t\t\t\t\t\t<path d=\"M7.50015 9.64018H8.50015V6.30684H7.50015V9.64018Z\" \/>\n\t\t\t\t\t\t<path fill-rule=\"evenodd\" clip-rule=\"evenodd\" d=\"M6.98331 3.0947C7.42933 2.30177 8.57096 2.30177 9.01698 3.09469L13.8771 11.7349C14.3145 12.5126 13.7525 13.4735 12.8602 13.4735H3.14004C2.24774 13.4735 1.68575 12.5126 2.12321 11.7349L6.98331 3.0947ZM8.14541 3.58496C8.08169 3.47168 7.9186 3.47168 7.85488 3.58496L2.99478 12.2251C2.93229 12.3362 3.01257 12.4735 3.14004 12.4735H12.8602C12.9877 12.4735 13.068 12.3362 13.0055 12.2251L8.14541 3.58496Z\" \/>\n\t\t\t\t\t<\/svg>\n\t\t\t\t<\/span>\n\t\t\t\t<span data-wp-text=\"state.errorMessage\" id=\"g4928-siteweb-text-error-message\"><\/span>\n\t\t\t<\/div> \n\t<\/div>\n\n<div style=\"\"  data-wp-interactive=\"jetpack\/form\" data-wp-context='{\"fieldId\":\"g4928-message\",\"fieldType\":\"textarea\",\"fieldLabel\":\"Message\",\"fieldValue\":\"\",\"fieldPlaceholder\":\"\",\"fieldIsRequired\":\"\",\"fieldErrorMessage\":\"\",\"fieldExtra\":[],\"formHash\":\"b7395a9bc1cf2c52df9054711732b7875f8c0aa3\"}'  class='grunion-field-textarea-wrap grunion-field-wrap'  data-wp-init='callbacks.initializeField' data-wp-on--jetpack-form-reset='callbacks.initializeField' >\n<label\n\t\t\t\tfor='contact-form-comment-g4928-message' class=\"grunion-field-label textarea\" >Message<\/label>\n<textarea\n\t\t                style=''\n\t\t                name='g4928-message'\n\t\t                id='contact-form-comment-g4928-message'\n\t\t                rows='20'\n\t\t\t\t\t\tdata-wp-text='state.getFieldValue'\n\t\t\t\t\t\tdata-wp-on--input='actions.onFieldChange'\n\t\t\t\t\t\tdata-wp-on--blur='actions.onFieldBlur'\n\t\t\t\t\t\tdata-wp-class--has-value='state.hasFieldValue'\n\t\t\t\t\t\taria-describedby='g4928-message-textarea-error-message'\n\t\t\t\t\t\tdata-wp-bind--aria-invalid='state.fieldAriaInvalid'\n\t\t\t\t\t\tclass='textarea  grunion-field'  ><\/textarea>\n \n\t\t\t<div id=\"g4928-message-textarea-error\" class=\"contact-form__input-error\" data-wp-class--has-errors=\"state.fieldHasErrors\">\n\t\t\t\t<span class=\"contact-form__warning-icon\" aria-hidden=\"true\">\n\t\t\t\t\t<svg width=\"16\" height=\"16\" viewBox=\"0 0 16 16\" fill=\"none\" xmlns=\"http:\/\/www.w3.org\/2000\/svg\">\n\t\t\t\t\t\t<path d=\"M8.50015 11.6402H7.50015V10.6402H8.50015V11.6402Z\" \/>\n\t\t\t\t\t\t<path d=\"M7.50015 9.64018H8.50015V6.30684H7.50015V9.64018Z\" \/>\n\t\t\t\t\t\t<path fill-rule=\"evenodd\" clip-rule=\"evenodd\" d=\"M6.98331 3.0947C7.42933 2.30177 8.57096 2.30177 9.01698 3.09469L13.8771 11.7349C14.3145 12.5126 13.7525 13.4735 12.8602 13.4735H3.14004C2.24774 13.4735 1.68575 12.5126 2.12321 11.7349L6.98331 3.0947ZM8.14541 3.58496C8.08169 3.47168 7.9186 3.47168 7.85488 3.58496L2.99478 12.2251C2.93229 12.3362 3.01257 12.4735 3.14004 12.4735H12.8602C12.9877 12.4735 13.068 12.3362 13.0055 12.2251L8.14541 3.58496Z\" \/>\n\t\t\t\t\t<\/svg>\n\t\t\t\t<\/span>\n\t\t\t\t<span data-wp-text=\"state.errorMessage\" id=\"g4928-message-textarea-error-message\"><\/span>\n\t\t\t<\/div>\n\t<\/div>\n\t<p class='contact-submit'>\n<div class=\"contact-form__error\" data-wp-class--show-errors=\"state.showFormErrors\"><span class=\"contact-form__warning-icon\" aria-hidden=\"true\"><i><\/i><\/span><span class=\"contact-form__error-message\" tabindex=\"-1\" data-wp-watch=\"callbacks.focusOnValidationError\" data-wp-text=\"state.getFormErrorMessage\"><\/span><ul aria-label=\"Erreurs de formulaire\">\n\t\t\t\t<template data-wp-each=\"state.getErrorList\" data-wp-key=\"context.item.id\">\n\t\t\t\t\t<li><a data-wp-bind--href=\"context.item.anchor\" data-wp-on--click=\"actions.scrollIntoView\" data-wp-text=\"context.item.label\"><\/a><\/li>\n\t\t\t\t<\/template>\n\t\t\t\t<\/ul><\/div><div class=\"contact-form__error\" data-wp-class--show-errors=\"state.showSubmissionError\" data-wp-text=\"context.submissionError\" tabindex=\"-1\" data-wp-watch=\"callbacks.focusOnSubmissionError\"><\/div>\t\t<button type='submit' class='pushbutton-wide'>Envoyer<\/button>\t\t<input type='hidden' name='contact-form-id' value='4928' \/>\n\t\t<input type='hidden' name='action' value='grunion-contact-form' \/>\n\t\t<input type='hidden' name='contact-form-hash' value='b7395a9bc1cf2c52df9054711732b7875f8c0aa3' \/>\n\t<\/p>\n<\/form>\n<\/div>. R\u00e9ponse en quelques heures garantie !<\/p>\n","protected":false},"excerpt":{"rendered":"<p>La d\u00e9co, c&rsquo;est tr\u00e8s perso. Peur de vous tromper ? Offrez un bon cadeau !\ud83d\udca1\ud83c\udf81 Le bon d&rsquo;achat peut vous \u00eatre envoy\u00e9 par mail ou envoy\u00e9 par courrier \u00e0 l&rsquo;heureu.se.x destinataire. Pr\u00e9cisez le au moment de valider votre panier \ud83d\ude42 Le bon d&rsquo;achat g\u00e9n\u00e9r\u00e9 est valable sur tout lampda.fr pendant 1 an. Si vous souhaitez [&hellip;]<\/p>\n","protected":false},"featured_media":0,"template":"","meta":{"_monsterinsights_skip_tracking":false,"_monsterinsights_sitenote_active":false,"_monsterinsights_sitenote_note":"","_monsterinsights_sitenote_category":0,"_uf_show_specific_survey":0,"_uf_disable_surveys":false,"jetpack_post_was_ever_published":false,"jetpack_publicize_message":"","jetpack_publicize_feature_enabled":true,"jetpack_social_post_already_shared":true,"jetpack_social_options":{"image_generator_settings":{"template":"highway","default_image_id":0,"font":"","enabled":false},"version":2}},"product_brand":[],"product_cat":[17,39,241],"product_tag":[242,243],"class_list":{"0":"post-4928","1":"product","2":"type-product","3":"status-publish","5":"product_cat-non-classe","6":"product_cat-toutes-les-lampes","7":"product_cat-bons-cadeaux","8":"product_tag-cadeau","9":"product_tag-bon-cadeau","11":"first","12":"instock","13":"shipping-taxable","14":"purchasable","15":"product-type-simple"},"jetpack_publicize_connections":[],"jetpack_sharing_enabled":true,"jetpack-related-posts":[{"id":4930,"url":"https:\/\/lampda.fr\/index.php\/produit\/bon-dachat-de-100e\/","url_meta":{"origin":4928,"position":0},"title":"Bon cadeau de 100\u20ac","author":"Monsieur Lampda","date":"24 octobre 2021","format":false,"excerpt":"La d\u00e9co, c'est tr\u00e8s perso. Peur de vous tromper ? Offrez un bon cadeau ! \ud83d\udca1\ud83c\udf81 Le bon d'achat peut vous \u00eatre envoy\u00e9 par mail ou envoy\u00e9 par courrier \u00e0 l'heureu.se.x destinataire. Pr\u00e9cisez le au moment de valider votre panier \ud83d\ude42 Le bon d'achat g\u00e9n\u00e9r\u00e9 est valable sur tout lampda.fr\u2026","rel":"","context":"Article similaire","block_context":{"text":"Article similaire","link":""},"img":{"alt_text":"","src":"","width":0,"height":0},"classes":[]},{"id":4931,"url":"https:\/\/lampda.fr\/index.php\/produit\/bon-dachat-de-150e\/","url_meta":{"origin":4928,"position":1},"title":"Bon cadeau de 150\u20ac","author":"Monsieur Lampda","date":"24 octobre 2021","format":false,"excerpt":"La d\u00e9co, c'est tr\u00e8s perso. Peur de vous tromper ? Offrez un bon cadeau !\ud83d\udca1\ud83c\udf81 Le bon d'achat peut vous \u00eatre envoy\u00e9 par mail ou envoy\u00e9 par courrier \u00e0 l'heureu.se.x destinataire. Pr\u00e9cisez le au moment de valider votre panier \ud83d\ude42 Le bon d'achat g\u00e9n\u00e9r\u00e9 est valable sur tout lampda.fr pendant\u2026","rel":"","context":"Article similaire","block_context":{"text":"Article similaire","link":""},"img":{"alt_text":"","src":"","width":0,"height":0},"classes":[]},{"id":4932,"url":"https:\/\/lampda.fr\/index.php\/produit\/bon-dachat-de-200e\/","url_meta":{"origin":4928,"position":2},"title":"Bon cadeau de 200\u20ac","author":"Monsieur Lampda","date":"24 octobre 2021","format":false,"excerpt":"La d\u00e9co, c'est tr\u00e8s perso. Peur de vous tromper ? Offrez un bon cadeau !\ud83d\udca1\ud83c\udf81 Le bon d'achat peut vous \u00eatre envoy\u00e9 par mail ou envoy\u00e9 par courrier \u00e0 l'heureu.se.x destinataire. Pr\u00e9cisez le au moment de valider votre panier \ud83d\ude42 Le bon d'achat g\u00e9n\u00e9r\u00e9 est valable sur tout lampda.fr pendant\u2026","rel":"","context":"Article similaire","block_context":{"text":"Article similaire","link":""},"img":{"alt_text":"","src":"","width":0,"height":0},"classes":[]},{"id":11569,"url":"https:\/\/lampda.fr\/index.php\/produit\/lampe-vintage-appareil-photo-kodak-brownie-flash-3\/","url_meta":{"origin":4928,"position":3},"title":"Lampe vintage appareil photo Kodak Brownie Flash","author":"Monsieur Lampda","date":"28 novembre 2025","format":false,"excerpt":"Lampe appareil photo vintage Kodak Brownie Flash, un classique chez LAMPDA \ud83d\ude09 Cet appareil photo \u00e9tait le cadeau que de nombreux communiants ont re\u00e7u dans les ann\u00e9es 60. Cette lampe de table est cr\u00e9\u00e9e \u00e0 partir d\u2019un appareil photo Kodak Brownie Flash des ann\u00e9es 60. Il est reconverti avec un\u2026","rel":"","context":"Article similaire","block_context":{"text":"Article similaire","link":""},"img":{"alt_text":"LAMPDA","src":"https:\/\/i0.wp.com\/lampda.fr\/wp-content\/uploads\/2022\/12\/ANT_1056.jpg?fit=1200%2C1190&ssl=1&resize=350%2C200","width":350,"height":200,"srcset":"https:\/\/i0.wp.com\/lampda.fr\/wp-content\/uploads\/2022\/12\/ANT_1056.jpg?fit=1200%2C1190&ssl=1&resize=350%2C200 1x, https:\/\/i0.wp.com\/lampda.fr\/wp-content\/uploads\/2022\/12\/ANT_1056.jpg?fit=1200%2C1190&ssl=1&resize=525%2C300 1.5x, https:\/\/i0.wp.com\/lampda.fr\/wp-content\/uploads\/2022\/12\/ANT_1056.jpg?fit=1200%2C1190&ssl=1&resize=700%2C400 2x, https:\/\/i0.wp.com\/lampda.fr\/wp-content\/uploads\/2022\/12\/ANT_1056.jpg?fit=1200%2C1190&ssl=1&resize=1050%2C600 3x"},"classes":[]},{"id":5125,"url":"https:\/\/lampda.fr\/index.php\/produit\/lampe-projecteur-super-8-missouri\/","url_meta":{"origin":4928,"position":4},"title":"Lampe Projecteur Super 8 MISSOURI","author":"Monsieur Lampda","date":"28 novembre 2021","format":false,"excerpt":"Lampe vintage \/ industrielle Projecteur MISSOURI des ann\u00e9es 60 Un vrai voyage industriel aux USA \ud83d\udc99 On dirait la carosserie d'une belle Cadillac Cr\u00e9ation unique, sign\u00e9e, assembl\u00e9e \u00e0 la main et artisanalement en France, issue d'objets recycl\u00e9s. Cette lampe est cr\u00e9\u00e9e \u00e0 partir d'un projecteur super 8 des ann\u00e9es 50.\u2026","rel":"","context":"Article similaire","block_context":{"text":"Article similaire","link":""},"img":{"alt_text":"LAMPDA","src":"https:\/\/i0.wp.com\/lampda.fr\/wp-content\/uploads\/2021\/11\/ANT_2207-1.jpg?fit=1200%2C1191&ssl=1&resize=350%2C200","width":350,"height":200,"srcset":"https:\/\/i0.wp.com\/lampda.fr\/wp-content\/uploads\/2021\/11\/ANT_2207-1.jpg?fit=1200%2C1191&ssl=1&resize=350%2C200 1x, https:\/\/i0.wp.com\/lampda.fr\/wp-content\/uploads\/2021\/11\/ANT_2207-1.jpg?fit=1200%2C1191&ssl=1&resize=525%2C300 1.5x, https:\/\/i0.wp.com\/lampda.fr\/wp-content\/uploads\/2021\/11\/ANT_2207-1.jpg?fit=1200%2C1191&ssl=1&resize=700%2C400 2x, https:\/\/i0.wp.com\/lampda.fr\/wp-content\/uploads\/2021\/11\/ANT_2207-1.jpg?fit=1200%2C1191&ssl=1&resize=1050%2C600 3x"},"classes":[]},{"id":2981,"url":"https:\/\/lampda.fr\/index.php\/produit\/lampe-vintage-camera-pathe\/","url_meta":{"origin":4928,"position":5},"title":"Lampe vintage cam\u00e9ra Path\u00e9","author":"Monsieur Lampda","date":"13 mai 2020","format":false,"excerpt":"Lampe appareil photo cam\u00e9ra Path\u00e9. Cette lampe est cr\u00e9\u00e9e \u00e0 partir d'une cam\u00e9ra Path\u00e9 des ann\u00e9es 60. Elle est reconvertie avec un cordon finition textile noir. La douille E27 est en acier zingu\u00e9. Toutes les pi\u00e8ces \u00e9lectriques sont neuves, homologu\u00e9es CE et NF. Cette cr\u00e9ation apportera une touche unique \u00e0\u2026","rel":"","context":"Article similaire","block_context":{"text":"Article similaire","link":""},"img":{"alt_text":"","src":"https:\/\/i0.wp.com\/lampda.fr\/wp-content\/uploads\/2020\/10\/ANT_1621.jpg?fit=1200%2C1162&ssl=1&resize=350%2C200","width":350,"height":200,"srcset":"https:\/\/i0.wp.com\/lampda.fr\/wp-content\/uploads\/2020\/10\/ANT_1621.jpg?fit=1200%2C1162&ssl=1&resize=350%2C200 1x, https:\/\/i0.wp.com\/lampda.fr\/wp-content\/uploads\/2020\/10\/ANT_1621.jpg?fit=1200%2C1162&ssl=1&resize=525%2C300 1.5x, https:\/\/i0.wp.com\/lampda.fr\/wp-content\/uploads\/2020\/10\/ANT_1621.jpg?fit=1200%2C1162&ssl=1&resize=700%2C400 2x, https:\/\/i0.wp.com\/lampda.fr\/wp-content\/uploads\/2020\/10\/ANT_1621.jpg?fit=1200%2C1162&ssl=1&resize=1050%2C600 3x"},"classes":[]}],"_links":{"self":[{"href":"https:\/\/lampda.fr\/index.php\/wp-json\/wp\/v2\/product\/4928","targetHints":{"allow":["GET"]}}],"collection":[{"href":"https:\/\/lampda.fr\/index.php\/wp-json\/wp\/v2\/product"}],"about":[{"href":"https:\/\/lampda.fr\/index.php\/wp-json\/wp\/v2\/types\/product"}],"wp:attachment":[{"href":"https:\/\/lampda.fr\/index.php\/wp-json\/wp\/v2\/media?parent=4928"}],"wp:term":[{"taxonomy":"product_brand","embeddable":true,"href":"https:\/\/lampda.fr\/index.php\/wp-json\/wp\/v2\/product_brand?post=4928"},{"taxonomy":"product_cat","embeddable":true,"href":"https:\/\/lampda.fr\/index.php\/wp-json\/wp\/v2\/product_cat?post=4928"},{"taxonomy":"product_tag","embeddable":true,"href":"https:\/\/lampda.fr\/index.php\/wp-json\/wp\/v2\/product_tag?post=4928"}],"curies":[{"name":"wp","href":"https:\/\/api.w.org\/{rel}","templated":true}]}}